{"id":14171,"date":"2025-12-02T16:07:37","date_gmt":"2025-12-02T16:07:37","guid":{"rendered":"https:\/\/www.biocult.ro\/?post_type=product&#038;p=14171"},"modified":"2026-02-21T15:18:58","modified_gmt":"2026-02-21T15:18:58","slug":"vitamine-lipozomale","status":"publish","type":"product","link":"https:\/\/www.biocult.ro\/en\/product\/vitamine-lipozomale\/","title":{"rendered":"Vitamine lipozomale"},"content":{"rendered":"","protected":false},"excerpt":{"rendered":"<p><b>Liposovit\u00ae<\/b><span style=\"font-weight: 400;\"> este o gam\u0103 de <\/span><b>vitamine lipozomale sub form\u0103 de pulbere sau granule<\/b><span style=\"font-weight: 400;\">, dezvoltat\u0103 pentru a asigura <\/span><b>absorb\u021bie superioar\u0103, stabilitate crescut\u0103 \u0219i protec\u021bia ingredientelor active<\/b><span style=\"font-weight: 400;\"> fa\u021b\u0103 de factorii de degradare. Tehnologia lipozomal\u0103 utilizat\u0103 permite transportul eficient al vitaminelor c\u0103tre celule, comparativ cu formele conven\u021bionale.<\/span><\/p>\n<p><span style=\"font-weight: 400;\">Gama <\/span><b>Liposovit\u00ae<\/b><span style=\"font-weight: 400;\"> este destinat\u0103 produc\u0103torilor de <\/span><b>suplimente alimentare \u0219i produse func\u021bionale<\/b><span style=\"font-weight: 400;\">, care urm\u0103resc formul\u0103ri performante, sigure \u0219i diferen\u021biate.<\/span><\/p>\n<p><b>Portofoliu Liposovit\u00ae<\/b><\/p>\n<p><span style=\"font-weight: 400;\">Gama <\/span><b>Liposovit\u00ae<\/b><span style=\"font-weight: 400;\"> include urm\u0103toarele produse (men\u021bionate integral):<\/span><\/p>\n<ul>\n<li style=\"font-weight: 400;\" aria-level=\"1\"><b>Liposovit\u00ae \u2013 K2<\/b><\/li>\n<li style=\"font-weight: 400;\" aria-level=\"1\"><b>Liposovit\u00ae \u2013 D3 Vegan<\/b><\/li>\n<li style=\"font-weight: 400;\" aria-level=\"1\"><b>Liposovit\u00ae \u2013 D3<\/b><\/li>\n<li style=\"font-weight: 400;\" aria-level=\"1\"><b>Liposovit\u00ae \u2013 C<\/b><\/li>\n<li style=\"font-weight: 400;\" aria-level=\"1\"><b>Liposovit\u00ae \u2013 C DIRECT<\/b><\/li>\n<li style=\"font-weight: 400;\" aria-level=\"1\"><b>Liposovit\u00ae \u2013 B12<\/b><\/li>\n<\/ul>","protected":false},"featured_media":16139,"template":"","meta":[],"product_brand":[],"product_cat":[238,240],"product_tag":[],"class_list":{"0":"post-14171","1":"product","2":"type-product","3":"status-publish","4":"has-post-thumbnail","6":"product_cat-ingrediente-functionale","7":"product_cat-vitamine-lipozomale","9":"first","10":"instock","11":"shipping-taxable","12":"product-type-simple"},"yoast_head":"<!-- This site is optimized with the Yoast SEO plugin v27.4 - https:\/\/yoast.com\/product\/yoast-seo-wordpress\/ -->\n<title>Vitamine lipozomale - Biocult<\/title>\n<meta name=\"robots\" content=\"index, follow, max-snippet:-1, max-image-preview:large, max-video-preview:-1\" \/>\n<link rel=\"canonical\" href=\"https:\/\/www.biocult.ro\/en\/product\/vitamine-lipozomale\/\" \/>\n<meta property=\"og:locale\" content=\"en_US\" \/>\n<meta property=\"og:type\" content=\"article\" \/>\n<meta property=\"og:title\" content=\"Vitamine lipozomale - Biocult\" \/>\n<meta property=\"og:description\" content=\"Liposovit\u00ae este o gam\u0103 de vitamine lipozomale sub form\u0103 de pulbere sau granule, dezvoltat\u0103 pentru a asigura absorb\u021bie superioar\u0103, stabilitate crescut\u0103 \u0219i protec\u021bia ingredientelor active fa\u021b\u0103 de factorii de degradare. Tehnologia lipozomal\u0103 utilizat\u0103 permite transportul eficient al vitaminelor c\u0103tre celule, comparativ cu formele conven\u021bionale.  Gama Liposovit\u00ae este destinat\u0103 produc\u0103torilor de suplimente alimentare \u0219i produse func\u021bionale, care urm\u0103resc formul\u0103ri performante, sigure \u0219i diferen\u021biate.  Portofoliu Liposovit\u00ae  Gama Liposovit\u00ae include urm\u0103toarele produse (men\u021bionate integral):   Liposovit\u00ae \u2013 K2  Liposovit\u00ae \u2013 D3 Vegan  Liposovit\u00ae \u2013 D3  Liposovit\u00ae \u2013 C  Liposovit\u00ae \u2013 C DIRECT  Liposovit\u00ae \u2013 B12\" \/>\n<meta property=\"og:url\" content=\"https:\/\/www.biocult.ro\/en\/product\/vitamine-lipozomale\/\" \/>\n<meta property=\"og:site_name\" content=\"Biocult\" \/>\n<meta property=\"article:modified_time\" content=\"2026-02-21T15:18:58+00:00\" \/>\n<meta property=\"og:image\" content=\"https:\/\/www.biocult.ro\/wp-content\/uploads\/2026\/02\/Vitamine_lipozomale.jpg\" \/>\n\t<meta property=\"og:image:width\" content=\"499\" \/>\n\t<meta property=\"og:image:height\" content=\"387\" \/>\n\t<meta property=\"og:image:type\" content=\"image\/jpeg\" \/>\n<meta name=\"twitter:card\" content=\"summary_large_image\" \/>\n<script type=\"application\/ld+json\" class=\"yoast-schema-graph\">{\"@context\":\"https:\\\/\\\/schema.org\",\"@graph\":[{\"@type\":\"WebPage\",\"@id\":\"https:\\\/\\\/www.biocult.ro\\\/product\\\/vitamine-lipozomale\\\/\",\"url\":\"https:\\\/\\\/www.biocult.ro\\\/product\\\/vitamine-lipozomale\\\/\",\"name\":\"Vitamine lipozomale - Biocult\",\"isPartOf\":{\"@id\":\"https:\\\/\\\/www.biocult.ro\\\/#website\"},\"primaryImageOfPage\":{\"@id\":\"https:\\\/\\\/www.biocult.ro\\\/product\\\/vitamine-lipozomale\\\/#primaryimage\"},\"image\":{\"@id\":\"https:\\\/\\\/www.biocult.ro\\\/product\\\/vitamine-lipozomale\\\/#primaryimage\"},\"thumbnailUrl\":\"https:\\\/\\\/www.biocult.ro\\\/wp-content\\\/uploads\\\/2026\\\/02\\\/Vitamine_lipozomale.jpg\",\"datePublished\":\"2025-12-02T16:07:37+00:00\",\"dateModified\":\"2026-02-21T15:18:58+00:00\",\"breadcrumb\":{\"@id\":\"https:\\\/\\\/www.biocult.ro\\\/product\\\/vitamine-lipozomale\\\/#breadcrumb\"},\"inLanguage\":\"en-US\",\"potentialAction\":[{\"@type\":\"ReadAction\",\"target\":[\"https:\\\/\\\/www.biocult.ro\\\/product\\\/vitamine-lipozomale\\\/\"]}]},{\"@type\":\"ImageObject\",\"inLanguage\":\"en-US\",\"@id\":\"https:\\\/\\\/www.biocult.ro\\\/product\\\/vitamine-lipozomale\\\/#primaryimage\",\"url\":\"https:\\\/\\\/www.biocult.ro\\\/wp-content\\\/uploads\\\/2026\\\/02\\\/Vitamine_lipozomale.jpg\",\"contentUrl\":\"https:\\\/\\\/www.biocult.ro\\\/wp-content\\\/uploads\\\/2026\\\/02\\\/Vitamine_lipozomale.jpg\",\"width\":499,\"height\":387},{\"@type\":\"BreadcrumbList\",\"@id\":\"https:\\\/\\\/www.biocult.ro\\\/product\\\/vitamine-lipozomale\\\/#breadcrumb\",\"itemListElement\":[{\"@type\":\"ListItem\",\"position\":1,\"name\":\"Home\",\"item\":\"https:\\\/\\\/www.biocult.ro\\\/\"},{\"@type\":\"ListItem\",\"position\":2,\"name\":\"Produse\",\"item\":\"https:\\\/\\\/www.biocult.ro\\\/produse\\\/\"},{\"@type\":\"ListItem\",\"position\":3,\"name\":\"Vitamine lipozomale\"}]},{\"@type\":\"WebSite\",\"@id\":\"https:\\\/\\\/www.biocult.ro\\\/#website\",\"url\":\"https:\\\/\\\/www.biocult.ro\\\/\",\"name\":\"Biocult\",\"description\":\"Biosolutii pentru alimente si sanatate\",\"publisher\":{\"@id\":\"https:\\\/\\\/www.biocult.ro\\\/#organization\"},\"potentialAction\":[{\"@type\":\"SearchAction\",\"target\":{\"@type\":\"EntryPoint\",\"urlTemplate\":\"https:\\\/\\\/www.biocult.ro\\\/?s={search_term_string}\"},\"query-input\":{\"@type\":\"PropertyValueSpecification\",\"valueRequired\":true,\"valueName\":\"search_term_string\"}}],\"inLanguage\":\"en-US\"},{\"@type\":\"Organization\",\"@id\":\"https:\\\/\\\/www.biocult.ro\\\/#organization\",\"name\":\"Biocult\",\"url\":\"https:\\\/\\\/www.biocult.ro\\\/\",\"logo\":{\"@type\":\"ImageObject\",\"inLanguage\":\"en-US\",\"@id\":\"https:\\\/\\\/www.biocult.ro\\\/#\\\/schema\\\/logo\\\/image\\\/\",\"url\":\"https:\\\/\\\/www.biocult.ro\\\/wp-content\\\/uploads\\\/2025\\\/10\\\/Logo-biocult-ro_Biocult-ro-1.svg\",\"contentUrl\":\"https:\\\/\\\/www.biocult.ro\\\/wp-content\\\/uploads\\\/2025\\\/10\\\/Logo-biocult-ro_Biocult-ro-1.svg\",\"width\":850,\"height\":269,\"caption\":\"Biocult\"},\"image\":{\"@id\":\"https:\\\/\\\/www.biocult.ro\\\/#\\\/schema\\\/logo\\\/image\\\/\"},\"sameAs\":[\"https:\\\/\\\/www.linkedin.com\\\/company\\\/biocult-srl\\\/\"]}]}<\/script>\n<!-- \/ Yoast SEO plugin. -->","yoast_head_json":{"title":"Vitamine lipozomale - Biocult","robots":{"index":"index","follow":"follow","max-snippet":"max-snippet:-1","max-image-preview":"max-image-preview:large","max-video-preview":"max-video-preview:-1"},"canonical":"https:\/\/www.biocult.ro\/en\/product\/vitamine-lipozomale\/","og_locale":"en_US","og_type":"article","og_title":"Vitamine lipozomale - Biocult","og_description":"Liposovit\u00ae este o gam\u0103 de vitamine lipozomale sub form\u0103 de pulbere sau granule, dezvoltat\u0103 pentru a asigura absorb\u021bie superioar\u0103, stabilitate crescut\u0103 \u0219i protec\u021bia ingredientelor active fa\u021b\u0103 de factorii de degradare. Tehnologia lipozomal\u0103 utilizat\u0103 permite transportul eficient al vitaminelor c\u0103tre celule, comparativ cu formele conven\u021bionale.  Gama Liposovit\u00ae este destinat\u0103 produc\u0103torilor de suplimente alimentare \u0219i produse func\u021bionale, care urm\u0103resc formul\u0103ri performante, sigure \u0219i diferen\u021biate.  Portofoliu Liposovit\u00ae  Gama Liposovit\u00ae include urm\u0103toarele produse (men\u021bionate integral):   Liposovit\u00ae \u2013 K2  Liposovit\u00ae \u2013 D3 Vegan  Liposovit\u00ae \u2013 D3  Liposovit\u00ae \u2013 C  Liposovit\u00ae \u2013 C DIRECT  Liposovit\u00ae \u2013 B12","og_url":"https:\/\/www.biocult.ro\/en\/product\/vitamine-lipozomale\/","og_site_name":"Biocult","article_modified_time":"2026-02-21T15:18:58+00:00","og_image":[{"width":499,"height":387,"url":"https:\/\/www.biocult.ro\/wp-content\/uploads\/2026\/02\/Vitamine_lipozomale.jpg","type":"image\/jpeg"}],"twitter_card":"summary_large_image","schema":{"@context":"https:\/\/schema.org","@graph":[{"@type":"WebPage","@id":"https:\/\/www.biocult.ro\/product\/vitamine-lipozomale\/","url":"https:\/\/www.biocult.ro\/product\/vitamine-lipozomale\/","name":"Vitamine lipozomale - Biocult","isPartOf":{"@id":"https:\/\/www.biocult.ro\/#website"},"primaryImageOfPage":{"@id":"https:\/\/www.biocult.ro\/product\/vitamine-lipozomale\/#primaryimage"},"image":{"@id":"https:\/\/www.biocult.ro\/product\/vitamine-lipozomale\/#primaryimage"},"thumbnailUrl":"https:\/\/www.biocult.ro\/wp-content\/uploads\/2026\/02\/Vitamine_lipozomale.jpg","datePublished":"2025-12-02T16:07:37+00:00","dateModified":"2026-02-21T15:18:58+00:00","breadcrumb":{"@id":"https:\/\/www.biocult.ro\/product\/vitamine-lipozomale\/#breadcrumb"},"inLanguage":"en-US","potentialAction":[{"@type":"ReadAction","target":["https:\/\/www.biocult.ro\/product\/vitamine-lipozomale\/"]}]},{"@type":"ImageObject","inLanguage":"en-US","@id":"https:\/\/www.biocult.ro\/product\/vitamine-lipozomale\/#primaryimage","url":"https:\/\/www.biocult.ro\/wp-content\/uploads\/2026\/02\/Vitamine_lipozomale.jpg","contentUrl":"https:\/\/www.biocult.ro\/wp-content\/uploads\/2026\/02\/Vitamine_lipozomale.jpg","width":499,"height":387},{"@type":"BreadcrumbList","@id":"https:\/\/www.biocult.ro\/product\/vitamine-lipozomale\/#breadcrumb","itemListElement":[{"@type":"ListItem","position":1,"name":"Home","item":"https:\/\/www.biocult.ro\/"},{"@type":"ListItem","position":2,"name":"Produse","item":"https:\/\/www.biocult.ro\/produse\/"},{"@type":"ListItem","position":3,"name":"Vitamine lipozomale"}]},{"@type":"WebSite","@id":"https:\/\/www.biocult.ro\/#website","url":"https:\/\/www.biocult.ro\/","name":"Biocult","description":"Biosolutions for food and health","publisher":{"@id":"https:\/\/www.biocult.ro\/#organization"},"potentialAction":[{"@type":"SearchAction","target":{"@type":"EntryPoint","urlTemplate":"https:\/\/www.biocult.ro\/?s={search_term_string}"},"query-input":{"@type":"PropertyValueSpecification","valueRequired":true,"valueName":"search_term_string"}}],"inLanguage":"en-US"},{"@type":"Organization","@id":"https:\/\/www.biocult.ro\/#organization","name":"Biocult","url":"https:\/\/www.biocult.ro\/","logo":{"@type":"ImageObject","inLanguage":"en-US","@id":"https:\/\/www.biocult.ro\/#\/schema\/logo\/image\/","url":"https:\/\/www.biocult.ro\/wp-content\/uploads\/2025\/10\/Logo-biocult-ro_Biocult-ro-1.svg","contentUrl":"https:\/\/www.biocult.ro\/wp-content\/uploads\/2025\/10\/Logo-biocult-ro_Biocult-ro-1.svg","width":850,"height":269,"caption":"Biocult"},"image":{"@id":"https:\/\/www.biocult.ro\/#\/schema\/logo\/image\/"},"sameAs":["https:\/\/www.linkedin.com\/company\/biocult-srl\/"]}]}},"_links":{"self":[{"href":"https:\/\/www.biocult.ro\/en\/wp-json\/wp\/v2\/product\/14171","targetHints":{"allow":["GET"]}}],"collection":[{"href":"https:\/\/www.biocult.ro\/en\/wp-json\/wp\/v2\/product"}],"about":[{"href":"https:\/\/www.biocult.ro\/en\/wp-json\/wp\/v2\/types\/product"}],"version-history":[{"count":2,"href":"https:\/\/www.biocult.ro\/en\/wp-json\/wp\/v2\/product\/14171\/revisions"}],"predecessor-version":[{"id":15972,"href":"https:\/\/www.biocult.ro\/en\/wp-json\/wp\/v2\/product\/14171\/revisions\/15972"}],"wp:featuredmedia":[{"embeddable":true,"href":"https:\/\/www.biocult.ro\/en\/wp-json\/wp\/v2\/media\/16139"}],"wp:attachment":[{"href":"https:\/\/www.biocult.ro\/en\/wp-json\/wp\/v2\/media?parent=14171"}],"wp:term":[{"taxonomy":"product_brand","embeddable":true,"href":"https:\/\/www.biocult.ro\/en\/wp-json\/wp\/v2\/product_brand?post=14171"},{"taxonomy":"product_cat","embeddable":true,"href":"https:\/\/www.biocult.ro\/en\/wp-json\/wp\/v2\/product_cat?post=14171"},{"taxonomy":"product_tag","embeddable":true,"href":"https:\/\/www.biocult.ro\/en\/wp-json\/wp\/v2\/product_tag?post=14171"}],"curies":[{"name":"wp","href":"https:\/\/api.w.org\/{rel}","templated":true}]}}