{"id":14232,"date":"2025-12-03T06:57:46","date_gmt":"2025-12-03T06:57:46","guid":{"rendered":"https:\/\/www.biocult.ro\/?post_type=product&#038;p=14232"},"modified":"2026-02-21T15:00:56","modified_gmt":"2026-02-21T15:00:56","slug":"minerale-lipozomale","status":"publish","type":"product","link":"https:\/\/www.biocult.ro\/en\/product\/minerale-lipozomale\/","title":{"rendered":"Minerale Lipozomale"},"content":{"rendered":"","protected":false},"excerpt":{"rendered":"<p><b>Liposovit\u00ae<\/b><span style=\"font-weight: 400;\"> este o gam\u0103 de <\/span><b>minerale lipozomale<\/b><span style=\"font-weight: 400;\">, dezvoltat\u0103 pentru a asigura <\/span><b>absorb\u021bie superioar\u0103, toleran\u021b\u0103 digestiv\u0103 \u00eembun\u0103t\u0103\u021bit\u0103 \u0219i stabilitate ridicat\u0103<\/b><span style=\"font-weight: 400;\"> \u00een aplica\u021bii nutri\u021bionale. Tehnologia lipozomal\u0103 permite protejarea mineralelor sensibile \u0219i transportul eficient al acestora prin tractul digestiv, comparativ cu formele minerale conven\u021bionale.<\/span><\/p>\n<p><span style=\"font-weight: 400;\">Gama este destinat\u0103 produc\u0103torilor de <\/span><b>suplimente alimentare \u0219i produse func\u021bionale premium<\/b><span style=\"font-weight: 400;\">, care urm\u0103resc performan\u021b\u0103, siguran\u021b\u0103 \u0219i diferen\u021biere tehnologic\u0103.<\/span><\/p>\n<p><b>Portofoliu Liposovit\u00ae \u2013 Minerale<\/b><\/p>\n<p><span style=\"font-weight: 400;\">Gama <\/span><b>Liposovit\u00ae \u2013 Minerale lipozomale<\/b><span style=\"font-weight: 400;\"> include <\/span><b>integral<\/b><span style=\"font-weight: 400;\"> urm\u0103toarele produse:<\/span><\/p>\n<ul>\n<li style=\"font-weight: 400;\" aria-level=\"1\"><b>Liposovit\u00ae \u2013 Zn<\/b><\/li>\n<li style=\"font-weight: 400;\" aria-level=\"1\"><b>Liposovit\u00ae \u2013 Mg DIRECT<\/b><\/li>\n<li style=\"font-weight: 400;\" aria-level=\"1\"><b>Liposovit\u00ae \u2013 Mg<\/b><\/li>\n<li style=\"font-weight: 400;\" aria-level=\"1\"><b>Liposovit\u00ae \u2013 Fe Taste+<\/b><\/li>\n<li style=\"font-weight: 400;\" aria-level=\"1\"><b>Liposovit\u00ae \u2013 Fe<\/b><\/li>\n<\/ul>","protected":false},"featured_media":16154,"template":"","meta":[],"product_brand":[],"product_cat":[238,241],"product_tag":[],"class_list":{"0":"post-14232","1":"product","2":"type-product","3":"status-publish","4":"has-post-thumbnail","6":"product_cat-ingrediente-functionale","7":"product_cat-minerale-lipozomale","9":"first","10":"instock","11":"shipping-taxable","12":"product-type-simple"},"yoast_head":"<!-- This site is optimized with the Yoast SEO plugin v27.4 - https:\/\/yoast.com\/product\/yoast-seo-wordpress\/ -->\n<title>Minerale Lipozomale - Biocult<\/title>\n<meta name=\"robots\" content=\"index, follow, max-snippet:-1, max-image-preview:large, max-video-preview:-1\" \/>\n<link rel=\"canonical\" href=\"https:\/\/www.biocult.ro\/en\/product\/minerale-lipozomale\/\" \/>\n<meta property=\"og:locale\" content=\"en_US\" \/>\n<meta property=\"og:type\" content=\"article\" \/>\n<meta property=\"og:title\" content=\"Minerale Lipozomale - Biocult\" \/>\n<meta property=\"og:description\" content=\"Liposovit\u00ae este o gam\u0103 de minerale lipozomale, dezvoltat\u0103 pentru a asigura absorb\u021bie superioar\u0103, toleran\u021b\u0103 digestiv\u0103 \u00eembun\u0103t\u0103\u021bit\u0103 \u0219i stabilitate ridicat\u0103 \u00een aplica\u021bii nutri\u021bionale. Tehnologia lipozomal\u0103 permite protejarea mineralelor sensibile \u0219i transportul eficient al acestora prin tractul digestiv, comparativ cu formele minerale conven\u021bionale.  Gama este destinat\u0103 produc\u0103torilor de suplimente alimentare \u0219i produse func\u021bionale premium, care urm\u0103resc performan\u021b\u0103, siguran\u021b\u0103 \u0219i diferen\u021biere tehnologic\u0103.  Portofoliu Liposovit\u00ae \u2013 Minerale  Gama Liposovit\u00ae \u2013 Minerale lipozomale include integral urm\u0103toarele produse:   Liposovit\u00ae \u2013 Zn  Liposovit\u00ae \u2013 Mg DIRECT  Liposovit\u00ae \u2013 Mg  Liposovit\u00ae \u2013 Fe Taste+  Liposovit\u00ae \u2013 Fe\" \/>\n<meta property=\"og:url\" content=\"https:\/\/www.biocult.ro\/en\/product\/minerale-lipozomale\/\" \/>\n<meta property=\"og:site_name\" content=\"Biocult\" \/>\n<meta property=\"article:modified_time\" content=\"2026-02-21T15:00:56+00:00\" \/>\n<meta property=\"og:image\" content=\"https:\/\/www.biocult.ro\/wp-content\/uploads\/2026\/02\/Minerale_Lipozomale.jpg\" \/>\n\t<meta property=\"og:image:width\" content=\"499\" \/>\n\t<meta property=\"og:image:height\" content=\"387\" \/>\n\t<meta property=\"og:image:type\" content=\"image\/jpeg\" \/>\n<meta name=\"twitter:card\" content=\"summary_large_image\" \/>\n<meta name=\"twitter:label1\" content=\"Est. reading time\" \/>\n\t<meta name=\"twitter:data1\" content=\"1 minute\" \/>\n<script type=\"application\/ld+json\" class=\"yoast-schema-graph\">{\"@context\":\"https:\\\/\\\/schema.org\",\"@graph\":[{\"@type\":\"WebPage\",\"@id\":\"https:\\\/\\\/www.biocult.ro\\\/product\\\/minerale-lipozomale\\\/\",\"url\":\"https:\\\/\\\/www.biocult.ro\\\/product\\\/minerale-lipozomale\\\/\",\"name\":\"Minerale Lipozomale - Biocult\",\"isPartOf\":{\"@id\":\"https:\\\/\\\/www.biocult.ro\\\/#website\"},\"primaryImageOfPage\":{\"@id\":\"https:\\\/\\\/www.biocult.ro\\\/product\\\/minerale-lipozomale\\\/#primaryimage\"},\"image\":{\"@id\":\"https:\\\/\\\/www.biocult.ro\\\/product\\\/minerale-lipozomale\\\/#primaryimage\"},\"thumbnailUrl\":\"https:\\\/\\\/www.biocult.ro\\\/wp-content\\\/uploads\\\/2026\\\/02\\\/Minerale_Lipozomale.jpg\",\"datePublished\":\"2025-12-03T06:57:46+00:00\",\"dateModified\":\"2026-02-21T15:00:56+00:00\",\"breadcrumb\":{\"@id\":\"https:\\\/\\\/www.biocult.ro\\\/product\\\/minerale-lipozomale\\\/#breadcrumb\"},\"inLanguage\":\"en-US\",\"potentialAction\":[{\"@type\":\"ReadAction\",\"target\":[\"https:\\\/\\\/www.biocult.ro\\\/product\\\/minerale-lipozomale\\\/\"]}]},{\"@type\":\"ImageObject\",\"inLanguage\":\"en-US\",\"@id\":\"https:\\\/\\\/www.biocult.ro\\\/product\\\/minerale-lipozomale\\\/#primaryimage\",\"url\":\"https:\\\/\\\/www.biocult.ro\\\/wp-content\\\/uploads\\\/2026\\\/02\\\/Minerale_Lipozomale.jpg\",\"contentUrl\":\"https:\\\/\\\/www.biocult.ro\\\/wp-content\\\/uploads\\\/2026\\\/02\\\/Minerale_Lipozomale.jpg\",\"width\":499,\"height\":387},{\"@type\":\"BreadcrumbList\",\"@id\":\"https:\\\/\\\/www.biocult.ro\\\/product\\\/minerale-lipozomale\\\/#breadcrumb\",\"itemListElement\":[{\"@type\":\"ListItem\",\"position\":1,\"name\":\"Home\",\"item\":\"https:\\\/\\\/www.biocult.ro\\\/\"},{\"@type\":\"ListItem\",\"position\":2,\"name\":\"Produse\",\"item\":\"https:\\\/\\\/www.biocult.ro\\\/produse\\\/\"},{\"@type\":\"ListItem\",\"position\":3,\"name\":\"Minerale Lipozomale\"}]},{\"@type\":\"WebSite\",\"@id\":\"https:\\\/\\\/www.biocult.ro\\\/#website\",\"url\":\"https:\\\/\\\/www.biocult.ro\\\/\",\"name\":\"Biocult\",\"description\":\"Biosolutii pentru alimente si sanatate\",\"publisher\":{\"@id\":\"https:\\\/\\\/www.biocult.ro\\\/#organization\"},\"potentialAction\":[{\"@type\":\"SearchAction\",\"target\":{\"@type\":\"EntryPoint\",\"urlTemplate\":\"https:\\\/\\\/www.biocult.ro\\\/?s={search_term_string}\"},\"query-input\":{\"@type\":\"PropertyValueSpecification\",\"valueRequired\":true,\"valueName\":\"search_term_string\"}}],\"inLanguage\":\"en-US\"},{\"@type\":\"Organization\",\"@id\":\"https:\\\/\\\/www.biocult.ro\\\/#organization\",\"name\":\"Biocult\",\"url\":\"https:\\\/\\\/www.biocult.ro\\\/\",\"logo\":{\"@type\":\"ImageObject\",\"inLanguage\":\"en-US\",\"@id\":\"https:\\\/\\\/www.biocult.ro\\\/#\\\/schema\\\/logo\\\/image\\\/\",\"url\":\"https:\\\/\\\/www.biocult.ro\\\/wp-content\\\/uploads\\\/2025\\\/10\\\/Logo-biocult-ro_Biocult-ro-1.svg\",\"contentUrl\":\"https:\\\/\\\/www.biocult.ro\\\/wp-content\\\/uploads\\\/2025\\\/10\\\/Logo-biocult-ro_Biocult-ro-1.svg\",\"width\":850,\"height\":269,\"caption\":\"Biocult\"},\"image\":{\"@id\":\"https:\\\/\\\/www.biocult.ro\\\/#\\\/schema\\\/logo\\\/image\\\/\"},\"sameAs\":[\"https:\\\/\\\/www.linkedin.com\\\/company\\\/biocult-srl\\\/\"]}]}<\/script>\n<!-- \/ Yoast SEO plugin. -->","yoast_head_json":{"title":"Minerale Lipozomale - Biocult","robots":{"index":"index","follow":"follow","max-snippet":"max-snippet:-1","max-image-preview":"max-image-preview:large","max-video-preview":"max-video-preview:-1"},"canonical":"https:\/\/www.biocult.ro\/en\/product\/minerale-lipozomale\/","og_locale":"en_US","og_type":"article","og_title":"Minerale Lipozomale - Biocult","og_description":"Liposovit\u00ae este o gam\u0103 de minerale lipozomale, dezvoltat\u0103 pentru a asigura absorb\u021bie superioar\u0103, toleran\u021b\u0103 digestiv\u0103 \u00eembun\u0103t\u0103\u021bit\u0103 \u0219i stabilitate ridicat\u0103 \u00een aplica\u021bii nutri\u021bionale. Tehnologia lipozomal\u0103 permite protejarea mineralelor sensibile \u0219i transportul eficient al acestora prin tractul digestiv, comparativ cu formele minerale conven\u021bionale.  Gama este destinat\u0103 produc\u0103torilor de suplimente alimentare \u0219i produse func\u021bionale premium, care urm\u0103resc performan\u021b\u0103, siguran\u021b\u0103 \u0219i diferen\u021biere tehnologic\u0103.  Portofoliu Liposovit\u00ae \u2013 Minerale  Gama Liposovit\u00ae \u2013 Minerale lipozomale include integral urm\u0103toarele produse:   Liposovit\u00ae \u2013 Zn  Liposovit\u00ae \u2013 Mg DIRECT  Liposovit\u00ae \u2013 Mg  Liposovit\u00ae \u2013 Fe Taste+  Liposovit\u00ae \u2013 Fe","og_url":"https:\/\/www.biocult.ro\/en\/product\/minerale-lipozomale\/","og_site_name":"Biocult","article_modified_time":"2026-02-21T15:00:56+00:00","og_image":[{"width":499,"height":387,"url":"https:\/\/www.biocult.ro\/wp-content\/uploads\/2026\/02\/Minerale_Lipozomale.jpg","type":"image\/jpeg"}],"twitter_card":"summary_large_image","twitter_misc":{"Est. reading time":"1 minute"},"schema":{"@context":"https:\/\/schema.org","@graph":[{"@type":"WebPage","@id":"https:\/\/www.biocult.ro\/product\/minerale-lipozomale\/","url":"https:\/\/www.biocult.ro\/product\/minerale-lipozomale\/","name":"Minerale Lipozomale - Biocult","isPartOf":{"@id":"https:\/\/www.biocult.ro\/#website"},"primaryImageOfPage":{"@id":"https:\/\/www.biocult.ro\/product\/minerale-lipozomale\/#primaryimage"},"image":{"@id":"https:\/\/www.biocult.ro\/product\/minerale-lipozomale\/#primaryimage"},"thumbnailUrl":"https:\/\/www.biocult.ro\/wp-content\/uploads\/2026\/02\/Minerale_Lipozomale.jpg","datePublished":"2025-12-03T06:57:46+00:00","dateModified":"2026-02-21T15:00:56+00:00","breadcrumb":{"@id":"https:\/\/www.biocult.ro\/product\/minerale-lipozomale\/#breadcrumb"},"inLanguage":"en-US","potentialAction":[{"@type":"ReadAction","target":["https:\/\/www.biocult.ro\/product\/minerale-lipozomale\/"]}]},{"@type":"ImageObject","inLanguage":"en-US","@id":"https:\/\/www.biocult.ro\/product\/minerale-lipozomale\/#primaryimage","url":"https:\/\/www.biocult.ro\/wp-content\/uploads\/2026\/02\/Minerale_Lipozomale.jpg","contentUrl":"https:\/\/www.biocult.ro\/wp-content\/uploads\/2026\/02\/Minerale_Lipozomale.jpg","width":499,"height":387},{"@type":"BreadcrumbList","@id":"https:\/\/www.biocult.ro\/product\/minerale-lipozomale\/#breadcrumb","itemListElement":[{"@type":"ListItem","position":1,"name":"Home","item":"https:\/\/www.biocult.ro\/"},{"@type":"ListItem","position":2,"name":"Produse","item":"https:\/\/www.biocult.ro\/produse\/"},{"@type":"ListItem","position":3,"name":"Minerale Lipozomale"}]},{"@type":"WebSite","@id":"https:\/\/www.biocult.ro\/#website","url":"https:\/\/www.biocult.ro\/","name":"Biocult","description":"Biosolutions for food and health","publisher":{"@id":"https:\/\/www.biocult.ro\/#organization"},"potentialAction":[{"@type":"SearchAction","target":{"@type":"EntryPoint","urlTemplate":"https:\/\/www.biocult.ro\/?s={search_term_string}"},"query-input":{"@type":"PropertyValueSpecification","valueRequired":true,"valueName":"search_term_string"}}],"inLanguage":"en-US"},{"@type":"Organization","@id":"https:\/\/www.biocult.ro\/#organization","name":"Biocult","url":"https:\/\/www.biocult.ro\/","logo":{"@type":"ImageObject","inLanguage":"en-US","@id":"https:\/\/www.biocult.ro\/#\/schema\/logo\/image\/","url":"https:\/\/www.biocult.ro\/wp-content\/uploads\/2025\/10\/Logo-biocult-ro_Biocult-ro-1.svg","contentUrl":"https:\/\/www.biocult.ro\/wp-content\/uploads\/2025\/10\/Logo-biocult-ro_Biocult-ro-1.svg","width":850,"height":269,"caption":"Biocult"},"image":{"@id":"https:\/\/www.biocult.ro\/#\/schema\/logo\/image\/"},"sameAs":["https:\/\/www.linkedin.com\/company\/biocult-srl\/"]}]}},"_links":{"self":[{"href":"https:\/\/www.biocult.ro\/en\/wp-json\/wp\/v2\/product\/14232","targetHints":{"allow":["GET"]}}],"collection":[{"href":"https:\/\/www.biocult.ro\/en\/wp-json\/wp\/v2\/product"}],"about":[{"href":"https:\/\/www.biocult.ro\/en\/wp-json\/wp\/v2\/types\/product"}],"version-history":[{"count":1,"href":"https:\/\/www.biocult.ro\/en\/wp-json\/wp\/v2\/product\/14232\/revisions"}],"predecessor-version":[{"id":15976,"href":"https:\/\/www.biocult.ro\/en\/wp-json\/wp\/v2\/product\/14232\/revisions\/15976"}],"wp:featuredmedia":[{"embeddable":true,"href":"https:\/\/www.biocult.ro\/en\/wp-json\/wp\/v2\/media\/16154"}],"wp:attachment":[{"href":"https:\/\/www.biocult.ro\/en\/wp-json\/wp\/v2\/media?parent=14232"}],"wp:term":[{"taxonomy":"product_brand","embeddable":true,"href":"https:\/\/www.biocult.ro\/en\/wp-json\/wp\/v2\/product_brand?post=14232"},{"taxonomy":"product_cat","embeddable":true,"href":"https:\/\/www.biocult.ro\/en\/wp-json\/wp\/v2\/product_cat?post=14232"},{"taxonomy":"product_tag","embeddable":true,"href":"https:\/\/www.biocult.ro\/en\/wp-json\/wp\/v2\/product_tag?post=14232"}],"curies":[{"name":"wp","href":"https:\/\/api.w.org\/{rel}","templated":true}]}}