{"id":14243,"date":"2025-12-03T07:20:41","date_gmt":"2025-12-03T07:20:41","guid":{"rendered":"https:\/\/www.biocult.ro\/?post_type=product&#038;p=14243"},"modified":"2026-02-21T14:59:40","modified_gmt":"2026-02-21T14:59:40","slug":"nu-trish-premium-culturi-pentru-iaurt-probiotic-premium","status":"publish","type":"product","link":"https:\/\/www.biocult.ro\/en\/product\/nu-trish-premium-culturi-pentru-iaurt-probiotic-premium\/","title":{"rendered":"Nu-trish\u00ae Premium \u2013 culturi pentru iaurt probiotic premium"},"content":{"rendered":"","protected":false},"excerpt":{"rendered":"<p><b>Nu-trish\u00ae Premium<\/b><span style=\"font-weight: 400;\"> este o gam\u0103 de culturi lactice dezvoltate pentru producerea de <\/span><b>iaurturi premium cu beneficii func\u021bionale<\/b><span style=\"font-weight: 400;\">, care \u00eembin\u0103 s\u0103n\u0103tatea, textura luxoas\u0103 \u0219i gustul autentic. Gama integreaz\u0103 tulpini probiotice de referin\u021b\u0103 la nivel global, precum <\/span><b>BB-12\u00ae<\/b><span style=\"font-weight: 400;\"> and <\/span><b>LGG\u00ae<\/b><span style=\"font-weight: 400;\">, recunoscute pentru documentarea \u0219tiin\u021bific\u0103 extins\u0103 \u0219i stabilitatea ridicat\u0103 \u00een produsul finit.<\/span><\/p>\n<p><b>Nu-trish\u00ae Premium <\/b><span style=\"font-weight: 400;\">permite produc\u0103torilor de lactate s\u0103 r\u0103spund\u0103 cererii cresc\u00e2nde pentru produse fermentate care ofer\u0103 at\u00e2t pl\u0103cere senzorial\u0103, c\u00e2t \u0219i valoare func\u021bional\u0103 perceput\u0103 de consumatori.<\/span><\/p>","protected":false},"featured_media":16156,"template":"","meta":[],"product_brand":[],"product_cat":[232,235],"product_tag":[],"class_list":{"0":"post-14243","1":"product","2":"type-product","3":"status-publish","4":"has-post-thumbnail","6":"product_cat-probiotice","7":"product_cat-probiotice-pentru-lactate-fermentate","9":"first","10":"instock","11":"shipping-taxable","12":"product-type-simple"},"yoast_head":"<!-- This site is optimized with the Yoast SEO plugin v27.4 - https:\/\/yoast.com\/product\/yoast-seo-wordpress\/ -->\n<title>Nu-trish\u00ae Premium \u2013 culturi pentru iaurt probiotic premium - Biocult<\/title>\n<meta name=\"robots\" content=\"index, follow, max-snippet:-1, max-image-preview:large, max-video-preview:-1\" \/>\n<link rel=\"canonical\" href=\"https:\/\/www.biocult.ro\/en\/product\/nu-trish-premium-culturi-pentru-iaurt-probiotic-premium\/\" \/>\n<meta property=\"og:locale\" content=\"en_US\" \/>\n<meta property=\"og:type\" content=\"article\" \/>\n<meta property=\"og:title\" content=\"Nu-trish\u00ae Premium \u2013 culturi pentru iaurt probiotic premium - Biocult\" \/>\n<meta property=\"og:description\" content=\"Nu-trish\u00ae Premium este o gam\u0103 de culturi lactice dezvoltate pentru producerea de iaurturi premium cu beneficii func\u021bionale, care \u00eembin\u0103 s\u0103n\u0103tatea, textura luxoas\u0103 \u0219i gustul autentic. Gama integreaz\u0103 tulpini probiotice de referin\u021b\u0103 la nivel global, precum BB-12\u00ae \u0219i LGG\u00ae, recunoscute pentru documentarea \u0219tiin\u021bific\u0103 extins\u0103 \u0219i stabilitatea ridicat\u0103 \u00een produsul finit.  Nu-trish\u00ae Premium permite produc\u0103torilor de lactate s\u0103 r\u0103spund\u0103 cererii cresc\u00e2nde pentru produse fermentate care ofer\u0103 at\u00e2t pl\u0103cere senzorial\u0103, c\u00e2t \u0219i valoare func\u021bional\u0103 perceput\u0103 de consumatori.\" \/>\n<meta property=\"og:url\" content=\"https:\/\/www.biocult.ro\/en\/product\/nu-trish-premium-culturi-pentru-iaurt-probiotic-premium\/\" \/>\n<meta property=\"og:site_name\" content=\"Biocult\" \/>\n<meta property=\"article:modified_time\" content=\"2026-02-21T14:59:40+00:00\" \/>\n<meta property=\"og:image\" content=\"https:\/\/www.biocult.ro\/wp-content\/uploads\/2026\/02\/Nu-trish_Premium__culturi_pentru_iaurt_probiotic_premium.jpg\" \/>\n\t<meta property=\"og:image:width\" content=\"499\" \/>\n\t<meta property=\"og:image:height\" content=\"387\" \/>\n\t<meta property=\"og:image:type\" content=\"image\/jpeg\" \/>\n<meta name=\"twitter:card\" content=\"summary_large_image\" \/>\n<meta name=\"twitter:label1\" content=\"Est. reading time\" \/>\n\t<meta name=\"twitter:data1\" content=\"1 minute\" \/>\n<script type=\"application\/ld+json\" class=\"yoast-schema-graph\">{\"@context\":\"https:\\\/\\\/schema.org\",\"@graph\":[{\"@type\":\"WebPage\",\"@id\":\"https:\\\/\\\/www.biocult.ro\\\/product\\\/nu-trish-premium-culturi-pentru-iaurt-probiotic-premium\\\/\",\"url\":\"https:\\\/\\\/www.biocult.ro\\\/product\\\/nu-trish-premium-culturi-pentru-iaurt-probiotic-premium\\\/\",\"name\":\"Nu-trish\u00ae Premium \u2013 culturi pentru iaurt probiotic premium - Biocult\",\"isPartOf\":{\"@id\":\"https:\\\/\\\/www.biocult.ro\\\/#website\"},\"primaryImageOfPage\":{\"@id\":\"https:\\\/\\\/www.biocult.ro\\\/product\\\/nu-trish-premium-culturi-pentru-iaurt-probiotic-premium\\\/#primaryimage\"},\"image\":{\"@id\":\"https:\\\/\\\/www.biocult.ro\\\/product\\\/nu-trish-premium-culturi-pentru-iaurt-probiotic-premium\\\/#primaryimage\"},\"thumbnailUrl\":\"https:\\\/\\\/www.biocult.ro\\\/wp-content\\\/uploads\\\/2026\\\/02\\\/Nu-trish_Premium__culturi_pentru_iaurt_probiotic_premium.jpg\",\"datePublished\":\"2025-12-03T07:20:41+00:00\",\"dateModified\":\"2026-02-21T14:59:40+00:00\",\"breadcrumb\":{\"@id\":\"https:\\\/\\\/www.biocult.ro\\\/product\\\/nu-trish-premium-culturi-pentru-iaurt-probiotic-premium\\\/#breadcrumb\"},\"inLanguage\":\"en-US\",\"potentialAction\":[{\"@type\":\"ReadAction\",\"target\":[\"https:\\\/\\\/www.biocult.ro\\\/product\\\/nu-trish-premium-culturi-pentru-iaurt-probiotic-premium\\\/\"]}]},{\"@type\":\"ImageObject\",\"inLanguage\":\"en-US\",\"@id\":\"https:\\\/\\\/www.biocult.ro\\\/product\\\/nu-trish-premium-culturi-pentru-iaurt-probiotic-premium\\\/#primaryimage\",\"url\":\"https:\\\/\\\/www.biocult.ro\\\/wp-content\\\/uploads\\\/2026\\\/02\\\/Nu-trish_Premium__culturi_pentru_iaurt_probiotic_premium.jpg\",\"contentUrl\":\"https:\\\/\\\/www.biocult.ro\\\/wp-content\\\/uploads\\\/2026\\\/02\\\/Nu-trish_Premium__culturi_pentru_iaurt_probiotic_premium.jpg\",\"width\":499,\"height\":387},{\"@type\":\"BreadcrumbList\",\"@id\":\"https:\\\/\\\/www.biocult.ro\\\/product\\\/nu-trish-premium-culturi-pentru-iaurt-probiotic-premium\\\/#breadcrumb\",\"itemListElement\":[{\"@type\":\"ListItem\",\"position\":1,\"name\":\"Home\",\"item\":\"https:\\\/\\\/www.biocult.ro\\\/\"},{\"@type\":\"ListItem\",\"position\":2,\"name\":\"Produse\",\"item\":\"https:\\\/\\\/www.biocult.ro\\\/produse\\\/\"},{\"@type\":\"ListItem\",\"position\":3,\"name\":\"Nu-trish\u00ae Premium \u2013 culturi pentru iaurt probiotic premium\"}]},{\"@type\":\"WebSite\",\"@id\":\"https:\\\/\\\/www.biocult.ro\\\/#website\",\"url\":\"https:\\\/\\\/www.biocult.ro\\\/\",\"name\":\"Biocult\",\"description\":\"Biosolutii pentru alimente si sanatate\",\"publisher\":{\"@id\":\"https:\\\/\\\/www.biocult.ro\\\/#organization\"},\"potentialAction\":[{\"@type\":\"SearchAction\",\"target\":{\"@type\":\"EntryPoint\",\"urlTemplate\":\"https:\\\/\\\/www.biocult.ro\\\/?s={search_term_string}\"},\"query-input\":{\"@type\":\"PropertyValueSpecification\",\"valueRequired\":true,\"valueName\":\"search_term_string\"}}],\"inLanguage\":\"en-US\"},{\"@type\":\"Organization\",\"@id\":\"https:\\\/\\\/www.biocult.ro\\\/#organization\",\"name\":\"Biocult\",\"url\":\"https:\\\/\\\/www.biocult.ro\\\/\",\"logo\":{\"@type\":\"ImageObject\",\"inLanguage\":\"en-US\",\"@id\":\"https:\\\/\\\/www.biocult.ro\\\/#\\\/schema\\\/logo\\\/image\\\/\",\"url\":\"https:\\\/\\\/www.biocult.ro\\\/wp-content\\\/uploads\\\/2025\\\/10\\\/Logo-biocult-ro_Biocult-ro-1.svg\",\"contentUrl\":\"https:\\\/\\\/www.biocult.ro\\\/wp-content\\\/uploads\\\/2025\\\/10\\\/Logo-biocult-ro_Biocult-ro-1.svg\",\"width\":850,\"height\":269,\"caption\":\"Biocult\"},\"image\":{\"@id\":\"https:\\\/\\\/www.biocult.ro\\\/#\\\/schema\\\/logo\\\/image\\\/\"},\"sameAs\":[\"https:\\\/\\\/www.linkedin.com\\\/company\\\/biocult-srl\\\/\"]}]}<\/script>\n<!-- \/ Yoast SEO plugin. -->","yoast_head_json":{"title":"Nu-trish\u00ae Premium \u2013 culturi pentru iaurt probiotic premium - Biocult","robots":{"index":"index","follow":"follow","max-snippet":"max-snippet:-1","max-image-preview":"max-image-preview:large","max-video-preview":"max-video-preview:-1"},"canonical":"https:\/\/www.biocult.ro\/en\/product\/nu-trish-premium-culturi-pentru-iaurt-probiotic-premium\/","og_locale":"en_US","og_type":"article","og_title":"Nu-trish\u00ae Premium \u2013 culturi pentru iaurt probiotic premium - Biocult","og_description":"Nu-trish\u00ae Premium este o gam\u0103 de culturi lactice dezvoltate pentru producerea de iaurturi premium cu beneficii func\u021bionale, care \u00eembin\u0103 s\u0103n\u0103tatea, textura luxoas\u0103 \u0219i gustul autentic. Gama integreaz\u0103 tulpini probiotice de referin\u021b\u0103 la nivel global, precum BB-12\u00ae \u0219i LGG\u00ae, recunoscute pentru documentarea \u0219tiin\u021bific\u0103 extins\u0103 \u0219i stabilitatea ridicat\u0103 \u00een produsul finit.  Nu-trish\u00ae Premium permite produc\u0103torilor de lactate s\u0103 r\u0103spund\u0103 cererii cresc\u00e2nde pentru produse fermentate care ofer\u0103 at\u00e2t pl\u0103cere senzorial\u0103, c\u00e2t \u0219i valoare func\u021bional\u0103 perceput\u0103 de consumatori.","og_url":"https:\/\/www.biocult.ro\/en\/product\/nu-trish-premium-culturi-pentru-iaurt-probiotic-premium\/","og_site_name":"Biocult","article_modified_time":"2026-02-21T14:59:40+00:00","og_image":[{"width":499,"height":387,"url":"https:\/\/www.biocult.ro\/wp-content\/uploads\/2026\/02\/Nu-trish_Premium__culturi_pentru_iaurt_probiotic_premium.jpg","type":"image\/jpeg"}],"twitter_card":"summary_large_image","twitter_misc":{"Est. reading time":"1 minute"},"schema":{"@context":"https:\/\/schema.org","@graph":[{"@type":"WebPage","@id":"https:\/\/www.biocult.ro\/product\/nu-trish-premium-culturi-pentru-iaurt-probiotic-premium\/","url":"https:\/\/www.biocult.ro\/product\/nu-trish-premium-culturi-pentru-iaurt-probiotic-premium\/","name":"Nu-trish\u00ae Premium \u2013 culturi pentru iaurt probiotic premium - Biocult","isPartOf":{"@id":"https:\/\/www.biocult.ro\/#website"},"primaryImageOfPage":{"@id":"https:\/\/www.biocult.ro\/product\/nu-trish-premium-culturi-pentru-iaurt-probiotic-premium\/#primaryimage"},"image":{"@id":"https:\/\/www.biocult.ro\/product\/nu-trish-premium-culturi-pentru-iaurt-probiotic-premium\/#primaryimage"},"thumbnailUrl":"https:\/\/www.biocult.ro\/wp-content\/uploads\/2026\/02\/Nu-trish_Premium__culturi_pentru_iaurt_probiotic_premium.jpg","datePublished":"2025-12-03T07:20:41+00:00","dateModified":"2026-02-21T14:59:40+00:00","breadcrumb":{"@id":"https:\/\/www.biocult.ro\/product\/nu-trish-premium-culturi-pentru-iaurt-probiotic-premium\/#breadcrumb"},"inLanguage":"en-US","potentialAction":[{"@type":"ReadAction","target":["https:\/\/www.biocult.ro\/product\/nu-trish-premium-culturi-pentru-iaurt-probiotic-premium\/"]}]},{"@type":"ImageObject","inLanguage":"en-US","@id":"https:\/\/www.biocult.ro\/product\/nu-trish-premium-culturi-pentru-iaurt-probiotic-premium\/#primaryimage","url":"https:\/\/www.biocult.ro\/wp-content\/uploads\/2026\/02\/Nu-trish_Premium__culturi_pentru_iaurt_probiotic_premium.jpg","contentUrl":"https:\/\/www.biocult.ro\/wp-content\/uploads\/2026\/02\/Nu-trish_Premium__culturi_pentru_iaurt_probiotic_premium.jpg","width":499,"height":387},{"@type":"BreadcrumbList","@id":"https:\/\/www.biocult.ro\/product\/nu-trish-premium-culturi-pentru-iaurt-probiotic-premium\/#breadcrumb","itemListElement":[{"@type":"ListItem","position":1,"name":"Home","item":"https:\/\/www.biocult.ro\/"},{"@type":"ListItem","position":2,"name":"Produse","item":"https:\/\/www.biocult.ro\/produse\/"},{"@type":"ListItem","position":3,"name":"Nu-trish\u00ae Premium \u2013 culturi pentru iaurt probiotic premium"}]},{"@type":"WebSite","@id":"https:\/\/www.biocult.ro\/#website","url":"https:\/\/www.biocult.ro\/","name":"Biocult","description":"Biosolutions for food and health","publisher":{"@id":"https:\/\/www.biocult.ro\/#organization"},"potentialAction":[{"@type":"SearchAction","target":{"@type":"EntryPoint","urlTemplate":"https:\/\/www.biocult.ro\/?s={search_term_string}"},"query-input":{"@type":"PropertyValueSpecification","valueRequired":true,"valueName":"search_term_string"}}],"inLanguage":"en-US"},{"@type":"Organization","@id":"https:\/\/www.biocult.ro\/#organization","name":"Biocult","url":"https:\/\/www.biocult.ro\/","logo":{"@type":"ImageObject","inLanguage":"en-US","@id":"https:\/\/www.biocult.ro\/#\/schema\/logo\/image\/","url":"https:\/\/www.biocult.ro\/wp-content\/uploads\/2025\/10\/Logo-biocult-ro_Biocult-ro-1.svg","contentUrl":"https:\/\/www.biocult.ro\/wp-content\/uploads\/2025\/10\/Logo-biocult-ro_Biocult-ro-1.svg","width":850,"height":269,"caption":"Biocult"},"image":{"@id":"https:\/\/www.biocult.ro\/#\/schema\/logo\/image\/"},"sameAs":["https:\/\/www.linkedin.com\/company\/biocult-srl\/"]}]}},"_links":{"self":[{"href":"https:\/\/www.biocult.ro\/en\/wp-json\/wp\/v2\/product\/14243","targetHints":{"allow":["GET"]}}],"collection":[{"href":"https:\/\/www.biocult.ro\/en\/wp-json\/wp\/v2\/product"}],"about":[{"href":"https:\/\/www.biocult.ro\/en\/wp-json\/wp\/v2\/types\/product"}],"version-history":[{"count":3,"href":"https:\/\/www.biocult.ro\/en\/wp-json\/wp\/v2\/product\/14243\/revisions"}],"predecessor-version":[{"id":16003,"href":"https:\/\/www.biocult.ro\/en\/wp-json\/wp\/v2\/product\/14243\/revisions\/16003"}],"wp:featuredmedia":[{"embeddable":true,"href":"https:\/\/www.biocult.ro\/en\/wp-json\/wp\/v2\/media\/16156"}],"wp:attachment":[{"href":"https:\/\/www.biocult.ro\/en\/wp-json\/wp\/v2\/media?parent=14243"}],"wp:term":[{"taxonomy":"product_brand","embeddable":true,"href":"https:\/\/www.biocult.ro\/en\/wp-json\/wp\/v2\/product_brand?post=14243"},{"taxonomy":"product_cat","embeddable":true,"href":"https:\/\/www.biocult.ro\/en\/wp-json\/wp\/v2\/product_cat?post=14243"},{"taxonomy":"product_tag","embeddable":true,"href":"https:\/\/www.biocult.ro\/en\/wp-json\/wp\/v2\/product_tag?post=14243"}],"curies":[{"name":"wp","href":"https:\/\/api.w.org\/{rel}","templated":true}]}}