{"id":14248,"date":"2025-12-03T07:29:05","date_gmt":"2025-12-03T07:29:05","guid":{"rendered":"https:\/\/www.biocult.ro\/?post_type=product&#038;p=14248"},"modified":"2026-02-21T14:54:21","modified_gmt":"2026-02-21T14:54:21","slug":"infiniteskin-microbiome-serum-serum-probiotic-pentru-ingrijirea-pielii","status":"publish","type":"product","link":"https:\/\/www.biocult.ro\/en\/product\/infiniteskin-microbiome-serum-serum-probiotic-pentru-ingrijirea-pielii\/","title":{"rendered":"InfiniteSkin\u2122 Microbiome Serum \u2013 serum probiotic pentru \u00eengrijirea pielii"},"content":{"rendered":"","protected":false},"excerpt":{"rendered":"<p><b>InfiniteSkin\u2122 Microbiome Serum<\/b><span style=\"font-weight: 400;\"> este un concept inovator de <\/span><b>\u00eengrijire a pielii bazat pe microbiom<\/b><span style=\"font-weight: 400;\">, care integreaz\u0103 un <\/span><b>probiotic viu, documentat clinic<\/b><span style=\"font-weight: 400;\">, \u00eentr-o formulare cosmetic\u0103 avansat\u0103. Serumul este dezvoltat pentru a sus\u021bine s\u0103n\u0103tatea pielii prin <\/span><b>modularea microbiomului cutanat<\/b><span style=\"font-weight: 400;\">, adres\u00e2nd dezechilibrele asociate pielii problematice, sensibile sau cu tendin\u021b\u0103 acneic\u0103.<\/span><\/p>\n<p><span style=\"font-weight: 400;\">Produsul este dezvoltat de <\/span><b>LAC2Biome<\/b><span style=\"font-weight: 400;\">, companie specializat\u0103 \u00een solu\u021bii microbiene, \u0219i este destinat partenerilor B2B care doresc s\u0103 dezvolte sau s\u0103 extind\u0103 portofolii de produse dermato-cosmetice cu fundament \u0219tiin\u021bific solid.<\/span><\/p>","protected":false},"featured_media":16152,"template":"","meta":[],"product_brand":[],"product_cat":[232,237],"product_tag":[],"class_list":{"0":"post-14248","1":"product","2":"type-product","3":"status-publish","4":"has-post-thumbnail","6":"product_cat-probiotice","7":"product_cat-probiotice-pentru-sanatatea-pielii","9":"first","10":"instock","11":"shipping-taxable","12":"product-type-simple"},"yoast_head":"<!-- This site is optimized with the Yoast SEO plugin v27.4 - https:\/\/yoast.com\/product\/yoast-seo-wordpress\/ -->\n<title>InfiniteSkin\u2122 Microbiome Serum \u2013 serum probiotic pentru \u00eengrijirea pielii - Biocult<\/title>\n<meta name=\"robots\" content=\"index, follow, max-snippet:-1, max-image-preview:large, max-video-preview:-1\" \/>\n<link rel=\"canonical\" href=\"https:\/\/www.biocult.ro\/en\/product\/infiniteskin-microbiome-serum-serum-probiotic-pentru-ingrijirea-pielii\/\" \/>\n<meta property=\"og:locale\" content=\"en_US\" \/>\n<meta property=\"og:type\" content=\"article\" \/>\n<meta property=\"og:title\" content=\"InfiniteSkin\u2122 Microbiome Serum \u2013 serum probiotic pentru \u00eengrijirea pielii - Biocult\" \/>\n<meta property=\"og:description\" content=\"InfiniteSkin\u2122 Microbiome Serum este un concept inovator de \u00eengrijire a pielii bazat pe microbiom, care integreaz\u0103 un probiotic viu, documentat clinic, \u00eentr-o formulare cosmetic\u0103 avansat\u0103. Serumul este dezvoltat pentru a sus\u021bine s\u0103n\u0103tatea pielii prin modularea microbiomului cutanat, adres\u00e2nd dezechilibrele asociate pielii problematice, sensibile sau cu tendin\u021b\u0103 acneic\u0103.  Produsul este dezvoltat de LAC2Biome, companie specializat\u0103 \u00een solu\u021bii microbiene, \u0219i este destinat partenerilor B2B care doresc s\u0103 dezvolte sau s\u0103 extind\u0103 portofolii de produse dermato-cosmetice cu fundament \u0219tiin\u021bific solid.\" \/>\n<meta property=\"og:url\" content=\"https:\/\/www.biocult.ro\/en\/product\/infiniteskin-microbiome-serum-serum-probiotic-pentru-ingrijirea-pielii\/\" \/>\n<meta property=\"og:site_name\" content=\"Biocult\" \/>\n<meta property=\"article:modified_time\" content=\"2026-02-21T14:54:21+00:00\" \/>\n<meta property=\"og:image\" content=\"https:\/\/www.biocult.ro\/wp-content\/uploads\/2026\/02\/InfiniteSkin_Microbiome_Serum__serum_probiotic_pentru_ngrijirea_pielii.jpg\" \/>\n\t<meta property=\"og:image:width\" content=\"499\" \/>\n\t<meta property=\"og:image:height\" content=\"387\" \/>\n\t<meta property=\"og:image:type\" content=\"image\/jpeg\" \/>\n<meta name=\"twitter:card\" content=\"summary_large_image\" \/>\n<meta name=\"twitter:label1\" content=\"Est. reading time\" \/>\n\t<meta name=\"twitter:data1\" content=\"1 minute\" \/>\n<script type=\"application\/ld+json\" class=\"yoast-schema-graph\">{\"@context\":\"https:\\\/\\\/schema.org\",\"@graph\":[{\"@type\":\"WebPage\",\"@id\":\"https:\\\/\\\/www.biocult.ro\\\/product\\\/infiniteskin-microbiome-serum-serum-probiotic-pentru-ingrijirea-pielii\\\/\",\"url\":\"https:\\\/\\\/www.biocult.ro\\\/product\\\/infiniteskin-microbiome-serum-serum-probiotic-pentru-ingrijirea-pielii\\\/\",\"name\":\"InfiniteSkin\u2122 Microbiome Serum \u2013 serum probiotic pentru \u00eengrijirea pielii - Biocult\",\"isPartOf\":{\"@id\":\"https:\\\/\\\/www.biocult.ro\\\/#website\"},\"primaryImageOfPage\":{\"@id\":\"https:\\\/\\\/www.biocult.ro\\\/product\\\/infiniteskin-microbiome-serum-serum-probiotic-pentru-ingrijirea-pielii\\\/#primaryimage\"},\"image\":{\"@id\":\"https:\\\/\\\/www.biocult.ro\\\/product\\\/infiniteskin-microbiome-serum-serum-probiotic-pentru-ingrijirea-pielii\\\/#primaryimage\"},\"thumbnailUrl\":\"https:\\\/\\\/www.biocult.ro\\\/wp-content\\\/uploads\\\/2026\\\/02\\\/InfiniteSkin_Microbiome_Serum__serum_probiotic_pentru_ngrijirea_pielii.jpg\",\"datePublished\":\"2025-12-03T07:29:05+00:00\",\"dateModified\":\"2026-02-21T14:54:21+00:00\",\"breadcrumb\":{\"@id\":\"https:\\\/\\\/www.biocult.ro\\\/product\\\/infiniteskin-microbiome-serum-serum-probiotic-pentru-ingrijirea-pielii\\\/#breadcrumb\"},\"inLanguage\":\"en-US\",\"potentialAction\":[{\"@type\":\"ReadAction\",\"target\":[\"https:\\\/\\\/www.biocult.ro\\\/product\\\/infiniteskin-microbiome-serum-serum-probiotic-pentru-ingrijirea-pielii\\\/\"]}]},{\"@type\":\"ImageObject\",\"inLanguage\":\"en-US\",\"@id\":\"https:\\\/\\\/www.biocult.ro\\\/product\\\/infiniteskin-microbiome-serum-serum-probiotic-pentru-ingrijirea-pielii\\\/#primaryimage\",\"url\":\"https:\\\/\\\/www.biocult.ro\\\/wp-content\\\/uploads\\\/2026\\\/02\\\/InfiniteSkin_Microbiome_Serum__serum_probiotic_pentru_ngrijirea_pielii.jpg\",\"contentUrl\":\"https:\\\/\\\/www.biocult.ro\\\/wp-content\\\/uploads\\\/2026\\\/02\\\/InfiniteSkin_Microbiome_Serum__serum_probiotic_pentru_ngrijirea_pielii.jpg\",\"width\":499,\"height\":387},{\"@type\":\"BreadcrumbList\",\"@id\":\"https:\\\/\\\/www.biocult.ro\\\/product\\\/infiniteskin-microbiome-serum-serum-probiotic-pentru-ingrijirea-pielii\\\/#breadcrumb\",\"itemListElement\":[{\"@type\":\"ListItem\",\"position\":1,\"name\":\"Home\",\"item\":\"https:\\\/\\\/www.biocult.ro\\\/\"},{\"@type\":\"ListItem\",\"position\":2,\"name\":\"Produse\",\"item\":\"https:\\\/\\\/www.biocult.ro\\\/produse\\\/\"},{\"@type\":\"ListItem\",\"position\":3,\"name\":\"InfiniteSkin\u2122 Microbiome Serum \u2013 serum probiotic pentru \u00eengrijirea pielii\"}]},{\"@type\":\"WebSite\",\"@id\":\"https:\\\/\\\/www.biocult.ro\\\/#website\",\"url\":\"https:\\\/\\\/www.biocult.ro\\\/\",\"name\":\"Biocult\",\"description\":\"Biosolutii pentru alimente si sanatate\",\"publisher\":{\"@id\":\"https:\\\/\\\/www.biocult.ro\\\/#organization\"},\"potentialAction\":[{\"@type\":\"SearchAction\",\"target\":{\"@type\":\"EntryPoint\",\"urlTemplate\":\"https:\\\/\\\/www.biocult.ro\\\/?s={search_term_string}\"},\"query-input\":{\"@type\":\"PropertyValueSpecification\",\"valueRequired\":true,\"valueName\":\"search_term_string\"}}],\"inLanguage\":\"en-US\"},{\"@type\":\"Organization\",\"@id\":\"https:\\\/\\\/www.biocult.ro\\\/#organization\",\"name\":\"Biocult\",\"url\":\"https:\\\/\\\/www.biocult.ro\\\/\",\"logo\":{\"@type\":\"ImageObject\",\"inLanguage\":\"en-US\",\"@id\":\"https:\\\/\\\/www.biocult.ro\\\/#\\\/schema\\\/logo\\\/image\\\/\",\"url\":\"https:\\\/\\\/www.biocult.ro\\\/wp-content\\\/uploads\\\/2025\\\/10\\\/Logo-biocult-ro_Biocult-ro-1.svg\",\"contentUrl\":\"https:\\\/\\\/www.biocult.ro\\\/wp-content\\\/uploads\\\/2025\\\/10\\\/Logo-biocult-ro_Biocult-ro-1.svg\",\"width\":850,\"height\":269,\"caption\":\"Biocult\"},\"image\":{\"@id\":\"https:\\\/\\\/www.biocult.ro\\\/#\\\/schema\\\/logo\\\/image\\\/\"},\"sameAs\":[\"https:\\\/\\\/www.linkedin.com\\\/company\\\/biocult-srl\\\/\"]}]}<\/script>\n<!-- \/ Yoast SEO plugin. -->","yoast_head_json":{"title":"InfiniteSkin\u2122 Microbiome Serum \u2013 serum probiotic pentru \u00eengrijirea pielii - Biocult","robots":{"index":"index","follow":"follow","max-snippet":"max-snippet:-1","max-image-preview":"max-image-preview:large","max-video-preview":"max-video-preview:-1"},"canonical":"https:\/\/www.biocult.ro\/en\/product\/infiniteskin-microbiome-serum-serum-probiotic-pentru-ingrijirea-pielii\/","og_locale":"en_US","og_type":"article","og_title":"InfiniteSkin\u2122 Microbiome Serum \u2013 serum probiotic pentru \u00eengrijirea pielii - Biocult","og_description":"InfiniteSkin\u2122 Microbiome Serum este un concept inovator de \u00eengrijire a pielii bazat pe microbiom, care integreaz\u0103 un probiotic viu, documentat clinic, \u00eentr-o formulare cosmetic\u0103 avansat\u0103. Serumul este dezvoltat pentru a sus\u021bine s\u0103n\u0103tatea pielii prin modularea microbiomului cutanat, adres\u00e2nd dezechilibrele asociate pielii problematice, sensibile sau cu tendin\u021b\u0103 acneic\u0103.  Produsul este dezvoltat de LAC2Biome, companie specializat\u0103 \u00een solu\u021bii microbiene, \u0219i este destinat partenerilor B2B care doresc s\u0103 dezvolte sau s\u0103 extind\u0103 portofolii de produse dermato-cosmetice cu fundament \u0219tiin\u021bific solid.","og_url":"https:\/\/www.biocult.ro\/en\/product\/infiniteskin-microbiome-serum-serum-probiotic-pentru-ingrijirea-pielii\/","og_site_name":"Biocult","article_modified_time":"2026-02-21T14:54:21+00:00","og_image":[{"width":499,"height":387,"url":"https:\/\/www.biocult.ro\/wp-content\/uploads\/2026\/02\/InfiniteSkin_Microbiome_Serum__serum_probiotic_pentru_ngrijirea_pielii.jpg","type":"image\/jpeg"}],"twitter_card":"summary_large_image","twitter_misc":{"Est. reading time":"1 minute"},"schema":{"@context":"https:\/\/schema.org","@graph":[{"@type":"WebPage","@id":"https:\/\/www.biocult.ro\/product\/infiniteskin-microbiome-serum-serum-probiotic-pentru-ingrijirea-pielii\/","url":"https:\/\/www.biocult.ro\/product\/infiniteskin-microbiome-serum-serum-probiotic-pentru-ingrijirea-pielii\/","name":"InfiniteSkin\u2122 Microbiome Serum \u2013 serum probiotic pentru \u00eengrijirea pielii - Biocult","isPartOf":{"@id":"https:\/\/www.biocult.ro\/#website"},"primaryImageOfPage":{"@id":"https:\/\/www.biocult.ro\/product\/infiniteskin-microbiome-serum-serum-probiotic-pentru-ingrijirea-pielii\/#primaryimage"},"image":{"@id":"https:\/\/www.biocult.ro\/product\/infiniteskin-microbiome-serum-serum-probiotic-pentru-ingrijirea-pielii\/#primaryimage"},"thumbnailUrl":"https:\/\/www.biocult.ro\/wp-content\/uploads\/2026\/02\/InfiniteSkin_Microbiome_Serum__serum_probiotic_pentru_ngrijirea_pielii.jpg","datePublished":"2025-12-03T07:29:05+00:00","dateModified":"2026-02-21T14:54:21+00:00","breadcrumb":{"@id":"https:\/\/www.biocult.ro\/product\/infiniteskin-microbiome-serum-serum-probiotic-pentru-ingrijirea-pielii\/#breadcrumb"},"inLanguage":"en-US","potentialAction":[{"@type":"ReadAction","target":["https:\/\/www.biocult.ro\/product\/infiniteskin-microbiome-serum-serum-probiotic-pentru-ingrijirea-pielii\/"]}]},{"@type":"ImageObject","inLanguage":"en-US","@id":"https:\/\/www.biocult.ro\/product\/infiniteskin-microbiome-serum-serum-probiotic-pentru-ingrijirea-pielii\/#primaryimage","url":"https:\/\/www.biocult.ro\/wp-content\/uploads\/2026\/02\/InfiniteSkin_Microbiome_Serum__serum_probiotic_pentru_ngrijirea_pielii.jpg","contentUrl":"https:\/\/www.biocult.ro\/wp-content\/uploads\/2026\/02\/InfiniteSkin_Microbiome_Serum__serum_probiotic_pentru_ngrijirea_pielii.jpg","width":499,"height":387},{"@type":"BreadcrumbList","@id":"https:\/\/www.biocult.ro\/product\/infiniteskin-microbiome-serum-serum-probiotic-pentru-ingrijirea-pielii\/#breadcrumb","itemListElement":[{"@type":"ListItem","position":1,"name":"Home","item":"https:\/\/www.biocult.ro\/"},{"@type":"ListItem","position":2,"name":"Produse","item":"https:\/\/www.biocult.ro\/produse\/"},{"@type":"ListItem","position":3,"name":"InfiniteSkin\u2122 Microbiome Serum \u2013 serum probiotic pentru \u00eengrijirea pielii"}]},{"@type":"WebSite","@id":"https:\/\/www.biocult.ro\/#website","url":"https:\/\/www.biocult.ro\/","name":"Biocult","description":"Biosolutions for food and health","publisher":{"@id":"https:\/\/www.biocult.ro\/#organization"},"potentialAction":[{"@type":"SearchAction","target":{"@type":"EntryPoint","urlTemplate":"https:\/\/www.biocult.ro\/?s={search_term_string}"},"query-input":{"@type":"PropertyValueSpecification","valueRequired":true,"valueName":"search_term_string"}}],"inLanguage":"en-US"},{"@type":"Organization","@id":"https:\/\/www.biocult.ro\/#organization","name":"Biocult","url":"https:\/\/www.biocult.ro\/","logo":{"@type":"ImageObject","inLanguage":"en-US","@id":"https:\/\/www.biocult.ro\/#\/schema\/logo\/image\/","url":"https:\/\/www.biocult.ro\/wp-content\/uploads\/2025\/10\/Logo-biocult-ro_Biocult-ro-1.svg","contentUrl":"https:\/\/www.biocult.ro\/wp-content\/uploads\/2025\/10\/Logo-biocult-ro_Biocult-ro-1.svg","width":850,"height":269,"caption":"Biocult"},"image":{"@id":"https:\/\/www.biocult.ro\/#\/schema\/logo\/image\/"},"sameAs":["https:\/\/www.linkedin.com\/company\/biocult-srl\/"]}]}},"_links":{"self":[{"href":"https:\/\/www.biocult.ro\/en\/wp-json\/wp\/v2\/product\/14248","targetHints":{"allow":["GET"]}}],"collection":[{"href":"https:\/\/www.biocult.ro\/en\/wp-json\/wp\/v2\/product"}],"about":[{"href":"https:\/\/www.biocult.ro\/en\/wp-json\/wp\/v2\/types\/product"}],"version-history":[{"count":2,"href":"https:\/\/www.biocult.ro\/en\/wp-json\/wp\/v2\/product\/14248\/revisions"}],"predecessor-version":[{"id":15983,"href":"https:\/\/www.biocult.ro\/en\/wp-json\/wp\/v2\/product\/14248\/revisions\/15983"}],"wp:featuredmedia":[{"embeddable":true,"href":"https:\/\/www.biocult.ro\/en\/wp-json\/wp\/v2\/media\/16152"}],"wp:attachment":[{"href":"https:\/\/www.biocult.ro\/en\/wp-json\/wp\/v2\/media?parent=14248"}],"wp:term":[{"taxonomy":"product_brand","embeddable":true,"href":"https:\/\/www.biocult.ro\/en\/wp-json\/wp\/v2\/product_brand?post=14248"},{"taxonomy":"product_cat","embeddable":true,"href":"https:\/\/www.biocult.ro\/en\/wp-json\/wp\/v2\/product_cat?post=14248"},{"taxonomy":"product_tag","embeddable":true,"href":"https:\/\/www.biocult.ro\/en\/wp-json\/wp\/v2\/product_tag?post=14248"}],"curies":[{"name":"wp","href":"https:\/\/api.w.org\/{rel}","templated":true}]}}