{"id":14253,"date":"2025-12-03T07:49:03","date_gmt":"2025-12-03T07:49:03","guid":{"rendered":"https:\/\/www.biocult.ro\/?post_type=product&#038;p=14253"},"modified":"2026-02-21T15:18:40","modified_gmt":"2026-02-21T15:18:40","slug":"vinozyme-enzime-pentru-macerare","status":"publish","type":"product","link":"https:\/\/www.biocult.ro\/en\/product\/vinozyme-enzime-pentru-macerare\/","title":{"rendered":"Vinozyme\u00ae &#8211; enzime pentru macerare"},"content":{"rendered":"","protected":false},"excerpt":{"rendered":"<p><span style=\"font-weight: 400;\"><strong>Vinozym\u00ae<\/strong> este gama de enzime destinat\u0103 <\/span><b>optimiz\u0103rii procesului de macerare<\/b><span style=\"font-weight: 400;\"> \u00een vinifica\u021bie. Enzimele <strong>Vinozym\u00ae<\/strong> sunt dezvoltate pentru a \u00eembun\u0103t\u0103\u021bi extrac\u021bia compu\u0219ilor din pieli\u021ba strugurilor, contribuind la ob\u021binerea unei culori mai intense, a unei structuri mai bogate \u0219i a unui profil aromatic mai expresiv.<\/span><\/p>","protected":false},"featured_media":16138,"template":"","meta":[],"product_brand":[],"product_cat":[227,73],"product_tag":[],"class_list":{"0":"post-14253","1":"product","2":"type-product","3":"status-publish","4":"has-post-thumbnail","6":"product_cat-enzime-pentru-vin","7":"product_cat-industria-bauturilor","9":"first","10":"instock","11":"shipping-taxable","12":"product-type-simple"},"yoast_head":"<!-- This site is optimized with the Yoast SEO plugin v27.4 - https:\/\/yoast.com\/product\/yoast-seo-wordpress\/ -->\n<title>Vinozyme\u00ae - enzime pentru macerare - Biocult<\/title>\n<meta name=\"robots\" content=\"index, follow, max-snippet:-1, max-image-preview:large, max-video-preview:-1\" \/>\n<link rel=\"canonical\" href=\"https:\/\/www.biocult.ro\/en\/product\/vinozyme-enzime-pentru-macerare\/\" \/>\n<meta property=\"og:locale\" content=\"en_US\" \/>\n<meta property=\"og:type\" content=\"article\" \/>\n<meta property=\"og:title\" content=\"Vinozyme\u00ae - enzime pentru macerare - Biocult\" \/>\n<meta property=\"og:description\" content=\"Vinozym\u00ae este gama de enzime destinat\u0103 optimiz\u0103rii procesului de macerare \u00een vinifica\u021bie. Enzimele Vinozym\u00ae sunt dezvoltate pentru a \u00eembun\u0103t\u0103\u021bi extrac\u021bia compu\u0219ilor din pieli\u021ba strugurilor, contribuind la ob\u021binerea unei culori mai intense, a unei structuri mai bogate \u0219i a unui profil aromatic mai expresiv.\" \/>\n<meta property=\"og:url\" content=\"https:\/\/www.biocult.ro\/en\/product\/vinozyme-enzime-pentru-macerare\/\" \/>\n<meta property=\"og:site_name\" content=\"Biocult\" \/>\n<meta property=\"article:modified_time\" content=\"2026-02-21T15:18:40+00:00\" \/>\n<meta property=\"og:image\" content=\"https:\/\/www.biocult.ro\/wp-content\/uploads\/2026\/02\/Vinozyme_-_enzime_pentru_macerare.jpg\" \/>\n\t<meta property=\"og:image:width\" content=\"499\" \/>\n\t<meta property=\"og:image:height\" content=\"387\" \/>\n\t<meta property=\"og:image:type\" content=\"image\/jpeg\" \/>\n<meta name=\"twitter:card\" content=\"summary_large_image\" \/>\n<meta name=\"twitter:label1\" content=\"Est. reading time\" \/>\n\t<meta name=\"twitter:data1\" content=\"1 minute\" \/>\n<script type=\"application\/ld+json\" class=\"yoast-schema-graph\">{\"@context\":\"https:\\\/\\\/schema.org\",\"@graph\":[{\"@type\":\"WebPage\",\"@id\":\"https:\\\/\\\/www.biocult.ro\\\/product\\\/vinozyme-enzime-pentru-macerare\\\/\",\"url\":\"https:\\\/\\\/www.biocult.ro\\\/product\\\/vinozyme-enzime-pentru-macerare\\\/\",\"name\":\"Vinozyme\u00ae - enzime pentru macerare - Biocult\",\"isPartOf\":{\"@id\":\"https:\\\/\\\/www.biocult.ro\\\/#website\"},\"primaryImageOfPage\":{\"@id\":\"https:\\\/\\\/www.biocult.ro\\\/product\\\/vinozyme-enzime-pentru-macerare\\\/#primaryimage\"},\"image\":{\"@id\":\"https:\\\/\\\/www.biocult.ro\\\/product\\\/vinozyme-enzime-pentru-macerare\\\/#primaryimage\"},\"thumbnailUrl\":\"https:\\\/\\\/www.biocult.ro\\\/wp-content\\\/uploads\\\/2026\\\/02\\\/Vinozyme_-_enzime_pentru_macerare.jpg\",\"datePublished\":\"2025-12-03T07:49:03+00:00\",\"dateModified\":\"2026-02-21T15:18:40+00:00\",\"breadcrumb\":{\"@id\":\"https:\\\/\\\/www.biocult.ro\\\/product\\\/vinozyme-enzime-pentru-macerare\\\/#breadcrumb\"},\"inLanguage\":\"en-US\",\"potentialAction\":[{\"@type\":\"ReadAction\",\"target\":[\"https:\\\/\\\/www.biocult.ro\\\/product\\\/vinozyme-enzime-pentru-macerare\\\/\"]}]},{\"@type\":\"ImageObject\",\"inLanguage\":\"en-US\",\"@id\":\"https:\\\/\\\/www.biocult.ro\\\/product\\\/vinozyme-enzime-pentru-macerare\\\/#primaryimage\",\"url\":\"https:\\\/\\\/www.biocult.ro\\\/wp-content\\\/uploads\\\/2026\\\/02\\\/Vinozyme_-_enzime_pentru_macerare.jpg\",\"contentUrl\":\"https:\\\/\\\/www.biocult.ro\\\/wp-content\\\/uploads\\\/2026\\\/02\\\/Vinozyme_-_enzime_pentru_macerare.jpg\",\"width\":499,\"height\":387},{\"@type\":\"BreadcrumbList\",\"@id\":\"https:\\\/\\\/www.biocult.ro\\\/product\\\/vinozyme-enzime-pentru-macerare\\\/#breadcrumb\",\"itemListElement\":[{\"@type\":\"ListItem\",\"position\":1,\"name\":\"Home\",\"item\":\"https:\\\/\\\/www.biocult.ro\\\/\"},{\"@type\":\"ListItem\",\"position\":2,\"name\":\"Produse\",\"item\":\"https:\\\/\\\/www.biocult.ro\\\/produse\\\/\"},{\"@type\":\"ListItem\",\"position\":3,\"name\":\"Vinozyme\u00ae &#8211; enzime pentru macerare\"}]},{\"@type\":\"WebSite\",\"@id\":\"https:\\\/\\\/www.biocult.ro\\\/#website\",\"url\":\"https:\\\/\\\/www.biocult.ro\\\/\",\"name\":\"Biocult\",\"description\":\"Biosolutii pentru alimente si sanatate\",\"publisher\":{\"@id\":\"https:\\\/\\\/www.biocult.ro\\\/#organization\"},\"potentialAction\":[{\"@type\":\"SearchAction\",\"target\":{\"@type\":\"EntryPoint\",\"urlTemplate\":\"https:\\\/\\\/www.biocult.ro\\\/?s={search_term_string}\"},\"query-input\":{\"@type\":\"PropertyValueSpecification\",\"valueRequired\":true,\"valueName\":\"search_term_string\"}}],\"inLanguage\":\"en-US\"},{\"@type\":\"Organization\",\"@id\":\"https:\\\/\\\/www.biocult.ro\\\/#organization\",\"name\":\"Biocult\",\"url\":\"https:\\\/\\\/www.biocult.ro\\\/\",\"logo\":{\"@type\":\"ImageObject\",\"inLanguage\":\"en-US\",\"@id\":\"https:\\\/\\\/www.biocult.ro\\\/#\\\/schema\\\/logo\\\/image\\\/\",\"url\":\"https:\\\/\\\/www.biocult.ro\\\/wp-content\\\/uploads\\\/2025\\\/10\\\/Logo-biocult-ro_Biocult-ro-1.svg\",\"contentUrl\":\"https:\\\/\\\/www.biocult.ro\\\/wp-content\\\/uploads\\\/2025\\\/10\\\/Logo-biocult-ro_Biocult-ro-1.svg\",\"width\":850,\"height\":269,\"caption\":\"Biocult\"},\"image\":{\"@id\":\"https:\\\/\\\/www.biocult.ro\\\/#\\\/schema\\\/logo\\\/image\\\/\"},\"sameAs\":[\"https:\\\/\\\/www.linkedin.com\\\/company\\\/biocult-srl\\\/\"]}]}<\/script>\n<!-- \/ Yoast SEO plugin. -->","yoast_head_json":{"title":"Vinozyme\u00ae - enzime pentru macerare - Biocult","robots":{"index":"index","follow":"follow","max-snippet":"max-snippet:-1","max-image-preview":"max-image-preview:large","max-video-preview":"max-video-preview:-1"},"canonical":"https:\/\/www.biocult.ro\/en\/product\/vinozyme-enzime-pentru-macerare\/","og_locale":"en_US","og_type":"article","og_title":"Vinozyme\u00ae - enzime pentru macerare - Biocult","og_description":"Vinozym\u00ae este gama de enzime destinat\u0103 optimiz\u0103rii procesului de macerare \u00een vinifica\u021bie. Enzimele Vinozym\u00ae sunt dezvoltate pentru a \u00eembun\u0103t\u0103\u021bi extrac\u021bia compu\u0219ilor din pieli\u021ba strugurilor, contribuind la ob\u021binerea unei culori mai intense, a unei structuri mai bogate \u0219i a unui profil aromatic mai expresiv.","og_url":"https:\/\/www.biocult.ro\/en\/product\/vinozyme-enzime-pentru-macerare\/","og_site_name":"Biocult","article_modified_time":"2026-02-21T15:18:40+00:00","og_image":[{"width":499,"height":387,"url":"https:\/\/www.biocult.ro\/wp-content\/uploads\/2026\/02\/Vinozyme_-_enzime_pentru_macerare.jpg","type":"image\/jpeg"}],"twitter_card":"summary_large_image","twitter_misc":{"Est. reading time":"1 minute"},"schema":{"@context":"https:\/\/schema.org","@graph":[{"@type":"WebPage","@id":"https:\/\/www.biocult.ro\/product\/vinozyme-enzime-pentru-macerare\/","url":"https:\/\/www.biocult.ro\/product\/vinozyme-enzime-pentru-macerare\/","name":"Vinozyme\u00ae - enzime pentru macerare - Biocult","isPartOf":{"@id":"https:\/\/www.biocult.ro\/#website"},"primaryImageOfPage":{"@id":"https:\/\/www.biocult.ro\/product\/vinozyme-enzime-pentru-macerare\/#primaryimage"},"image":{"@id":"https:\/\/www.biocult.ro\/product\/vinozyme-enzime-pentru-macerare\/#primaryimage"},"thumbnailUrl":"https:\/\/www.biocult.ro\/wp-content\/uploads\/2026\/02\/Vinozyme_-_enzime_pentru_macerare.jpg","datePublished":"2025-12-03T07:49:03+00:00","dateModified":"2026-02-21T15:18:40+00:00","breadcrumb":{"@id":"https:\/\/www.biocult.ro\/product\/vinozyme-enzime-pentru-macerare\/#breadcrumb"},"inLanguage":"en-US","potentialAction":[{"@type":"ReadAction","target":["https:\/\/www.biocult.ro\/product\/vinozyme-enzime-pentru-macerare\/"]}]},{"@type":"ImageObject","inLanguage":"en-US","@id":"https:\/\/www.biocult.ro\/product\/vinozyme-enzime-pentru-macerare\/#primaryimage","url":"https:\/\/www.biocult.ro\/wp-content\/uploads\/2026\/02\/Vinozyme_-_enzime_pentru_macerare.jpg","contentUrl":"https:\/\/www.biocult.ro\/wp-content\/uploads\/2026\/02\/Vinozyme_-_enzime_pentru_macerare.jpg","width":499,"height":387},{"@type":"BreadcrumbList","@id":"https:\/\/www.biocult.ro\/product\/vinozyme-enzime-pentru-macerare\/#breadcrumb","itemListElement":[{"@type":"ListItem","position":1,"name":"Home","item":"https:\/\/www.biocult.ro\/"},{"@type":"ListItem","position":2,"name":"Produse","item":"https:\/\/www.biocult.ro\/produse\/"},{"@type":"ListItem","position":3,"name":"Vinozyme\u00ae &#8211; enzime pentru macerare"}]},{"@type":"WebSite","@id":"https:\/\/www.biocult.ro\/#website","url":"https:\/\/www.biocult.ro\/","name":"Biocult","description":"Biosolutions for food and health","publisher":{"@id":"https:\/\/www.biocult.ro\/#organization"},"potentialAction":[{"@type":"SearchAction","target":{"@type":"EntryPoint","urlTemplate":"https:\/\/www.biocult.ro\/?s={search_term_string}"},"query-input":{"@type":"PropertyValueSpecification","valueRequired":true,"valueName":"search_term_string"}}],"inLanguage":"en-US"},{"@type":"Organization","@id":"https:\/\/www.biocult.ro\/#organization","name":"Biocult","url":"https:\/\/www.biocult.ro\/","logo":{"@type":"ImageObject","inLanguage":"en-US","@id":"https:\/\/www.biocult.ro\/#\/schema\/logo\/image\/","url":"https:\/\/www.biocult.ro\/wp-content\/uploads\/2025\/10\/Logo-biocult-ro_Biocult-ro-1.svg","contentUrl":"https:\/\/www.biocult.ro\/wp-content\/uploads\/2025\/10\/Logo-biocult-ro_Biocult-ro-1.svg","width":850,"height":269,"caption":"Biocult"},"image":{"@id":"https:\/\/www.biocult.ro\/#\/schema\/logo\/image\/"},"sameAs":["https:\/\/www.linkedin.com\/company\/biocult-srl\/"]}]}},"_links":{"self":[{"href":"https:\/\/www.biocult.ro\/en\/wp-json\/wp\/v2\/product\/14253","targetHints":{"allow":["GET"]}}],"collection":[{"href":"https:\/\/www.biocult.ro\/en\/wp-json\/wp\/v2\/product"}],"about":[{"href":"https:\/\/www.biocult.ro\/en\/wp-json\/wp\/v2\/types\/product"}],"version-history":[{"count":2,"href":"https:\/\/www.biocult.ro\/en\/wp-json\/wp\/v2\/product\/14253\/revisions"}],"predecessor-version":[{"id":16094,"href":"https:\/\/www.biocult.ro\/en\/wp-json\/wp\/v2\/product\/14253\/revisions\/16094"}],"wp:featuredmedia":[{"embeddable":true,"href":"https:\/\/www.biocult.ro\/en\/wp-json\/wp\/v2\/media\/16138"}],"wp:attachment":[{"href":"https:\/\/www.biocult.ro\/en\/wp-json\/wp\/v2\/media?parent=14253"}],"wp:term":[{"taxonomy":"product_brand","embeddable":true,"href":"https:\/\/www.biocult.ro\/en\/wp-json\/wp\/v2\/product_brand?post=14253"},{"taxonomy":"product_cat","embeddable":true,"href":"https:\/\/www.biocult.ro\/en\/wp-json\/wp\/v2\/product_cat?post=14253"},{"taxonomy":"product_tag","embeddable":true,"href":"https:\/\/www.biocult.ro\/en\/wp-json\/wp\/v2\/product_tag?post=14253"}],"curies":[{"name":"wp","href":"https:\/\/api.w.org\/{rel}","templated":true}]}}