{"id":14261,"date":"2025-12-03T08:06:51","date_gmt":"2025-12-03T08:06:51","guid":{"rendered":"https:\/\/www.biocult.ro\/?post_type=product&#038;p=14261"},"modified":"2026-02-21T15:08:20","modified_gmt":"2026-02-21T15:08:20","slug":"prosilience-hu58-probiotic-stabil-pentru-alimente-si-bauturi","status":"publish","type":"product","link":"https:\/\/www.biocult.ro\/en\/product\/prosilience-hu58-probiotic-stabil-pentru-alimente-si-bauturi\/","title":{"rendered":"ProSilience\u2122 HU58 \u2013 probiotic stabil pentru alimente \u0219i b\u0103uturi"},"content":{"rendered":"","protected":false},"excerpt":{"rendered":"<p><b>ProSilience\u2122 HU58<\/b><span style=\"font-weight: 400;\"> este o tulpin\u0103 probiotic\u0103 sporulat\u0103 de <\/span><i><span style=\"font-weight: 400;\">Bacillus subtilis<\/span><\/i><span style=\"font-weight: 400;\">, dezvoltat\u0103 pentru aplica\u021bii alimentare \u0219i de b\u0103uturi func\u021bionale. Datorit\u0103 formei sporulate, <strong>ProSilience\u2122 HU58<\/strong> ofer\u0103 <\/span><b>stabilitate ridicat\u0103 pe durata termenului de valabilitate<\/b><span style=\"font-weight: 400;\">, fiind adaptat\u0103 s\u0103 supravie\u021buiasc\u0103 condi\u021biilor dificile de procesare \u0219i s\u0103 ajung\u0103 viabil\u0103 \u00een tractul digestiv uman.<\/span><\/p>","protected":false},"featured_media":16130,"template":"","meta":[],"product_brand":[],"product_cat":[232,228,234],"product_tag":[],"class_list":{"0":"post-14261","1":"product","2":"type-product","3":"status-publish","4":"has-post-thumbnail","6":"product_cat-probiotice","7":"product_cat-probiotice-pentru-bauturi","8":"product_cat-probiotice-pentru-bauturi-si-alte-alimente-functionale","10":"first","11":"instock","12":"shipping-taxable","13":"product-type-simple"},"yoast_head":"<!-- This site is optimized with the Yoast SEO plugin v27.4 - https:\/\/yoast.com\/product\/yoast-seo-wordpress\/ -->\n<title>ProSilience\u2122 HU58 \u2013 probiotic stabil pentru alimente \u0219i b\u0103uturi - Biocult<\/title>\n<meta name=\"robots\" content=\"index, follow, max-snippet:-1, max-image-preview:large, max-video-preview:-1\" \/>\n<link rel=\"canonical\" href=\"https:\/\/www.biocult.ro\/en\/product\/prosilience-hu58-probiotic-stabil-pentru-alimente-si-bauturi\/\" \/>\n<meta property=\"og:locale\" content=\"en_US\" \/>\n<meta property=\"og:type\" content=\"article\" \/>\n<meta property=\"og:title\" content=\"ProSilience\u2122 HU58 \u2013 probiotic stabil pentru alimente \u0219i b\u0103uturi - Biocult\" \/>\n<meta property=\"og:description\" content=\"ProSilience\u2122 HU58 este o tulpin\u0103 probiotic\u0103 sporulat\u0103 de Bacillus subtilis, dezvoltat\u0103 pentru aplica\u021bii alimentare \u0219i de b\u0103uturi func\u021bionale. Datorit\u0103 formei sporulate, ProSilience\u2122 HU58 ofer\u0103 stabilitate ridicat\u0103 pe durata termenului de valabilitate, fiind adaptat\u0103 s\u0103 supravie\u021buiasc\u0103 condi\u021biilor dificile de procesare \u0219i s\u0103 ajung\u0103 viabil\u0103 \u00een tractul digestiv uman.\" \/>\n<meta property=\"og:url\" content=\"https:\/\/www.biocult.ro\/en\/product\/prosilience-hu58-probiotic-stabil-pentru-alimente-si-bauturi\/\" \/>\n<meta property=\"og:site_name\" content=\"Biocult\" \/>\n<meta property=\"article:modified_time\" content=\"2026-02-21T15:08:20+00:00\" \/>\n<meta property=\"og:image\" content=\"https:\/\/www.biocult.ro\/wp-content\/uploads\/2026\/02\/ProSilience_HU58__probiotic_stabil_pentru_alimente_i_buturi.jpg\" \/>\n\t<meta property=\"og:image:width\" content=\"499\" \/>\n\t<meta property=\"og:image:height\" content=\"387\" \/>\n\t<meta property=\"og:image:type\" content=\"image\/jpeg\" \/>\n<meta name=\"twitter:card\" content=\"summary_large_image\" \/>\n<meta name=\"twitter:label1\" content=\"Est. reading time\" \/>\n\t<meta name=\"twitter:data1\" content=\"1 minute\" \/>\n<script type=\"application\/ld+json\" class=\"yoast-schema-graph\">{\"@context\":\"https:\\\/\\\/schema.org\",\"@graph\":[{\"@type\":\"WebPage\",\"@id\":\"https:\\\/\\\/www.biocult.ro\\\/product\\\/prosilience-hu58-probiotic-stabil-pentru-alimente-si-bauturi\\\/\",\"url\":\"https:\\\/\\\/www.biocult.ro\\\/product\\\/prosilience-hu58-probiotic-stabil-pentru-alimente-si-bauturi\\\/\",\"name\":\"ProSilience\u2122 HU58 \u2013 probiotic stabil pentru alimente \u0219i b\u0103uturi - Biocult\",\"isPartOf\":{\"@id\":\"https:\\\/\\\/www.biocult.ro\\\/#website\"},\"primaryImageOfPage\":{\"@id\":\"https:\\\/\\\/www.biocult.ro\\\/product\\\/prosilience-hu58-probiotic-stabil-pentru-alimente-si-bauturi\\\/#primaryimage\"},\"image\":{\"@id\":\"https:\\\/\\\/www.biocult.ro\\\/product\\\/prosilience-hu58-probiotic-stabil-pentru-alimente-si-bauturi\\\/#primaryimage\"},\"thumbnailUrl\":\"https:\\\/\\\/www.biocult.ro\\\/wp-content\\\/uploads\\\/2026\\\/02\\\/ProSilience_HU58__probiotic_stabil_pentru_alimente_i_buturi.jpg\",\"datePublished\":\"2025-12-03T08:06:51+00:00\",\"dateModified\":\"2026-02-21T15:08:20+00:00\",\"breadcrumb\":{\"@id\":\"https:\\\/\\\/www.biocult.ro\\\/product\\\/prosilience-hu58-probiotic-stabil-pentru-alimente-si-bauturi\\\/#breadcrumb\"},\"inLanguage\":\"en-US\",\"potentialAction\":[{\"@type\":\"ReadAction\",\"target\":[\"https:\\\/\\\/www.biocult.ro\\\/product\\\/prosilience-hu58-probiotic-stabil-pentru-alimente-si-bauturi\\\/\"]}]},{\"@type\":\"ImageObject\",\"inLanguage\":\"en-US\",\"@id\":\"https:\\\/\\\/www.biocult.ro\\\/product\\\/prosilience-hu58-probiotic-stabil-pentru-alimente-si-bauturi\\\/#primaryimage\",\"url\":\"https:\\\/\\\/www.biocult.ro\\\/wp-content\\\/uploads\\\/2026\\\/02\\\/ProSilience_HU58__probiotic_stabil_pentru_alimente_i_buturi.jpg\",\"contentUrl\":\"https:\\\/\\\/www.biocult.ro\\\/wp-content\\\/uploads\\\/2026\\\/02\\\/ProSilience_HU58__probiotic_stabil_pentru_alimente_i_buturi.jpg\",\"width\":499,\"height\":387},{\"@type\":\"BreadcrumbList\",\"@id\":\"https:\\\/\\\/www.biocult.ro\\\/product\\\/prosilience-hu58-probiotic-stabil-pentru-alimente-si-bauturi\\\/#breadcrumb\",\"itemListElement\":[{\"@type\":\"ListItem\",\"position\":1,\"name\":\"Home\",\"item\":\"https:\\\/\\\/www.biocult.ro\\\/\"},{\"@type\":\"ListItem\",\"position\":2,\"name\":\"Produse\",\"item\":\"https:\\\/\\\/www.biocult.ro\\\/produse\\\/\"},{\"@type\":\"ListItem\",\"position\":3,\"name\":\"ProSilience\u2122 HU58 \u2013 probiotic stabil pentru alimente \u0219i b\u0103uturi\"}]},{\"@type\":\"WebSite\",\"@id\":\"https:\\\/\\\/www.biocult.ro\\\/#website\",\"url\":\"https:\\\/\\\/www.biocult.ro\\\/\",\"name\":\"Biocult\",\"description\":\"Biosolutii pentru alimente si sanatate\",\"publisher\":{\"@id\":\"https:\\\/\\\/www.biocult.ro\\\/#organization\"},\"potentialAction\":[{\"@type\":\"SearchAction\",\"target\":{\"@type\":\"EntryPoint\",\"urlTemplate\":\"https:\\\/\\\/www.biocult.ro\\\/?s={search_term_string}\"},\"query-input\":{\"@type\":\"PropertyValueSpecification\",\"valueRequired\":true,\"valueName\":\"search_term_string\"}}],\"inLanguage\":\"en-US\"},{\"@type\":\"Organization\",\"@id\":\"https:\\\/\\\/www.biocult.ro\\\/#organization\",\"name\":\"Biocult\",\"url\":\"https:\\\/\\\/www.biocult.ro\\\/\",\"logo\":{\"@type\":\"ImageObject\",\"inLanguage\":\"en-US\",\"@id\":\"https:\\\/\\\/www.biocult.ro\\\/#\\\/schema\\\/logo\\\/image\\\/\",\"url\":\"https:\\\/\\\/www.biocult.ro\\\/wp-content\\\/uploads\\\/2025\\\/10\\\/Logo-biocult-ro_Biocult-ro-1.svg\",\"contentUrl\":\"https:\\\/\\\/www.biocult.ro\\\/wp-content\\\/uploads\\\/2025\\\/10\\\/Logo-biocult-ro_Biocult-ro-1.svg\",\"width\":850,\"height\":269,\"caption\":\"Biocult\"},\"image\":{\"@id\":\"https:\\\/\\\/www.biocult.ro\\\/#\\\/schema\\\/logo\\\/image\\\/\"},\"sameAs\":[\"https:\\\/\\\/www.linkedin.com\\\/company\\\/biocult-srl\\\/\"]}]}<\/script>\n<!-- \/ Yoast SEO plugin. -->","yoast_head_json":{"title":"ProSilience\u2122 HU58 \u2013 probiotic stabil pentru alimente \u0219i b\u0103uturi - Biocult","robots":{"index":"index","follow":"follow","max-snippet":"max-snippet:-1","max-image-preview":"max-image-preview:large","max-video-preview":"max-video-preview:-1"},"canonical":"https:\/\/www.biocult.ro\/en\/product\/prosilience-hu58-probiotic-stabil-pentru-alimente-si-bauturi\/","og_locale":"en_US","og_type":"article","og_title":"ProSilience\u2122 HU58 \u2013 probiotic stabil pentru alimente \u0219i b\u0103uturi - Biocult","og_description":"ProSilience\u2122 HU58 este o tulpin\u0103 probiotic\u0103 sporulat\u0103 de Bacillus subtilis, dezvoltat\u0103 pentru aplica\u021bii alimentare \u0219i de b\u0103uturi func\u021bionale. Datorit\u0103 formei sporulate, ProSilience\u2122 HU58 ofer\u0103 stabilitate ridicat\u0103 pe durata termenului de valabilitate, fiind adaptat\u0103 s\u0103 supravie\u021buiasc\u0103 condi\u021biilor dificile de procesare \u0219i s\u0103 ajung\u0103 viabil\u0103 \u00een tractul digestiv uman.","og_url":"https:\/\/www.biocult.ro\/en\/product\/prosilience-hu58-probiotic-stabil-pentru-alimente-si-bauturi\/","og_site_name":"Biocult","article_modified_time":"2026-02-21T15:08:20+00:00","og_image":[{"width":499,"height":387,"url":"https:\/\/www.biocult.ro\/wp-content\/uploads\/2026\/02\/ProSilience_HU58__probiotic_stabil_pentru_alimente_i_buturi.jpg","type":"image\/jpeg"}],"twitter_card":"summary_large_image","twitter_misc":{"Est. reading time":"1 minute"},"schema":{"@context":"https:\/\/schema.org","@graph":[{"@type":"WebPage","@id":"https:\/\/www.biocult.ro\/product\/prosilience-hu58-probiotic-stabil-pentru-alimente-si-bauturi\/","url":"https:\/\/www.biocult.ro\/product\/prosilience-hu58-probiotic-stabil-pentru-alimente-si-bauturi\/","name":"ProSilience\u2122 HU58 \u2013 probiotic stabil pentru alimente \u0219i b\u0103uturi - Biocult","isPartOf":{"@id":"https:\/\/www.biocult.ro\/#website"},"primaryImageOfPage":{"@id":"https:\/\/www.biocult.ro\/product\/prosilience-hu58-probiotic-stabil-pentru-alimente-si-bauturi\/#primaryimage"},"image":{"@id":"https:\/\/www.biocult.ro\/product\/prosilience-hu58-probiotic-stabil-pentru-alimente-si-bauturi\/#primaryimage"},"thumbnailUrl":"https:\/\/www.biocult.ro\/wp-content\/uploads\/2026\/02\/ProSilience_HU58__probiotic_stabil_pentru_alimente_i_buturi.jpg","datePublished":"2025-12-03T08:06:51+00:00","dateModified":"2026-02-21T15:08:20+00:00","breadcrumb":{"@id":"https:\/\/www.biocult.ro\/product\/prosilience-hu58-probiotic-stabil-pentru-alimente-si-bauturi\/#breadcrumb"},"inLanguage":"en-US","potentialAction":[{"@type":"ReadAction","target":["https:\/\/www.biocult.ro\/product\/prosilience-hu58-probiotic-stabil-pentru-alimente-si-bauturi\/"]}]},{"@type":"ImageObject","inLanguage":"en-US","@id":"https:\/\/www.biocult.ro\/product\/prosilience-hu58-probiotic-stabil-pentru-alimente-si-bauturi\/#primaryimage","url":"https:\/\/www.biocult.ro\/wp-content\/uploads\/2026\/02\/ProSilience_HU58__probiotic_stabil_pentru_alimente_i_buturi.jpg","contentUrl":"https:\/\/www.biocult.ro\/wp-content\/uploads\/2026\/02\/ProSilience_HU58__probiotic_stabil_pentru_alimente_i_buturi.jpg","width":499,"height":387},{"@type":"BreadcrumbList","@id":"https:\/\/www.biocult.ro\/product\/prosilience-hu58-probiotic-stabil-pentru-alimente-si-bauturi\/#breadcrumb","itemListElement":[{"@type":"ListItem","position":1,"name":"Home","item":"https:\/\/www.biocult.ro\/"},{"@type":"ListItem","position":2,"name":"Produse","item":"https:\/\/www.biocult.ro\/produse\/"},{"@type":"ListItem","position":3,"name":"ProSilience\u2122 HU58 \u2013 probiotic stabil pentru alimente \u0219i b\u0103uturi"}]},{"@type":"WebSite","@id":"https:\/\/www.biocult.ro\/#website","url":"https:\/\/www.biocult.ro\/","name":"Biocult","description":"Biosolutions for food and health","publisher":{"@id":"https:\/\/www.biocult.ro\/#organization"},"potentialAction":[{"@type":"SearchAction","target":{"@type":"EntryPoint","urlTemplate":"https:\/\/www.biocult.ro\/?s={search_term_string}"},"query-input":{"@type":"PropertyValueSpecification","valueRequired":true,"valueName":"search_term_string"}}],"inLanguage":"en-US"},{"@type":"Organization","@id":"https:\/\/www.biocult.ro\/#organization","name":"Biocult","url":"https:\/\/www.biocult.ro\/","logo":{"@type":"ImageObject","inLanguage":"en-US","@id":"https:\/\/www.biocult.ro\/#\/schema\/logo\/image\/","url":"https:\/\/www.biocult.ro\/wp-content\/uploads\/2025\/10\/Logo-biocult-ro_Biocult-ro-1.svg","contentUrl":"https:\/\/www.biocult.ro\/wp-content\/uploads\/2025\/10\/Logo-biocult-ro_Biocult-ro-1.svg","width":850,"height":269,"caption":"Biocult"},"image":{"@id":"https:\/\/www.biocult.ro\/#\/schema\/logo\/image\/"},"sameAs":["https:\/\/www.linkedin.com\/company\/biocult-srl\/"]}]}},"_links":{"self":[{"href":"https:\/\/www.biocult.ro\/en\/wp-json\/wp\/v2\/product\/14261","targetHints":{"allow":["GET"]}}],"collection":[{"href":"https:\/\/www.biocult.ro\/en\/wp-json\/wp\/v2\/product"}],"about":[{"href":"https:\/\/www.biocult.ro\/en\/wp-json\/wp\/v2\/types\/product"}],"version-history":[{"count":3,"href":"https:\/\/www.biocult.ro\/en\/wp-json\/wp\/v2\/product\/14261\/revisions"}],"predecessor-version":[{"id":16092,"href":"https:\/\/www.biocult.ro\/en\/wp-json\/wp\/v2\/product\/14261\/revisions\/16092"}],"wp:featuredmedia":[{"embeddable":true,"href":"https:\/\/www.biocult.ro\/en\/wp-json\/wp\/v2\/media\/16130"}],"wp:attachment":[{"href":"https:\/\/www.biocult.ro\/en\/wp-json\/wp\/v2\/media?parent=14261"}],"wp:term":[{"taxonomy":"product_brand","embeddable":true,"href":"https:\/\/www.biocult.ro\/en\/wp-json\/wp\/v2\/product_brand?post=14261"},{"taxonomy":"product_cat","embeddable":true,"href":"https:\/\/www.biocult.ro\/en\/wp-json\/wp\/v2\/product_cat?post=14261"},{"taxonomy":"product_tag","embeddable":true,"href":"https:\/\/www.biocult.ro\/en\/wp-json\/wp\/v2\/product_tag?post=14261"}],"curies":[{"name":"wp","href":"https:\/\/api.w.org\/{rel}","templated":true}]}}