{"id":14586,"date":"2025-12-05T11:35:21","date_gmt":"2025-12-05T11:35:21","guid":{"rendered":"https:\/\/www.biocult.ro\/?post_type=product&#038;p=14586"},"modified":"2026-02-21T15:08:16","modified_gmt":"2026-02-21T15:08:16","slug":"solutii-pe-baza-de-lactaza","status":"publish","type":"product","link":"https:\/\/www.biocult.ro\/en\/product\/solutii-pe-baza-de-lactaza\/","title":{"rendered":"Solu\u021bii pe baz\u0103 de lactaz\u0103"},"content":{"rendered":"","protected":false},"excerpt":{"rendered":"<p><span style=\"font-weight: 400;\"><strong>Gama de lactaze Novonesis<\/strong> ofer\u0103 solu\u021bii complete pentru produc\u021bia de lactate cu con\u021binut redus sau zero de lactoz\u0103. De asemenea, <span class=\"word\" data-words=\"faciliteaz\u0103,faciliteaza\">faciliteaz\u0103<\/span> posibilitatea <span class=\"word\" data-words=\"produc\u021biei,productiei\">produc\u021biei<\/span> cu reducerea zah\u0103rului ad\u0103ugat. Portofoliul acoper\u0103 toate aplica\u021biile din lactate proaspete, fermentate \u0219i nefermentate, fiind adaptat at\u00e2t proceselor batch, c\u00e2t \u0219i celor cu dozare in-line sau aseptic\u0103. Cele dou\u0103 solu\u021bii principale, <\/span><b>Saphera\u00ae<\/b><span style=\"font-weight: 400;\"> and <\/span><b>Lactozym\u00ae Pure<\/b><span style=\"font-weight: 400;\">, permit produc\u0103torilor s\u0103 aleag\u0103 lactaza optim\u0103 \u00een func\u021bie de pH, temperatur\u0103 \u0219i tipul de produs, asigur\u00e2nd calitate senzorial\u0103 constant\u0103 \u0219i eficien\u021b\u0103 ridicat\u0103 de proces.<\/span><\/p>","protected":false},"featured_media":16132,"template":"","meta":[],"product_brand":[],"product_cat":[48,76],"product_tag":[],"class_list":{"0":"post-14586","1":"product","2":"type-product","3":"status-publish","4":"has-post-thumbnail","6":"product_cat-industria-laptelui","7":"product_cat-lactaza","9":"first","10":"instock","11":"shipping-taxable","12":"product-type-simple"},"yoast_head":"<!-- This site is optimized with the Yoast SEO plugin v27.4 - https:\/\/yoast.com\/product\/yoast-seo-wordpress\/ -->\n<title>Solu\u021bii pe baz\u0103 de lactaz\u0103 - Biocult<\/title>\n<meta name=\"robots\" content=\"index, follow, max-snippet:-1, max-image-preview:large, max-video-preview:-1\" \/>\n<link rel=\"canonical\" href=\"https:\/\/www.biocult.ro\/en\/product\/solutii-pe-baza-de-lactaza\/\" \/>\n<meta property=\"og:locale\" content=\"en_US\" \/>\n<meta property=\"og:type\" content=\"article\" \/>\n<meta property=\"og:title\" content=\"Solu\u021bii pe baz\u0103 de lactaz\u0103 - Biocult\" \/>\n<meta property=\"og:description\" content=\"Gama de lactaze Novonesis ofer\u0103 solu\u021bii complete pentru produc\u021bia de lactate cu con\u021binut redus sau zero de lactoz\u0103. De asemenea, faciliteaz\u0103 posibilitatea produc\u021biei cu reducerea zah\u0103rului ad\u0103ugat. Portofoliul acoper\u0103 toate aplica\u021biile din lactate proaspete, fermentate \u0219i nefermentate, fiind adaptat at\u00e2t proceselor batch, c\u00e2t \u0219i celor cu dozare in-line sau aseptic\u0103. Cele dou\u0103 solu\u021bii principale, Saphera\u00ae \u0219i Lactozym\u00ae Pure, permit produc\u0103torilor s\u0103 aleag\u0103 lactaza optim\u0103 \u00een func\u021bie de pH, temperatur\u0103 \u0219i tipul de produs, asigur\u00e2nd calitate senzorial\u0103 constant\u0103 \u0219i eficien\u021b\u0103 ridicat\u0103 de proces.\" \/>\n<meta property=\"og:url\" content=\"https:\/\/www.biocult.ro\/en\/product\/solutii-pe-baza-de-lactaza\/\" \/>\n<meta property=\"og:site_name\" content=\"Biocult\" \/>\n<meta property=\"article:modified_time\" content=\"2026-02-21T15:08:16+00:00\" \/>\n<meta property=\"og:image\" content=\"https:\/\/www.biocult.ro\/wp-content\/uploads\/2026\/02\/Soluii_pe_baz_de_lactaz.jpg\" \/>\n\t<meta property=\"og:image:width\" content=\"499\" \/>\n\t<meta property=\"og:image:height\" content=\"387\" \/>\n\t<meta property=\"og:image:type\" content=\"image\/jpeg\" \/>\n<meta name=\"twitter:card\" content=\"summary_large_image\" \/>\n<meta name=\"twitter:label1\" content=\"Est. reading time\" \/>\n\t<meta name=\"twitter:data1\" content=\"1 minute\" \/>\n<script type=\"application\/ld+json\" class=\"yoast-schema-graph\">{\"@context\":\"https:\\\/\\\/schema.org\",\"@graph\":[{\"@type\":\"WebPage\",\"@id\":\"https:\\\/\\\/www.biocult.ro\\\/product\\\/solutii-pe-baza-de-lactaza\\\/\",\"url\":\"https:\\\/\\\/www.biocult.ro\\\/product\\\/solutii-pe-baza-de-lactaza\\\/\",\"name\":\"Solu\u021bii pe baz\u0103 de lactaz\u0103 - Biocult\",\"isPartOf\":{\"@id\":\"https:\\\/\\\/www.biocult.ro\\\/#website\"},\"primaryImageOfPage\":{\"@id\":\"https:\\\/\\\/www.biocult.ro\\\/product\\\/solutii-pe-baza-de-lactaza\\\/#primaryimage\"},\"image\":{\"@id\":\"https:\\\/\\\/www.biocult.ro\\\/product\\\/solutii-pe-baza-de-lactaza\\\/#primaryimage\"},\"thumbnailUrl\":\"https:\\\/\\\/www.biocult.ro\\\/wp-content\\\/uploads\\\/2026\\\/02\\\/Soluii_pe_baz_de_lactaz.jpg\",\"datePublished\":\"2025-12-05T11:35:21+00:00\",\"dateModified\":\"2026-02-21T15:08:16+00:00\",\"breadcrumb\":{\"@id\":\"https:\\\/\\\/www.biocult.ro\\\/product\\\/solutii-pe-baza-de-lactaza\\\/#breadcrumb\"},\"inLanguage\":\"en-US\",\"potentialAction\":[{\"@type\":\"ReadAction\",\"target\":[\"https:\\\/\\\/www.biocult.ro\\\/product\\\/solutii-pe-baza-de-lactaza\\\/\"]}]},{\"@type\":\"ImageObject\",\"inLanguage\":\"en-US\",\"@id\":\"https:\\\/\\\/www.biocult.ro\\\/product\\\/solutii-pe-baza-de-lactaza\\\/#primaryimage\",\"url\":\"https:\\\/\\\/www.biocult.ro\\\/wp-content\\\/uploads\\\/2026\\\/02\\\/Soluii_pe_baz_de_lactaz.jpg\",\"contentUrl\":\"https:\\\/\\\/www.biocult.ro\\\/wp-content\\\/uploads\\\/2026\\\/02\\\/Soluii_pe_baz_de_lactaz.jpg\",\"width\":499,\"height\":387},{\"@type\":\"BreadcrumbList\",\"@id\":\"https:\\\/\\\/www.biocult.ro\\\/product\\\/solutii-pe-baza-de-lactaza\\\/#breadcrumb\",\"itemListElement\":[{\"@type\":\"ListItem\",\"position\":1,\"name\":\"Home\",\"item\":\"https:\\\/\\\/www.biocult.ro\\\/\"},{\"@type\":\"ListItem\",\"position\":2,\"name\":\"Produse\",\"item\":\"https:\\\/\\\/www.biocult.ro\\\/produse\\\/\"},{\"@type\":\"ListItem\",\"position\":3,\"name\":\"Solu\u021bii pe baz\u0103 de lactaz\u0103\"}]},{\"@type\":\"WebSite\",\"@id\":\"https:\\\/\\\/www.biocult.ro\\\/#website\",\"url\":\"https:\\\/\\\/www.biocult.ro\\\/\",\"name\":\"Biocult\",\"description\":\"Biosolutii pentru alimente si sanatate\",\"publisher\":{\"@id\":\"https:\\\/\\\/www.biocult.ro\\\/#organization\"},\"potentialAction\":[{\"@type\":\"SearchAction\",\"target\":{\"@type\":\"EntryPoint\",\"urlTemplate\":\"https:\\\/\\\/www.biocult.ro\\\/?s={search_term_string}\"},\"query-input\":{\"@type\":\"PropertyValueSpecification\",\"valueRequired\":true,\"valueName\":\"search_term_string\"}}],\"inLanguage\":\"en-US\"},{\"@type\":\"Organization\",\"@id\":\"https:\\\/\\\/www.biocult.ro\\\/#organization\",\"name\":\"Biocult\",\"url\":\"https:\\\/\\\/www.biocult.ro\\\/\",\"logo\":{\"@type\":\"ImageObject\",\"inLanguage\":\"en-US\",\"@id\":\"https:\\\/\\\/www.biocult.ro\\\/#\\\/schema\\\/logo\\\/image\\\/\",\"url\":\"https:\\\/\\\/www.biocult.ro\\\/wp-content\\\/uploads\\\/2025\\\/10\\\/Logo-biocult-ro_Biocult-ro-1.svg\",\"contentUrl\":\"https:\\\/\\\/www.biocult.ro\\\/wp-content\\\/uploads\\\/2025\\\/10\\\/Logo-biocult-ro_Biocult-ro-1.svg\",\"width\":850,\"height\":269,\"caption\":\"Biocult\"},\"image\":{\"@id\":\"https:\\\/\\\/www.biocult.ro\\\/#\\\/schema\\\/logo\\\/image\\\/\"},\"sameAs\":[\"https:\\\/\\\/www.linkedin.com\\\/company\\\/biocult-srl\\\/\"]}]}<\/script>\n<!-- \/ Yoast SEO plugin. -->","yoast_head_json":{"title":"Solu\u021bii pe baz\u0103 de lactaz\u0103 - Biocult","robots":{"index":"index","follow":"follow","max-snippet":"max-snippet:-1","max-image-preview":"max-image-preview:large","max-video-preview":"max-video-preview:-1"},"canonical":"https:\/\/www.biocult.ro\/en\/product\/solutii-pe-baza-de-lactaza\/","og_locale":"en_US","og_type":"article","og_title":"Solu\u021bii pe baz\u0103 de lactaz\u0103 - Biocult","og_description":"Gama de lactaze Novonesis ofer\u0103 solu\u021bii complete pentru produc\u021bia de lactate cu con\u021binut redus sau zero de lactoz\u0103. De asemenea, faciliteaz\u0103 posibilitatea produc\u021biei cu reducerea zah\u0103rului ad\u0103ugat. Portofoliul acoper\u0103 toate aplica\u021biile din lactate proaspete, fermentate \u0219i nefermentate, fiind adaptat at\u00e2t proceselor batch, c\u00e2t \u0219i celor cu dozare in-line sau aseptic\u0103. Cele dou\u0103 solu\u021bii principale, Saphera\u00ae \u0219i Lactozym\u00ae Pure, permit produc\u0103torilor s\u0103 aleag\u0103 lactaza optim\u0103 \u00een func\u021bie de pH, temperatur\u0103 \u0219i tipul de produs, asigur\u00e2nd calitate senzorial\u0103 constant\u0103 \u0219i eficien\u021b\u0103 ridicat\u0103 de proces.","og_url":"https:\/\/www.biocult.ro\/en\/product\/solutii-pe-baza-de-lactaza\/","og_site_name":"Biocult","article_modified_time":"2026-02-21T15:08:16+00:00","og_image":[{"width":499,"height":387,"url":"https:\/\/www.biocult.ro\/wp-content\/uploads\/2026\/02\/Soluii_pe_baz_de_lactaz.jpg","type":"image\/jpeg"}],"twitter_card":"summary_large_image","twitter_misc":{"Est. reading time":"1 minute"},"schema":{"@context":"https:\/\/schema.org","@graph":[{"@type":"WebPage","@id":"https:\/\/www.biocult.ro\/product\/solutii-pe-baza-de-lactaza\/","url":"https:\/\/www.biocult.ro\/product\/solutii-pe-baza-de-lactaza\/","name":"Solu\u021bii pe baz\u0103 de lactaz\u0103 - Biocult","isPartOf":{"@id":"https:\/\/www.biocult.ro\/#website"},"primaryImageOfPage":{"@id":"https:\/\/www.biocult.ro\/product\/solutii-pe-baza-de-lactaza\/#primaryimage"},"image":{"@id":"https:\/\/www.biocult.ro\/product\/solutii-pe-baza-de-lactaza\/#primaryimage"},"thumbnailUrl":"https:\/\/www.biocult.ro\/wp-content\/uploads\/2026\/02\/Soluii_pe_baz_de_lactaz.jpg","datePublished":"2025-12-05T11:35:21+00:00","dateModified":"2026-02-21T15:08:16+00:00","breadcrumb":{"@id":"https:\/\/www.biocult.ro\/product\/solutii-pe-baza-de-lactaza\/#breadcrumb"},"inLanguage":"en-US","potentialAction":[{"@type":"ReadAction","target":["https:\/\/www.biocult.ro\/product\/solutii-pe-baza-de-lactaza\/"]}]},{"@type":"ImageObject","inLanguage":"en-US","@id":"https:\/\/www.biocult.ro\/product\/solutii-pe-baza-de-lactaza\/#primaryimage","url":"https:\/\/www.biocult.ro\/wp-content\/uploads\/2026\/02\/Soluii_pe_baz_de_lactaz.jpg","contentUrl":"https:\/\/www.biocult.ro\/wp-content\/uploads\/2026\/02\/Soluii_pe_baz_de_lactaz.jpg","width":499,"height":387},{"@type":"BreadcrumbList","@id":"https:\/\/www.biocult.ro\/product\/solutii-pe-baza-de-lactaza\/#breadcrumb","itemListElement":[{"@type":"ListItem","position":1,"name":"Home","item":"https:\/\/www.biocult.ro\/"},{"@type":"ListItem","position":2,"name":"Produse","item":"https:\/\/www.biocult.ro\/produse\/"},{"@type":"ListItem","position":3,"name":"Solu\u021bii pe baz\u0103 de lactaz\u0103"}]},{"@type":"WebSite","@id":"https:\/\/www.biocult.ro\/#website","url":"https:\/\/www.biocult.ro\/","name":"Biocult","description":"Biosolutions for food and health","publisher":{"@id":"https:\/\/www.biocult.ro\/#organization"},"potentialAction":[{"@type":"SearchAction","target":{"@type":"EntryPoint","urlTemplate":"https:\/\/www.biocult.ro\/?s={search_term_string}"},"query-input":{"@type":"PropertyValueSpecification","valueRequired":true,"valueName":"search_term_string"}}],"inLanguage":"en-US"},{"@type":"Organization","@id":"https:\/\/www.biocult.ro\/#organization","name":"Biocult","url":"https:\/\/www.biocult.ro\/","logo":{"@type":"ImageObject","inLanguage":"en-US","@id":"https:\/\/www.biocult.ro\/#\/schema\/logo\/image\/","url":"https:\/\/www.biocult.ro\/wp-content\/uploads\/2025\/10\/Logo-biocult-ro_Biocult-ro-1.svg","contentUrl":"https:\/\/www.biocult.ro\/wp-content\/uploads\/2025\/10\/Logo-biocult-ro_Biocult-ro-1.svg","width":850,"height":269,"caption":"Biocult"},"image":{"@id":"https:\/\/www.biocult.ro\/#\/schema\/logo\/image\/"},"sameAs":["https:\/\/www.linkedin.com\/company\/biocult-srl\/"]}]}},"_links":{"self":[{"href":"https:\/\/www.biocult.ro\/en\/wp-json\/wp\/v2\/product\/14586","targetHints":{"allow":["GET"]}}],"collection":[{"href":"https:\/\/www.biocult.ro\/en\/wp-json\/wp\/v2\/product"}],"about":[{"href":"https:\/\/www.biocult.ro\/en\/wp-json\/wp\/v2\/types\/product"}],"version-history":[{"count":5,"href":"https:\/\/www.biocult.ro\/en\/wp-json\/wp\/v2\/product\/14586\/revisions"}],"predecessor-version":[{"id":16093,"href":"https:\/\/www.biocult.ro\/en\/wp-json\/wp\/v2\/product\/14586\/revisions\/16093"}],"wp:featuredmedia":[{"embeddable":true,"href":"https:\/\/www.biocult.ro\/en\/wp-json\/wp\/v2\/media\/16132"}],"wp:attachment":[{"href":"https:\/\/www.biocult.ro\/en\/wp-json\/wp\/v2\/media?parent=14586"}],"wp:term":[{"taxonomy":"product_brand","embeddable":true,"href":"https:\/\/www.biocult.ro\/en\/wp-json\/wp\/v2\/product_brand?post=14586"},{"taxonomy":"product_cat","embeddable":true,"href":"https:\/\/www.biocult.ro\/en\/wp-json\/wp\/v2\/product_cat?post=14586"},{"taxonomy":"product_tag","embeddable":true,"href":"https:\/\/www.biocult.ro\/en\/wp-json\/wp\/v2\/product_tag?post=14586"}],"curies":[{"name":"wp","href":"https:\/\/api.w.org\/{rel}","templated":true}]}}