{"id":14604,"date":"2025-12-05T12:10:11","date_gmt":"2025-12-05T12:10:11","guid":{"rendered":"https:\/\/www.biocult.ro\/?post_type=product&#038;p=14604"},"modified":"2026-02-24T12:18:22","modified_gmt":"2026-02-24T12:18:22","slug":"teste-de-antibiotic-cu-incubare-milksafe","status":"publish","type":"product","link":"https:\/\/www.biocult.ro\/en\/product\/teste-de-antibiotic-cu-incubare-milksafe\/","title":{"rendered":"Teste de antibiotic cu incubare MilkSafe\u00ae"},"content":{"rendered":"","protected":false},"excerpt":{"rendered":"<p><b>MilkSafe\u2122<\/b> and <b>MilkSafe\u2122 FAST<\/b> sunt teste rapide imunocromatografice (lateral-flow) pentru screeningul reziduurilor de antibiotice din lapte. Sistemul este conceput pentru utilizare simpl\u0103, rezultate rapide \u0219i integrare digital\u0103, fiind potrivit pentru ferme, centre de colectare \u0219i unit\u0103\u021bi de procesare.<\/p>\n<p>Portofoliul include dou\u0103 tipuri de test:<\/p>\n<ul>\n<li aria-level=\"1\"><b>MilkSafe\u2122<\/b> \u2013 test standard tip strip, cu incubare \u00eentr-o singur\u0103 etap\u0103<\/li>\n<li aria-level=\"1\"><b>MilkSafe\u2122 FAST<\/b> \u2013 test tip caset\u0103, \u00eentr-o singur\u0103 etap\u0103, cu manipulare \u00eembun\u0103t\u0103\u021bit\u0103 \u0219i trasabilitate complet\u0103 prin cod QR unic<\/li>\n<\/ul>\n<p>Ambele variante sunt compatibile cu interpretare vizual\u0103 sau prin cititor dedicat \u0219i pot fi integrate \u00eentr-un sistem digital de gestionare a datelor.<\/p>","protected":false},"featured_media":16208,"template":"","meta":[],"product_brand":[],"product_cat":[48,218],"product_tag":[],"class_list":{"0":"post-14604","1":"product","2":"type-product","3":"status-publish","4":"has-post-thumbnail","6":"product_cat-industria-laptelui","7":"product_cat-teste-si-aparate-de-laborator","9":"first","10":"instock","11":"shipping-taxable","12":"product-type-simple"},"yoast_head":"<!-- This site is optimized with the Yoast SEO plugin v27.4 - https:\/\/yoast.com\/product\/yoast-seo-wordpress\/ -->\n<title>Teste de antibiotic cu incubare MilkSafe\u00ae - Biocult<\/title>\n<meta name=\"robots\" content=\"index, follow, max-snippet:-1, max-image-preview:large, max-video-preview:-1\" \/>\n<link rel=\"canonical\" href=\"https:\/\/www.biocult.ro\/en\/product\/teste-de-antibiotic-cu-incubare-milksafe\/\" \/>\n<meta property=\"og:locale\" content=\"en_US\" \/>\n<meta property=\"og:type\" content=\"article\" \/>\n<meta property=\"og:title\" content=\"Teste de antibiotic cu incubare MilkSafe\u00ae - Biocult\" \/>\n<meta property=\"og:description\" content=\"MilkSafe\u2122 \u0219i MilkSafe\u2122 FAST sunt teste rapide imunocromatografice (lateral-flow) pentru screeningul reziduurilor de antibiotice din lapte. Sistemul este conceput pentru utilizare simpl\u0103, rezultate rapide \u0219i integrare digital\u0103, fiind potrivit pentru ferme, centre de colectare \u0219i unit\u0103\u021bi de procesare.  Portofoliul include dou\u0103 tipuri de test:   MilkSafe\u2122 \u2013 test standard tip strip, cu incubare \u00eentr-o singur\u0103 etap\u0103  MilkSafe\u2122 FAST \u2013 test tip caset\u0103, \u00eentr-o singur\u0103 etap\u0103, cu manipulare \u00eembun\u0103t\u0103\u021bit\u0103 \u0219i trasabilitate complet\u0103 prin cod QR unic  Ambele variante sunt compatibile cu interpretare vizual\u0103 sau prin cititor dedicat \u0219i pot fi integrate \u00eentr-un sistem digital de gestionare a datelor.\" \/>\n<meta property=\"og:url\" content=\"https:\/\/www.biocult.ro\/en\/product\/teste-de-antibiotic-cu-incubare-milksafe\/\" \/>\n<meta property=\"og:site_name\" content=\"Biocult\" \/>\n<meta property=\"article:modified_time\" content=\"2026-02-24T12:18:22+00:00\" \/>\n<meta property=\"og:image\" content=\"https:\/\/www.biocult.ro\/wp-content\/uploads\/2025\/12\/teste-de-antibiotic-cu-incubare-milksafe.png\" \/>\n\t<meta property=\"og:image:width\" content=\"499\" \/>\n\t<meta property=\"og:image:height\" content=\"387\" \/>\n\t<meta property=\"og:image:type\" content=\"image\/png\" \/>\n<meta name=\"twitter:card\" content=\"summary_large_image\" \/>\n<meta name=\"twitter:label1\" content=\"Est. reading time\" \/>\n\t<meta name=\"twitter:data1\" content=\"1 minute\" \/>\n<script type=\"application\/ld+json\" class=\"yoast-schema-graph\">{\"@context\":\"https:\\\/\\\/schema.org\",\"@graph\":[{\"@type\":\"WebPage\",\"@id\":\"https:\\\/\\\/www.biocult.ro\\\/product\\\/teste-de-antibiotic-cu-incubare-milksafe\\\/\",\"url\":\"https:\\\/\\\/www.biocult.ro\\\/product\\\/teste-de-antibiotic-cu-incubare-milksafe\\\/\",\"name\":\"Teste de antibiotic cu incubare MilkSafe\u00ae - Biocult\",\"isPartOf\":{\"@id\":\"https:\\\/\\\/www.biocult.ro\\\/#website\"},\"primaryImageOfPage\":{\"@id\":\"https:\\\/\\\/www.biocult.ro\\\/product\\\/teste-de-antibiotic-cu-incubare-milksafe\\\/#primaryimage\"},\"image\":{\"@id\":\"https:\\\/\\\/www.biocult.ro\\\/product\\\/teste-de-antibiotic-cu-incubare-milksafe\\\/#primaryimage\"},\"thumbnailUrl\":\"https:\\\/\\\/www.biocult.ro\\\/wp-content\\\/uploads\\\/2025\\\/12\\\/teste-de-antibiotic-cu-incubare-milksafe.png\",\"datePublished\":\"2025-12-05T12:10:11+00:00\",\"dateModified\":\"2026-02-24T12:18:22+00:00\",\"breadcrumb\":{\"@id\":\"https:\\\/\\\/www.biocult.ro\\\/product\\\/teste-de-antibiotic-cu-incubare-milksafe\\\/#breadcrumb\"},\"inLanguage\":\"en-US\",\"potentialAction\":[{\"@type\":\"ReadAction\",\"target\":[\"https:\\\/\\\/www.biocult.ro\\\/product\\\/teste-de-antibiotic-cu-incubare-milksafe\\\/\"]}]},{\"@type\":\"ImageObject\",\"inLanguage\":\"en-US\",\"@id\":\"https:\\\/\\\/www.biocult.ro\\\/product\\\/teste-de-antibiotic-cu-incubare-milksafe\\\/#primaryimage\",\"url\":\"https:\\\/\\\/www.biocult.ro\\\/wp-content\\\/uploads\\\/2025\\\/12\\\/teste-de-antibiotic-cu-incubare-milksafe.png\",\"contentUrl\":\"https:\\\/\\\/www.biocult.ro\\\/wp-content\\\/uploads\\\/2025\\\/12\\\/teste-de-antibiotic-cu-incubare-milksafe.png\",\"width\":499,\"height\":387},{\"@type\":\"BreadcrumbList\",\"@id\":\"https:\\\/\\\/www.biocult.ro\\\/product\\\/teste-de-antibiotic-cu-incubare-milksafe\\\/#breadcrumb\",\"itemListElement\":[{\"@type\":\"ListItem\",\"position\":1,\"name\":\"Home\",\"item\":\"https:\\\/\\\/www.biocult.ro\\\/\"},{\"@type\":\"ListItem\",\"position\":2,\"name\":\"Produse\",\"item\":\"https:\\\/\\\/www.biocult.ro\\\/produse\\\/\"},{\"@type\":\"ListItem\",\"position\":3,\"name\":\"Teste de antibiotic cu incubare MilkSafe\u00ae\"}]},{\"@type\":\"WebSite\",\"@id\":\"https:\\\/\\\/www.biocult.ro\\\/#website\",\"url\":\"https:\\\/\\\/www.biocult.ro\\\/\",\"name\":\"Biocult\",\"description\":\"Biosolutii pentru alimente si sanatate\",\"publisher\":{\"@id\":\"https:\\\/\\\/www.biocult.ro\\\/#organization\"},\"potentialAction\":[{\"@type\":\"SearchAction\",\"target\":{\"@type\":\"EntryPoint\",\"urlTemplate\":\"https:\\\/\\\/www.biocult.ro\\\/?s={search_term_string}\"},\"query-input\":{\"@type\":\"PropertyValueSpecification\",\"valueRequired\":true,\"valueName\":\"search_term_string\"}}],\"inLanguage\":\"en-US\"},{\"@type\":\"Organization\",\"@id\":\"https:\\\/\\\/www.biocult.ro\\\/#organization\",\"name\":\"Biocult\",\"url\":\"https:\\\/\\\/www.biocult.ro\\\/\",\"logo\":{\"@type\":\"ImageObject\",\"inLanguage\":\"en-US\",\"@id\":\"https:\\\/\\\/www.biocult.ro\\\/#\\\/schema\\\/logo\\\/image\\\/\",\"url\":\"https:\\\/\\\/www.biocult.ro\\\/wp-content\\\/uploads\\\/2025\\\/10\\\/Logo-biocult-ro_Biocult-ro-1.svg\",\"contentUrl\":\"https:\\\/\\\/www.biocult.ro\\\/wp-content\\\/uploads\\\/2025\\\/10\\\/Logo-biocult-ro_Biocult-ro-1.svg\",\"width\":850,\"height\":269,\"caption\":\"Biocult\"},\"image\":{\"@id\":\"https:\\\/\\\/www.biocult.ro\\\/#\\\/schema\\\/logo\\\/image\\\/\"},\"sameAs\":[\"https:\\\/\\\/www.linkedin.com\\\/company\\\/biocult-srl\\\/\"]}]}<\/script>\n<!-- \/ Yoast SEO plugin. -->","yoast_head_json":{"title":"Teste de antibiotic cu incubare MilkSafe\u00ae - Biocult","robots":{"index":"index","follow":"follow","max-snippet":"max-snippet:-1","max-image-preview":"max-image-preview:large","max-video-preview":"max-video-preview:-1"},"canonical":"https:\/\/www.biocult.ro\/en\/product\/teste-de-antibiotic-cu-incubare-milksafe\/","og_locale":"en_US","og_type":"article","og_title":"Teste de antibiotic cu incubare MilkSafe\u00ae - Biocult","og_description":"MilkSafe\u2122 \u0219i MilkSafe\u2122 FAST sunt teste rapide imunocromatografice (lateral-flow) pentru screeningul reziduurilor de antibiotice din lapte. Sistemul este conceput pentru utilizare simpl\u0103, rezultate rapide \u0219i integrare digital\u0103, fiind potrivit pentru ferme, centre de colectare \u0219i unit\u0103\u021bi de procesare.  Portofoliul include dou\u0103 tipuri de test:   MilkSafe\u2122 \u2013 test standard tip strip, cu incubare \u00eentr-o singur\u0103 etap\u0103  MilkSafe\u2122 FAST \u2013 test tip caset\u0103, \u00eentr-o singur\u0103 etap\u0103, cu manipulare \u00eembun\u0103t\u0103\u021bit\u0103 \u0219i trasabilitate complet\u0103 prin cod QR unic  Ambele variante sunt compatibile cu interpretare vizual\u0103 sau prin cititor dedicat \u0219i pot fi integrate \u00eentr-un sistem digital de gestionare a datelor.","og_url":"https:\/\/www.biocult.ro\/en\/product\/teste-de-antibiotic-cu-incubare-milksafe\/","og_site_name":"Biocult","article_modified_time":"2026-02-24T12:18:22+00:00","og_image":[{"width":499,"height":387,"url":"https:\/\/www.biocult.ro\/wp-content\/uploads\/2025\/12\/teste-de-antibiotic-cu-incubare-milksafe.png","type":"image\/png"}],"twitter_card":"summary_large_image","twitter_misc":{"Est. reading time":"1 minute"},"schema":{"@context":"https:\/\/schema.org","@graph":[{"@type":"WebPage","@id":"https:\/\/www.biocult.ro\/product\/teste-de-antibiotic-cu-incubare-milksafe\/","url":"https:\/\/www.biocult.ro\/product\/teste-de-antibiotic-cu-incubare-milksafe\/","name":"Teste de antibiotic cu incubare MilkSafe\u00ae - Biocult","isPartOf":{"@id":"https:\/\/www.biocult.ro\/#website"},"primaryImageOfPage":{"@id":"https:\/\/www.biocult.ro\/product\/teste-de-antibiotic-cu-incubare-milksafe\/#primaryimage"},"image":{"@id":"https:\/\/www.biocult.ro\/product\/teste-de-antibiotic-cu-incubare-milksafe\/#primaryimage"},"thumbnailUrl":"https:\/\/www.biocult.ro\/wp-content\/uploads\/2025\/12\/teste-de-antibiotic-cu-incubare-milksafe.png","datePublished":"2025-12-05T12:10:11+00:00","dateModified":"2026-02-24T12:18:22+00:00","breadcrumb":{"@id":"https:\/\/www.biocult.ro\/product\/teste-de-antibiotic-cu-incubare-milksafe\/#breadcrumb"},"inLanguage":"en-US","potentialAction":[{"@type":"ReadAction","target":["https:\/\/www.biocult.ro\/product\/teste-de-antibiotic-cu-incubare-milksafe\/"]}]},{"@type":"ImageObject","inLanguage":"en-US","@id":"https:\/\/www.biocult.ro\/product\/teste-de-antibiotic-cu-incubare-milksafe\/#primaryimage","url":"https:\/\/www.biocult.ro\/wp-content\/uploads\/2025\/12\/teste-de-antibiotic-cu-incubare-milksafe.png","contentUrl":"https:\/\/www.biocult.ro\/wp-content\/uploads\/2025\/12\/teste-de-antibiotic-cu-incubare-milksafe.png","width":499,"height":387},{"@type":"BreadcrumbList","@id":"https:\/\/www.biocult.ro\/product\/teste-de-antibiotic-cu-incubare-milksafe\/#breadcrumb","itemListElement":[{"@type":"ListItem","position":1,"name":"Home","item":"https:\/\/www.biocult.ro\/"},{"@type":"ListItem","position":2,"name":"Produse","item":"https:\/\/www.biocult.ro\/produse\/"},{"@type":"ListItem","position":3,"name":"Teste de antibiotic cu incubare MilkSafe\u00ae"}]},{"@type":"WebSite","@id":"https:\/\/www.biocult.ro\/#website","url":"https:\/\/www.biocult.ro\/","name":"Biocult","description":"Biosolutions for food and health","publisher":{"@id":"https:\/\/www.biocult.ro\/#organization"},"potentialAction":[{"@type":"SearchAction","target":{"@type":"EntryPoint","urlTemplate":"https:\/\/www.biocult.ro\/?s={search_term_string}"},"query-input":{"@type":"PropertyValueSpecification","valueRequired":true,"valueName":"search_term_string"}}],"inLanguage":"en-US"},{"@type":"Organization","@id":"https:\/\/www.biocult.ro\/#organization","name":"Biocult","url":"https:\/\/www.biocult.ro\/","logo":{"@type":"ImageObject","inLanguage":"en-US","@id":"https:\/\/www.biocult.ro\/#\/schema\/logo\/image\/","url":"https:\/\/www.biocult.ro\/wp-content\/uploads\/2025\/10\/Logo-biocult-ro_Biocult-ro-1.svg","contentUrl":"https:\/\/www.biocult.ro\/wp-content\/uploads\/2025\/10\/Logo-biocult-ro_Biocult-ro-1.svg","width":850,"height":269,"caption":"Biocult"},"image":{"@id":"https:\/\/www.biocult.ro\/#\/schema\/logo\/image\/"},"sameAs":["https:\/\/www.linkedin.com\/company\/biocult-srl\/"]}]}},"_links":{"self":[{"href":"https:\/\/www.biocult.ro\/en\/wp-json\/wp\/v2\/product\/14604","targetHints":{"allow":["GET"]}}],"collection":[{"href":"https:\/\/www.biocult.ro\/en\/wp-json\/wp\/v2\/product"}],"about":[{"href":"https:\/\/www.biocult.ro\/en\/wp-json\/wp\/v2\/types\/product"}],"version-history":[{"count":4,"href":"https:\/\/www.biocult.ro\/en\/wp-json\/wp\/v2\/product\/14604\/revisions"}],"predecessor-version":[{"id":16178,"href":"https:\/\/www.biocult.ro\/en\/wp-json\/wp\/v2\/product\/14604\/revisions\/16178"}],"wp:featuredmedia":[{"embeddable":true,"href":"https:\/\/www.biocult.ro\/en\/wp-json\/wp\/v2\/media\/16208"}],"wp:attachment":[{"href":"https:\/\/www.biocult.ro\/en\/wp-json\/wp\/v2\/media?parent=14604"}],"wp:term":[{"taxonomy":"product_brand","embeddable":true,"href":"https:\/\/www.biocult.ro\/en\/wp-json\/wp\/v2\/product_brand?post=14604"},{"taxonomy":"product_cat","embeddable":true,"href":"https:\/\/www.biocult.ro\/en\/wp-json\/wp\/v2\/product_cat?post=14604"},{"taxonomy":"product_tag","embeddable":true,"href":"https:\/\/www.biocult.ro\/en\/wp-json\/wp\/v2\/product_tag?post=14604"}],"curies":[{"name":"wp","href":"https:\/\/api.w.org\/{rel}","templated":true}]}}