{"id":14610,"date":"2025-12-05T12:15:41","date_gmt":"2025-12-05T12:15:41","guid":{"rendered":"https:\/\/www.biocult.ro\/?post_type=product&#038;p=14610"},"modified":"2026-02-24T12:19:33","modified_gmt":"2026-02-24T12:19:33","slug":"teste-determinare-aflatoxina-m1-cantitativ-bioeasy","status":"publish","type":"product","link":"https:\/\/www.biocult.ro\/en\/product\/teste-determinare-aflatoxina-m1-cantitativ-bioeasy\/","title":{"rendered":"Teste determinare Aflatoxina M1 cantitativ Bioeasy\u00ae"},"content":{"rendered":"","protected":false},"excerpt":{"rendered":"<p><b>Bioeasy \u2013 test Aflatoxin\u0103 M1<\/b> este un test rapid imunocromatografic pentru detectarea reziduurilor de <b>Aflatoxin\u0103 M1<\/b> \u00een lapte \u0219i produse lactate. Bazat pe tehnologia <i>colloidal gold immunochromatography<\/i>, testul ofer\u0103 rezultate rapide \u0219i fiabile, \u00eentr-un interval scurt de timp, f\u0103r\u0103 echipamente complexe.<\/p>","protected":false},"featured_media":16210,"template":"","meta":[],"product_brand":[],"product_cat":[48,218],"product_tag":[],"class_list":{"0":"post-14610","1":"product","2":"type-product","3":"status-publish","4":"has-post-thumbnail","6":"product_cat-industria-laptelui","7":"product_cat-teste-si-aparate-de-laborator","9":"first","10":"instock","11":"shipping-taxable","12":"product-type-simple"},"yoast_head":"<!-- This site is optimized with the Yoast SEO plugin v27.4 - https:\/\/yoast.com\/product\/yoast-seo-wordpress\/ -->\n<title>Teste determinare Aflatoxina M1 cantitativ Bioeasy\u00ae - Biocult<\/title>\n<meta name=\"robots\" content=\"index, follow, max-snippet:-1, max-image-preview:large, max-video-preview:-1\" \/>\n<link rel=\"canonical\" href=\"https:\/\/www.biocult.ro\/en\/product\/teste-determinare-aflatoxina-m1-cantitativ-bioeasy\/\" \/>\n<meta property=\"og:locale\" content=\"en_US\" \/>\n<meta property=\"og:type\" content=\"article\" \/>\n<meta property=\"og:title\" content=\"Teste determinare Aflatoxina M1 cantitativ Bioeasy\u00ae - Biocult\" \/>\n<meta property=\"og:description\" content=\"Bioeasy \u2013 test Aflatoxin\u0103 M1 este un test rapid imunocromatografic pentru detectarea reziduurilor de Aflatoxin\u0103 M1 \u00een lapte \u0219i produse lactate. Bazat pe tehnologia colloidal gold immunochromatography, testul ofer\u0103 rezultate rapide \u0219i fiabile, \u00eentr-un interval scurt de timp, f\u0103r\u0103 echipamente complexe.\" \/>\n<meta property=\"og:url\" content=\"https:\/\/www.biocult.ro\/en\/product\/teste-determinare-aflatoxina-m1-cantitativ-bioeasy\/\" \/>\n<meta property=\"og:site_name\" content=\"Biocult\" \/>\n<meta property=\"article:modified_time\" content=\"2026-02-24T12:19:33+00:00\" \/>\n<meta property=\"og:image\" content=\"https:\/\/www.biocult.ro\/wp-content\/uploads\/2025\/12\/teste-determinare-aflatoxina-m1-cantitativ-bioeasy.png\" \/>\n\t<meta property=\"og:image:width\" content=\"499\" \/>\n\t<meta property=\"og:image:height\" content=\"387\" \/>\n\t<meta property=\"og:image:type\" content=\"image\/png\" \/>\n<meta name=\"twitter:card\" content=\"summary_large_image\" \/>\n<meta name=\"twitter:label1\" content=\"Est. reading time\" \/>\n\t<meta name=\"twitter:data1\" content=\"1 minute\" \/>\n<script type=\"application\/ld+json\" class=\"yoast-schema-graph\">{\"@context\":\"https:\\\/\\\/schema.org\",\"@graph\":[{\"@type\":\"WebPage\",\"@id\":\"https:\\\/\\\/www.biocult.ro\\\/product\\\/teste-determinare-aflatoxina-m1-cantitativ-bioeasy\\\/\",\"url\":\"https:\\\/\\\/www.biocult.ro\\\/product\\\/teste-determinare-aflatoxina-m1-cantitativ-bioeasy\\\/\",\"name\":\"Teste determinare Aflatoxina M1 cantitativ Bioeasy\u00ae - Biocult\",\"isPartOf\":{\"@id\":\"https:\\\/\\\/www.biocult.ro\\\/#website\"},\"primaryImageOfPage\":{\"@id\":\"https:\\\/\\\/www.biocult.ro\\\/product\\\/teste-determinare-aflatoxina-m1-cantitativ-bioeasy\\\/#primaryimage\"},\"image\":{\"@id\":\"https:\\\/\\\/www.biocult.ro\\\/product\\\/teste-determinare-aflatoxina-m1-cantitativ-bioeasy\\\/#primaryimage\"},\"thumbnailUrl\":\"https:\\\/\\\/www.biocult.ro\\\/wp-content\\\/uploads\\\/2025\\\/12\\\/teste-determinare-aflatoxina-m1-cantitativ-bioeasy.png\",\"datePublished\":\"2025-12-05T12:15:41+00:00\",\"dateModified\":\"2026-02-24T12:19:33+00:00\",\"breadcrumb\":{\"@id\":\"https:\\\/\\\/www.biocult.ro\\\/product\\\/teste-determinare-aflatoxina-m1-cantitativ-bioeasy\\\/#breadcrumb\"},\"inLanguage\":\"en-US\",\"potentialAction\":[{\"@type\":\"ReadAction\",\"target\":[\"https:\\\/\\\/www.biocult.ro\\\/product\\\/teste-determinare-aflatoxina-m1-cantitativ-bioeasy\\\/\"]}]},{\"@type\":\"ImageObject\",\"inLanguage\":\"en-US\",\"@id\":\"https:\\\/\\\/www.biocult.ro\\\/product\\\/teste-determinare-aflatoxina-m1-cantitativ-bioeasy\\\/#primaryimage\",\"url\":\"https:\\\/\\\/www.biocult.ro\\\/wp-content\\\/uploads\\\/2025\\\/12\\\/teste-determinare-aflatoxina-m1-cantitativ-bioeasy.png\",\"contentUrl\":\"https:\\\/\\\/www.biocult.ro\\\/wp-content\\\/uploads\\\/2025\\\/12\\\/teste-determinare-aflatoxina-m1-cantitativ-bioeasy.png\",\"width\":499,\"height\":387},{\"@type\":\"BreadcrumbList\",\"@id\":\"https:\\\/\\\/www.biocult.ro\\\/product\\\/teste-determinare-aflatoxina-m1-cantitativ-bioeasy\\\/#breadcrumb\",\"itemListElement\":[{\"@type\":\"ListItem\",\"position\":1,\"name\":\"Home\",\"item\":\"https:\\\/\\\/www.biocult.ro\\\/\"},{\"@type\":\"ListItem\",\"position\":2,\"name\":\"Produse\",\"item\":\"https:\\\/\\\/www.biocult.ro\\\/produse\\\/\"},{\"@type\":\"ListItem\",\"position\":3,\"name\":\"Teste determinare Aflatoxina M1 cantitativ Bioeasy\u00ae\"}]},{\"@type\":\"WebSite\",\"@id\":\"https:\\\/\\\/www.biocult.ro\\\/#website\",\"url\":\"https:\\\/\\\/www.biocult.ro\\\/\",\"name\":\"Biocult\",\"description\":\"Biosolutii pentru alimente si sanatate\",\"publisher\":{\"@id\":\"https:\\\/\\\/www.biocult.ro\\\/#organization\"},\"potentialAction\":[{\"@type\":\"SearchAction\",\"target\":{\"@type\":\"EntryPoint\",\"urlTemplate\":\"https:\\\/\\\/www.biocult.ro\\\/?s={search_term_string}\"},\"query-input\":{\"@type\":\"PropertyValueSpecification\",\"valueRequired\":true,\"valueName\":\"search_term_string\"}}],\"inLanguage\":\"en-US\"},{\"@type\":\"Organization\",\"@id\":\"https:\\\/\\\/www.biocult.ro\\\/#organization\",\"name\":\"Biocult\",\"url\":\"https:\\\/\\\/www.biocult.ro\\\/\",\"logo\":{\"@type\":\"ImageObject\",\"inLanguage\":\"en-US\",\"@id\":\"https:\\\/\\\/www.biocult.ro\\\/#\\\/schema\\\/logo\\\/image\\\/\",\"url\":\"https:\\\/\\\/www.biocult.ro\\\/wp-content\\\/uploads\\\/2025\\\/10\\\/Logo-biocult-ro_Biocult-ro-1.svg\",\"contentUrl\":\"https:\\\/\\\/www.biocult.ro\\\/wp-content\\\/uploads\\\/2025\\\/10\\\/Logo-biocult-ro_Biocult-ro-1.svg\",\"width\":850,\"height\":269,\"caption\":\"Biocult\"},\"image\":{\"@id\":\"https:\\\/\\\/www.biocult.ro\\\/#\\\/schema\\\/logo\\\/image\\\/\"},\"sameAs\":[\"https:\\\/\\\/www.linkedin.com\\\/company\\\/biocult-srl\\\/\"]}]}<\/script>\n<!-- \/ Yoast SEO plugin. -->","yoast_head_json":{"title":"Teste determinare Aflatoxina M1 cantitativ Bioeasy\u00ae - Biocult","robots":{"index":"index","follow":"follow","max-snippet":"max-snippet:-1","max-image-preview":"max-image-preview:large","max-video-preview":"max-video-preview:-1"},"canonical":"https:\/\/www.biocult.ro\/en\/product\/teste-determinare-aflatoxina-m1-cantitativ-bioeasy\/","og_locale":"en_US","og_type":"article","og_title":"Teste determinare Aflatoxina M1 cantitativ Bioeasy\u00ae - Biocult","og_description":"Bioeasy \u2013 test Aflatoxin\u0103 M1 este un test rapid imunocromatografic pentru detectarea reziduurilor de Aflatoxin\u0103 M1 \u00een lapte \u0219i produse lactate. Bazat pe tehnologia colloidal gold immunochromatography, testul ofer\u0103 rezultate rapide \u0219i fiabile, \u00eentr-un interval scurt de timp, f\u0103r\u0103 echipamente complexe.","og_url":"https:\/\/www.biocult.ro\/en\/product\/teste-determinare-aflatoxina-m1-cantitativ-bioeasy\/","og_site_name":"Biocult","article_modified_time":"2026-02-24T12:19:33+00:00","og_image":[{"width":499,"height":387,"url":"https:\/\/www.biocult.ro\/wp-content\/uploads\/2025\/12\/teste-determinare-aflatoxina-m1-cantitativ-bioeasy.png","type":"image\/png"}],"twitter_card":"summary_large_image","twitter_misc":{"Est. reading time":"1 minute"},"schema":{"@context":"https:\/\/schema.org","@graph":[{"@type":"WebPage","@id":"https:\/\/www.biocult.ro\/product\/teste-determinare-aflatoxina-m1-cantitativ-bioeasy\/","url":"https:\/\/www.biocult.ro\/product\/teste-determinare-aflatoxina-m1-cantitativ-bioeasy\/","name":"Teste determinare Aflatoxina M1 cantitativ Bioeasy\u00ae - Biocult","isPartOf":{"@id":"https:\/\/www.biocult.ro\/#website"},"primaryImageOfPage":{"@id":"https:\/\/www.biocult.ro\/product\/teste-determinare-aflatoxina-m1-cantitativ-bioeasy\/#primaryimage"},"image":{"@id":"https:\/\/www.biocult.ro\/product\/teste-determinare-aflatoxina-m1-cantitativ-bioeasy\/#primaryimage"},"thumbnailUrl":"https:\/\/www.biocult.ro\/wp-content\/uploads\/2025\/12\/teste-determinare-aflatoxina-m1-cantitativ-bioeasy.png","datePublished":"2025-12-05T12:15:41+00:00","dateModified":"2026-02-24T12:19:33+00:00","breadcrumb":{"@id":"https:\/\/www.biocult.ro\/product\/teste-determinare-aflatoxina-m1-cantitativ-bioeasy\/#breadcrumb"},"inLanguage":"en-US","potentialAction":[{"@type":"ReadAction","target":["https:\/\/www.biocult.ro\/product\/teste-determinare-aflatoxina-m1-cantitativ-bioeasy\/"]}]},{"@type":"ImageObject","inLanguage":"en-US","@id":"https:\/\/www.biocult.ro\/product\/teste-determinare-aflatoxina-m1-cantitativ-bioeasy\/#primaryimage","url":"https:\/\/www.biocult.ro\/wp-content\/uploads\/2025\/12\/teste-determinare-aflatoxina-m1-cantitativ-bioeasy.png","contentUrl":"https:\/\/www.biocult.ro\/wp-content\/uploads\/2025\/12\/teste-determinare-aflatoxina-m1-cantitativ-bioeasy.png","width":499,"height":387},{"@type":"BreadcrumbList","@id":"https:\/\/www.biocult.ro\/product\/teste-determinare-aflatoxina-m1-cantitativ-bioeasy\/#breadcrumb","itemListElement":[{"@type":"ListItem","position":1,"name":"Home","item":"https:\/\/www.biocult.ro\/"},{"@type":"ListItem","position":2,"name":"Produse","item":"https:\/\/www.biocult.ro\/produse\/"},{"@type":"ListItem","position":3,"name":"Teste determinare Aflatoxina M1 cantitativ Bioeasy\u00ae"}]},{"@type":"WebSite","@id":"https:\/\/www.biocult.ro\/#website","url":"https:\/\/www.biocult.ro\/","name":"Biocult","description":"Biosolutions for food and health","publisher":{"@id":"https:\/\/www.biocult.ro\/#organization"},"potentialAction":[{"@type":"SearchAction","target":{"@type":"EntryPoint","urlTemplate":"https:\/\/www.biocult.ro\/?s={search_term_string}"},"query-input":{"@type":"PropertyValueSpecification","valueRequired":true,"valueName":"search_term_string"}}],"inLanguage":"en-US"},{"@type":"Organization","@id":"https:\/\/www.biocult.ro\/#organization","name":"Biocult","url":"https:\/\/www.biocult.ro\/","logo":{"@type":"ImageObject","inLanguage":"en-US","@id":"https:\/\/www.biocult.ro\/#\/schema\/logo\/image\/","url":"https:\/\/www.biocult.ro\/wp-content\/uploads\/2025\/10\/Logo-biocult-ro_Biocult-ro-1.svg","contentUrl":"https:\/\/www.biocult.ro\/wp-content\/uploads\/2025\/10\/Logo-biocult-ro_Biocult-ro-1.svg","width":850,"height":269,"caption":"Biocult"},"image":{"@id":"https:\/\/www.biocult.ro\/#\/schema\/logo\/image\/"},"sameAs":["https:\/\/www.linkedin.com\/company\/biocult-srl\/"]}]}},"_links":{"self":[{"href":"https:\/\/www.biocult.ro\/en\/wp-json\/wp\/v2\/product\/14610","targetHints":{"allow":["GET"]}}],"collection":[{"href":"https:\/\/www.biocult.ro\/en\/wp-json\/wp\/v2\/product"}],"about":[{"href":"https:\/\/www.biocult.ro\/en\/wp-json\/wp\/v2\/types\/product"}],"version-history":[{"count":7,"href":"https:\/\/www.biocult.ro\/en\/wp-json\/wp\/v2\/product\/14610\/revisions"}],"predecessor-version":[{"id":16176,"href":"https:\/\/www.biocult.ro\/en\/wp-json\/wp\/v2\/product\/14610\/revisions\/16176"}],"wp:featuredmedia":[{"embeddable":true,"href":"https:\/\/www.biocult.ro\/en\/wp-json\/wp\/v2\/media\/16210"}],"wp:attachment":[{"href":"https:\/\/www.biocult.ro\/en\/wp-json\/wp\/v2\/media?parent=14610"}],"wp:term":[{"taxonomy":"product_brand","embeddable":true,"href":"https:\/\/www.biocult.ro\/en\/wp-json\/wp\/v2\/product_brand?post=14610"},{"taxonomy":"product_cat","embeddable":true,"href":"https:\/\/www.biocult.ro\/en\/wp-json\/wp\/v2\/product_cat?post=14610"},{"taxonomy":"product_tag","embeddable":true,"href":"https:\/\/www.biocult.ro\/en\/wp-json\/wp\/v2\/product_tag?post=14610"}],"curies":[{"name":"wp","href":"https:\/\/api.w.org\/{rel}","templated":true}]}}