{"id":14612,"date":"2025-12-05T12:17:56","date_gmt":"2025-12-05T12:17:56","guid":{"rendered":"https:\/\/www.biocult.ro\/?post_type=product&#038;p=14612"},"modified":"2026-02-24T12:20:28","modified_gmt":"2026-02-24T12:20:28","slug":"teste-microbiene-3-ore-brt","status":"publish","type":"product","link":"https:\/\/www.biocult.ro\/en\/product\/teste-microbiene-3-ore-brt\/","title":{"rendered":"Teste microbiene 3 ore BRT\u00ae"},"content":{"rendered":"","protected":false},"excerpt":{"rendered":"<p><b>BRT\u00ae (Brilliant Black Reduction Test)<\/b> este o gam\u0103 de teste microbiologice destinate detect\u0103rii inhibitorilor din lapte, \u00een special a reziduurilor de antibiotice, \u00een laptele de vac\u0103, oaie \u0219i capr\u0103. Testele func\u021bioneaz\u0103 pe baza sensibilit\u0103\u021bii bacteriei test la substan\u021bele inhibitoare, utiliz\u00e2nd principiul reducerii colorimetrice pentru evaluarea activit\u0103\u021bii metabolice.<\/p>\n<p>Portofoliul include:<\/p>\n<ul>\n<li aria-level=\"1\"><b>BRT\u00ae Inhibitor Test,<\/b><\/li>\n<li aria-level=\"1\"><b>BRT\u00ae MRL Screening Test,<\/b><\/li>\n<li aria-level=\"1\"><b>BRT\u00ae hi-sense.<\/b><\/li>\n<\/ul>\n<p>Sistemul complet include testele propriu-zise \u0219i necesarul de incubare pentru desf\u0103\u0219urarea corect\u0103 a analizei.<\/p>\n<p lang=\"ro-RO\">","protected":false},"featured_media":16212,"template":"","meta":[],"product_brand":[],"product_cat":[48,218],"product_tag":[],"class_list":{"0":"post-14612","1":"product","2":"type-product","3":"status-publish","4":"has-post-thumbnail","6":"product_cat-industria-laptelui","7":"product_cat-teste-si-aparate-de-laborator","9":"first","10":"instock","11":"shipping-taxable","12":"product-type-simple"},"yoast_head":"<!-- This site is optimized with the Yoast SEO plugin v27.4 - https:\/\/yoast.com\/product\/yoast-seo-wordpress\/ -->\n<title>Teste microbiene 3 ore BRT\u00ae - Biocult<\/title>\n<meta name=\"robots\" content=\"index, follow, max-snippet:-1, max-image-preview:large, max-video-preview:-1\" \/>\n<link rel=\"canonical\" href=\"https:\/\/www.biocult.ro\/en\/product\/teste-microbiene-3-ore-brt\/\" \/>\n<meta property=\"og:locale\" content=\"en_US\" \/>\n<meta property=\"og:type\" content=\"article\" \/>\n<meta property=\"og:title\" content=\"Teste microbiene 3 ore BRT\u00ae - Biocult\" \/>\n<meta property=\"og:description\" content=\"BRT\u00ae (Brilliant Black Reduction Test) este o gam\u0103 de teste microbiologice destinate detect\u0103rii inhibitorilor din lapte, \u00een special a reziduurilor de antibiotice, \u00een laptele de vac\u0103, oaie \u0219i capr\u0103. Testele func\u021bioneaz\u0103 pe baza sensibilit\u0103\u021bii bacteriei test la substan\u021bele inhibitoare, utiliz\u00e2nd principiul reducerii colorimetrice pentru evaluarea activit\u0103\u021bii metabolice.  Portofoliul include:   BRT\u00ae Inhibitor Test,  BRT\u00ae MRL Screening Test,  BRT\u00ae hi-sense.  Sistemul complet include testele propriu-zise \u0219i necesarul de incubare pentru desf\u0103\u0219urarea corect\u0103 a analizei.\" \/>\n<meta property=\"og:url\" content=\"https:\/\/www.biocult.ro\/en\/product\/teste-microbiene-3-ore-brt\/\" \/>\n<meta property=\"og:site_name\" content=\"Biocult\" \/>\n<meta property=\"article:modified_time\" content=\"2026-02-24T12:20:28+00:00\" \/>\n<meta property=\"og:image\" content=\"https:\/\/www.biocult.ro\/wp-content\/uploads\/2025\/12\/teste-microbiene-3-ore-brt.png\" \/>\n\t<meta property=\"og:image:width\" content=\"499\" \/>\n\t<meta property=\"og:image:height\" content=\"387\" \/>\n\t<meta property=\"og:image:type\" content=\"image\/png\" \/>\n<meta name=\"twitter:card\" content=\"summary_large_image\" \/>\n<meta name=\"twitter:label1\" content=\"Est. reading time\" \/>\n\t<meta name=\"twitter:data1\" content=\"1 minute\" \/>\n<script type=\"application\/ld+json\" class=\"yoast-schema-graph\">{\"@context\":\"https:\\\/\\\/schema.org\",\"@graph\":[{\"@type\":\"WebPage\",\"@id\":\"https:\\\/\\\/www.biocult.ro\\\/product\\\/teste-microbiene-3-ore-brt\\\/\",\"url\":\"https:\\\/\\\/www.biocult.ro\\\/product\\\/teste-microbiene-3-ore-brt\\\/\",\"name\":\"Teste microbiene 3 ore BRT\u00ae - Biocult\",\"isPartOf\":{\"@id\":\"https:\\\/\\\/www.biocult.ro\\\/#website\"},\"primaryImageOfPage\":{\"@id\":\"https:\\\/\\\/www.biocult.ro\\\/product\\\/teste-microbiene-3-ore-brt\\\/#primaryimage\"},\"image\":{\"@id\":\"https:\\\/\\\/www.biocult.ro\\\/product\\\/teste-microbiene-3-ore-brt\\\/#primaryimage\"},\"thumbnailUrl\":\"https:\\\/\\\/www.biocult.ro\\\/wp-content\\\/uploads\\\/2025\\\/12\\\/teste-microbiene-3-ore-brt.png\",\"datePublished\":\"2025-12-05T12:17:56+00:00\",\"dateModified\":\"2026-02-24T12:20:28+00:00\",\"breadcrumb\":{\"@id\":\"https:\\\/\\\/www.biocult.ro\\\/product\\\/teste-microbiene-3-ore-brt\\\/#breadcrumb\"},\"inLanguage\":\"en-US\",\"potentialAction\":[{\"@type\":\"ReadAction\",\"target\":[\"https:\\\/\\\/www.biocult.ro\\\/product\\\/teste-microbiene-3-ore-brt\\\/\"]}]},{\"@type\":\"ImageObject\",\"inLanguage\":\"en-US\",\"@id\":\"https:\\\/\\\/www.biocult.ro\\\/product\\\/teste-microbiene-3-ore-brt\\\/#primaryimage\",\"url\":\"https:\\\/\\\/www.biocult.ro\\\/wp-content\\\/uploads\\\/2025\\\/12\\\/teste-microbiene-3-ore-brt.png\",\"contentUrl\":\"https:\\\/\\\/www.biocult.ro\\\/wp-content\\\/uploads\\\/2025\\\/12\\\/teste-microbiene-3-ore-brt.png\",\"width\":499,\"height\":387},{\"@type\":\"BreadcrumbList\",\"@id\":\"https:\\\/\\\/www.biocult.ro\\\/product\\\/teste-microbiene-3-ore-brt\\\/#breadcrumb\",\"itemListElement\":[{\"@type\":\"ListItem\",\"position\":1,\"name\":\"Home\",\"item\":\"https:\\\/\\\/www.biocult.ro\\\/\"},{\"@type\":\"ListItem\",\"position\":2,\"name\":\"Produse\",\"item\":\"https:\\\/\\\/www.biocult.ro\\\/produse\\\/\"},{\"@type\":\"ListItem\",\"position\":3,\"name\":\"Teste microbiene 3 ore BRT\u00ae\"}]},{\"@type\":\"WebSite\",\"@id\":\"https:\\\/\\\/www.biocult.ro\\\/#website\",\"url\":\"https:\\\/\\\/www.biocult.ro\\\/\",\"name\":\"Biocult\",\"description\":\"Biosolutii pentru alimente si sanatate\",\"publisher\":{\"@id\":\"https:\\\/\\\/www.biocult.ro\\\/#organization\"},\"potentialAction\":[{\"@type\":\"SearchAction\",\"target\":{\"@type\":\"EntryPoint\",\"urlTemplate\":\"https:\\\/\\\/www.biocult.ro\\\/?s={search_term_string}\"},\"query-input\":{\"@type\":\"PropertyValueSpecification\",\"valueRequired\":true,\"valueName\":\"search_term_string\"}}],\"inLanguage\":\"en-US\"},{\"@type\":\"Organization\",\"@id\":\"https:\\\/\\\/www.biocult.ro\\\/#organization\",\"name\":\"Biocult\",\"url\":\"https:\\\/\\\/www.biocult.ro\\\/\",\"logo\":{\"@type\":\"ImageObject\",\"inLanguage\":\"en-US\",\"@id\":\"https:\\\/\\\/www.biocult.ro\\\/#\\\/schema\\\/logo\\\/image\\\/\",\"url\":\"https:\\\/\\\/www.biocult.ro\\\/wp-content\\\/uploads\\\/2025\\\/10\\\/Logo-biocult-ro_Biocult-ro-1.svg\",\"contentUrl\":\"https:\\\/\\\/www.biocult.ro\\\/wp-content\\\/uploads\\\/2025\\\/10\\\/Logo-biocult-ro_Biocult-ro-1.svg\",\"width\":850,\"height\":269,\"caption\":\"Biocult\"},\"image\":{\"@id\":\"https:\\\/\\\/www.biocult.ro\\\/#\\\/schema\\\/logo\\\/image\\\/\"},\"sameAs\":[\"https:\\\/\\\/www.linkedin.com\\\/company\\\/biocult-srl\\\/\"]}]}<\/script>\n<!-- \/ Yoast SEO plugin. -->","yoast_head_json":{"title":"Teste microbiene 3 ore BRT\u00ae - Biocult","robots":{"index":"index","follow":"follow","max-snippet":"max-snippet:-1","max-image-preview":"max-image-preview:large","max-video-preview":"max-video-preview:-1"},"canonical":"https:\/\/www.biocult.ro\/en\/product\/teste-microbiene-3-ore-brt\/","og_locale":"en_US","og_type":"article","og_title":"Teste microbiene 3 ore BRT\u00ae - Biocult","og_description":"BRT\u00ae (Brilliant Black Reduction Test) este o gam\u0103 de teste microbiologice destinate detect\u0103rii inhibitorilor din lapte, \u00een special a reziduurilor de antibiotice, \u00een laptele de vac\u0103, oaie \u0219i capr\u0103. Testele func\u021bioneaz\u0103 pe baza sensibilit\u0103\u021bii bacteriei test la substan\u021bele inhibitoare, utiliz\u00e2nd principiul reducerii colorimetrice pentru evaluarea activit\u0103\u021bii metabolice.  Portofoliul include:   BRT\u00ae Inhibitor Test,  BRT\u00ae MRL Screening Test,  BRT\u00ae hi-sense.  Sistemul complet include testele propriu-zise \u0219i necesarul de incubare pentru desf\u0103\u0219urarea corect\u0103 a analizei.","og_url":"https:\/\/www.biocult.ro\/en\/product\/teste-microbiene-3-ore-brt\/","og_site_name":"Biocult","article_modified_time":"2026-02-24T12:20:28+00:00","og_image":[{"width":499,"height":387,"url":"https:\/\/www.biocult.ro\/wp-content\/uploads\/2025\/12\/teste-microbiene-3-ore-brt.png","type":"image\/png"}],"twitter_card":"summary_large_image","twitter_misc":{"Est. reading time":"1 minute"},"schema":{"@context":"https:\/\/schema.org","@graph":[{"@type":"WebPage","@id":"https:\/\/www.biocult.ro\/product\/teste-microbiene-3-ore-brt\/","url":"https:\/\/www.biocult.ro\/product\/teste-microbiene-3-ore-brt\/","name":"Teste microbiene 3 ore BRT\u00ae - Biocult","isPartOf":{"@id":"https:\/\/www.biocult.ro\/#website"},"primaryImageOfPage":{"@id":"https:\/\/www.biocult.ro\/product\/teste-microbiene-3-ore-brt\/#primaryimage"},"image":{"@id":"https:\/\/www.biocult.ro\/product\/teste-microbiene-3-ore-brt\/#primaryimage"},"thumbnailUrl":"https:\/\/www.biocult.ro\/wp-content\/uploads\/2025\/12\/teste-microbiene-3-ore-brt.png","datePublished":"2025-12-05T12:17:56+00:00","dateModified":"2026-02-24T12:20:28+00:00","breadcrumb":{"@id":"https:\/\/www.biocult.ro\/product\/teste-microbiene-3-ore-brt\/#breadcrumb"},"inLanguage":"en-US","potentialAction":[{"@type":"ReadAction","target":["https:\/\/www.biocult.ro\/product\/teste-microbiene-3-ore-brt\/"]}]},{"@type":"ImageObject","inLanguage":"en-US","@id":"https:\/\/www.biocult.ro\/product\/teste-microbiene-3-ore-brt\/#primaryimage","url":"https:\/\/www.biocult.ro\/wp-content\/uploads\/2025\/12\/teste-microbiene-3-ore-brt.png","contentUrl":"https:\/\/www.biocult.ro\/wp-content\/uploads\/2025\/12\/teste-microbiene-3-ore-brt.png","width":499,"height":387},{"@type":"BreadcrumbList","@id":"https:\/\/www.biocult.ro\/product\/teste-microbiene-3-ore-brt\/#breadcrumb","itemListElement":[{"@type":"ListItem","position":1,"name":"Home","item":"https:\/\/www.biocult.ro\/"},{"@type":"ListItem","position":2,"name":"Produse","item":"https:\/\/www.biocult.ro\/produse\/"},{"@type":"ListItem","position":3,"name":"Teste microbiene 3 ore BRT\u00ae"}]},{"@type":"WebSite","@id":"https:\/\/www.biocult.ro\/#website","url":"https:\/\/www.biocult.ro\/","name":"Biocult","description":"Biosolutions for food and health","publisher":{"@id":"https:\/\/www.biocult.ro\/#organization"},"potentialAction":[{"@type":"SearchAction","target":{"@type":"EntryPoint","urlTemplate":"https:\/\/www.biocult.ro\/?s={search_term_string}"},"query-input":{"@type":"PropertyValueSpecification","valueRequired":true,"valueName":"search_term_string"}}],"inLanguage":"en-US"},{"@type":"Organization","@id":"https:\/\/www.biocult.ro\/#organization","name":"Biocult","url":"https:\/\/www.biocult.ro\/","logo":{"@type":"ImageObject","inLanguage":"en-US","@id":"https:\/\/www.biocult.ro\/#\/schema\/logo\/image\/","url":"https:\/\/www.biocult.ro\/wp-content\/uploads\/2025\/10\/Logo-biocult-ro_Biocult-ro-1.svg","contentUrl":"https:\/\/www.biocult.ro\/wp-content\/uploads\/2025\/10\/Logo-biocult-ro_Biocult-ro-1.svg","width":850,"height":269,"caption":"Biocult"},"image":{"@id":"https:\/\/www.biocult.ro\/#\/schema\/logo\/image\/"},"sameAs":["https:\/\/www.linkedin.com\/company\/biocult-srl\/"]}]}},"_links":{"self":[{"href":"https:\/\/www.biocult.ro\/en\/wp-json\/wp\/v2\/product\/14612","targetHints":{"allow":["GET"]}}],"collection":[{"href":"https:\/\/www.biocult.ro\/en\/wp-json\/wp\/v2\/product"}],"about":[{"href":"https:\/\/www.biocult.ro\/en\/wp-json\/wp\/v2\/types\/product"}],"version-history":[{"count":4,"href":"https:\/\/www.biocult.ro\/en\/wp-json\/wp\/v2\/product\/14612\/revisions"}],"predecessor-version":[{"id":16175,"href":"https:\/\/www.biocult.ro\/en\/wp-json\/wp\/v2\/product\/14612\/revisions\/16175"}],"wp:featuredmedia":[{"embeddable":true,"href":"https:\/\/www.biocult.ro\/en\/wp-json\/wp\/v2\/media\/16212"}],"wp:attachment":[{"href":"https:\/\/www.biocult.ro\/en\/wp-json\/wp\/v2\/media?parent=14612"}],"wp:term":[{"taxonomy":"product_brand","embeddable":true,"href":"https:\/\/www.biocult.ro\/en\/wp-json\/wp\/v2\/product_brand?post=14612"},{"taxonomy":"product_cat","embeddable":true,"href":"https:\/\/www.biocult.ro\/en\/wp-json\/wp\/v2\/product_cat?post=14612"},{"taxonomy":"product_tag","embeddable":true,"href":"https:\/\/www.biocult.ro\/en\/wp-json\/wp\/v2\/product_tag?post=14612"}],"curies":[{"name":"wp","href":"https:\/\/api.w.org\/{rel}","templated":true}]}}