{"id":15933,"date":"2026-01-28T18:37:10","date_gmt":"2026-01-28T18:37:10","guid":{"rendered":"https:\/\/www.biocult.ro\/?post_type=product&#038;p=15933"},"modified":"2026-02-21T15:08:23","modified_gmt":"2026-02-21T15:08:23","slug":"powered-by-chr-hansen-portofoliu-de-tulpini-probiotice","status":"publish","type":"product","link":"https:\/\/www.biocult.ro\/en\/product\/powered-by-chr-hansen-portofoliu-de-tulpini-probiotice\/","title":{"rendered":"POWERED by Chr. Hansen\u00ae \u2013 portofoliu de tulpini probiotice"},"content":{"rendered":"","protected":false},"excerpt":{"rendered":"<p><span style=\"font-weight: 400;\"><strong>POWERED by Chr. Hansen\u00ae<\/strong> este un portofoliu de tulpini probiotice selec\u021bionate, destinat dezvolt\u0103rii de produse pentru s\u0103n\u0103tate \u0219i nutri\u021bie. Gama include tulpini bine caracterizate, produse \u00een condi\u021bii stricte de calitate \u0219i siguran\u021b\u0103, care pot fi utilizate ca materii prime individuale sau integrate \u00een produse finite, \u00een func\u021bie de strategia de formulare:\u00a0<\/span><\/p>\n<p class=\"_aupe copyable-text x15bjb6t x1n2onr6\"><strong><span class=\"_aupe copyable-text xkrh14z\">L. plantarum, UALp-05\u2122<\/span><\/strong><\/p>\n<p class=\"_aupe copyable-text x15bjb6t x1n2onr6\"><strong><span class=\"_aupe copyable-text xkrh14z\">L. rhamnosus, DSM33560<\/span><\/strong><\/p>\n<p class=\"_aupe copyable-text x15bjb6t x1n2onr6\"><strong><span class=\"_aupe copyable-text xkrh14z\">L. fermentum, DSM33557<\/span><\/strong><\/p>\n<p class=\"_aupe copyable-text x15bjb6t x1n2onr6\"><strong><span class=\"_aupe copyable-text xkrh14z\">L. acidophilus, UALa-01\u2122<\/span><\/strong><\/p>\n<p class=\"_aupe copyable-text x15bjb6t x1n2onr6\"><strong><span class=\"_aupe copyable-text xkrh14z\">L. casei, UALc-03\u2122<\/span><\/strong><\/p>\n<p class=\"_aupe copyable-text x15bjb6t x1n2onr6\"><strong><span class=\"_aupe copyable-text xkrh14z\">L. paracasei, UALpc-04\u2122<\/span><\/strong><\/p>\n<p class=\"_aupe copyable-text x15bjb6t x1n2onr6\"><strong><span class=\"_aupe copyable-text xkrh14z\">L. gasseri, UALg-05\u2122<\/span><\/strong><\/p>\n<p class=\"_aupe copyable-text x15bjb6t x1n2onr6\"><strong><span class=\"_aupe copyable-text xkrh14z\">L. reuteri, UALre-16\u2122<\/span><\/strong><\/p>\n<p class=\"_aupe copyable-text x15bjb6t x1n2onr6\"><strong><span class=\"_aupe copyable-text xkrh14z\">B. bifidum, UABb-10\u2122<\/span><\/strong><\/p>\n<p class=\"_aupe copyable-text x15bjb6t x1n2onr6\"><strong><span class=\"_aupe copyable-text xkrh14z\">S. thermophilus, UASt-09\u2122<\/span><\/strong><\/p>","protected":false},"featured_media":16158,"template":"","meta":[],"product_brand":[],"product_cat":[232,233],"product_tag":[],"class_list":{"0":"post-15933","1":"product","2":"type-product","3":"status-publish","4":"has-post-thumbnail","6":"product_cat-probiotice","7":"product_cat-probiotice-pentru-suplimente-alimentare","9":"first","10":"instock","11":"shipping-taxable","12":"product-type-simple"},"yoast_head":"<!-- This site is optimized with the Yoast SEO plugin v27.4 - https:\/\/yoast.com\/product\/yoast-seo-wordpress\/ -->\n<title>POWERED by Chr. Hansen\u00ae \u2013 portofoliu de tulpini probiotice - Biocult<\/title>\n<meta name=\"robots\" content=\"index, follow, max-snippet:-1, max-image-preview:large, max-video-preview:-1\" \/>\n<link rel=\"canonical\" href=\"https:\/\/www.biocult.ro\/en\/product\/powered-by-chr-hansen-portofoliu-de-tulpini-probiotice\/\" \/>\n<meta property=\"og:locale\" content=\"en_US\" \/>\n<meta property=\"og:type\" content=\"article\" \/>\n<meta property=\"og:title\" content=\"POWERED by Chr. Hansen\u00ae \u2013 portofoliu de tulpini probiotice - Biocult\" \/>\n<meta property=\"og:description\" content=\"POWERED by Chr. Hansen\u00ae este un portofoliu de tulpini probiotice selec\u021bionate, destinat dezvolt\u0103rii de produse pentru s\u0103n\u0103tate \u0219i nutri\u021bie. Gama include tulpini bine caracterizate, produse \u00een condi\u021bii stricte de calitate \u0219i siguran\u021b\u0103, care pot fi utilizate ca materii prime individuale sau integrate \u00een produse finite, \u00een func\u021bie de strategia de formulare:\u00a0 L. plantarum, UALp-05\u2122 L. rhamnosus, DSM33560 L. fermentum, DSM33557 L. acidophilus, UALa-01\u2122 L. casei, UALc-03\u2122 L. paracasei, UALpc-04\u2122 L. gasseri, UALg-05\u2122 L. reuteri, UALre-16\u2122 B. bifidum, UABb-10\u2122 S. thermophilus, UASt-09\u2122\" \/>\n<meta property=\"og:url\" content=\"https:\/\/www.biocult.ro\/en\/product\/powered-by-chr-hansen-portofoliu-de-tulpini-probiotice\/\" \/>\n<meta property=\"og:site_name\" content=\"Biocult\" \/>\n<meta property=\"article:modified_time\" content=\"2026-02-21T15:08:23+00:00\" \/>\n<meta property=\"og:image\" content=\"https:\/\/www.biocult.ro\/wp-content\/uploads\/2026\/02\/POWERED_by_Chr_Hansen__portofoliu_de_tulpini_probiotice.jpg\" \/>\n\t<meta property=\"og:image:width\" content=\"499\" \/>\n\t<meta property=\"og:image:height\" content=\"387\" \/>\n\t<meta property=\"og:image:type\" content=\"image\/jpeg\" \/>\n<meta name=\"twitter:card\" content=\"summary_large_image\" \/>\n<meta name=\"twitter:label1\" content=\"Est. reading time\" \/>\n\t<meta name=\"twitter:data1\" content=\"1 minute\" \/>\n<script type=\"application\/ld+json\" class=\"yoast-schema-graph\">{\"@context\":\"https:\\\/\\\/schema.org\",\"@graph\":[{\"@type\":\"WebPage\",\"@id\":\"https:\\\/\\\/www.biocult.ro\\\/product\\\/powered-by-chr-hansen-portofoliu-de-tulpini-probiotice\\\/\",\"url\":\"https:\\\/\\\/www.biocult.ro\\\/product\\\/powered-by-chr-hansen-portofoliu-de-tulpini-probiotice\\\/\",\"name\":\"POWERED by Chr. Hansen\u00ae \u2013 portofoliu de tulpini probiotice - Biocult\",\"isPartOf\":{\"@id\":\"https:\\\/\\\/www.biocult.ro\\\/#website\"},\"primaryImageOfPage\":{\"@id\":\"https:\\\/\\\/www.biocult.ro\\\/product\\\/powered-by-chr-hansen-portofoliu-de-tulpini-probiotice\\\/#primaryimage\"},\"image\":{\"@id\":\"https:\\\/\\\/www.biocult.ro\\\/product\\\/powered-by-chr-hansen-portofoliu-de-tulpini-probiotice\\\/#primaryimage\"},\"thumbnailUrl\":\"https:\\\/\\\/www.biocult.ro\\\/wp-content\\\/uploads\\\/2026\\\/02\\\/POWERED_by_Chr_Hansen__portofoliu_de_tulpini_probiotice.jpg\",\"datePublished\":\"2026-01-28T18:37:10+00:00\",\"dateModified\":\"2026-02-21T15:08:23+00:00\",\"breadcrumb\":{\"@id\":\"https:\\\/\\\/www.biocult.ro\\\/product\\\/powered-by-chr-hansen-portofoliu-de-tulpini-probiotice\\\/#breadcrumb\"},\"inLanguage\":\"en-US\",\"potentialAction\":[{\"@type\":\"ReadAction\",\"target\":[\"https:\\\/\\\/www.biocult.ro\\\/product\\\/powered-by-chr-hansen-portofoliu-de-tulpini-probiotice\\\/\"]}]},{\"@type\":\"ImageObject\",\"inLanguage\":\"en-US\",\"@id\":\"https:\\\/\\\/www.biocult.ro\\\/product\\\/powered-by-chr-hansen-portofoliu-de-tulpini-probiotice\\\/#primaryimage\",\"url\":\"https:\\\/\\\/www.biocult.ro\\\/wp-content\\\/uploads\\\/2026\\\/02\\\/POWERED_by_Chr_Hansen__portofoliu_de_tulpini_probiotice.jpg\",\"contentUrl\":\"https:\\\/\\\/www.biocult.ro\\\/wp-content\\\/uploads\\\/2026\\\/02\\\/POWERED_by_Chr_Hansen__portofoliu_de_tulpini_probiotice.jpg\",\"width\":499,\"height\":387},{\"@type\":\"BreadcrumbList\",\"@id\":\"https:\\\/\\\/www.biocult.ro\\\/product\\\/powered-by-chr-hansen-portofoliu-de-tulpini-probiotice\\\/#breadcrumb\",\"itemListElement\":[{\"@type\":\"ListItem\",\"position\":1,\"name\":\"Home\",\"item\":\"https:\\\/\\\/www.biocult.ro\\\/\"},{\"@type\":\"ListItem\",\"position\":2,\"name\":\"Produse\",\"item\":\"https:\\\/\\\/www.biocult.ro\\\/produse\\\/\"},{\"@type\":\"ListItem\",\"position\":3,\"name\":\"POWERED by Chr. Hansen\u00ae \u2013 portofoliu de tulpini probiotice\"}]},{\"@type\":\"WebSite\",\"@id\":\"https:\\\/\\\/www.biocult.ro\\\/#website\",\"url\":\"https:\\\/\\\/www.biocult.ro\\\/\",\"name\":\"Biocult\",\"description\":\"Biosolutii pentru alimente si sanatate\",\"publisher\":{\"@id\":\"https:\\\/\\\/www.biocult.ro\\\/#organization\"},\"potentialAction\":[{\"@type\":\"SearchAction\",\"target\":{\"@type\":\"EntryPoint\",\"urlTemplate\":\"https:\\\/\\\/www.biocult.ro\\\/?s={search_term_string}\"},\"query-input\":{\"@type\":\"PropertyValueSpecification\",\"valueRequired\":true,\"valueName\":\"search_term_string\"}}],\"inLanguage\":\"en-US\"},{\"@type\":\"Organization\",\"@id\":\"https:\\\/\\\/www.biocult.ro\\\/#organization\",\"name\":\"Biocult\",\"url\":\"https:\\\/\\\/www.biocult.ro\\\/\",\"logo\":{\"@type\":\"ImageObject\",\"inLanguage\":\"en-US\",\"@id\":\"https:\\\/\\\/www.biocult.ro\\\/#\\\/schema\\\/logo\\\/image\\\/\",\"url\":\"https:\\\/\\\/www.biocult.ro\\\/wp-content\\\/uploads\\\/2025\\\/10\\\/Logo-biocult-ro_Biocult-ro-1.svg\",\"contentUrl\":\"https:\\\/\\\/www.biocult.ro\\\/wp-content\\\/uploads\\\/2025\\\/10\\\/Logo-biocult-ro_Biocult-ro-1.svg\",\"width\":850,\"height\":269,\"caption\":\"Biocult\"},\"image\":{\"@id\":\"https:\\\/\\\/www.biocult.ro\\\/#\\\/schema\\\/logo\\\/image\\\/\"},\"sameAs\":[\"https:\\\/\\\/www.linkedin.com\\\/company\\\/biocult-srl\\\/\"]}]}<\/script>\n<!-- \/ Yoast SEO plugin. -->","yoast_head_json":{"title":"POWERED by Chr. Hansen\u00ae \u2013 portofoliu de tulpini probiotice - Biocult","robots":{"index":"index","follow":"follow","max-snippet":"max-snippet:-1","max-image-preview":"max-image-preview:large","max-video-preview":"max-video-preview:-1"},"canonical":"https:\/\/www.biocult.ro\/en\/product\/powered-by-chr-hansen-portofoliu-de-tulpini-probiotice\/","og_locale":"en_US","og_type":"article","og_title":"POWERED by Chr. Hansen\u00ae \u2013 portofoliu de tulpini probiotice - Biocult","og_description":"POWERED by Chr. Hansen\u00ae este un portofoliu de tulpini probiotice selec\u021bionate, destinat dezvolt\u0103rii de produse pentru s\u0103n\u0103tate \u0219i nutri\u021bie. Gama include tulpini bine caracterizate, produse \u00een condi\u021bii stricte de calitate \u0219i siguran\u021b\u0103, care pot fi utilizate ca materii prime individuale sau integrate \u00een produse finite, \u00een func\u021bie de strategia de formulare:\u00a0 L. plantarum, UALp-05\u2122 L. rhamnosus, DSM33560 L. fermentum, DSM33557 L. acidophilus, UALa-01\u2122 L. casei, UALc-03\u2122 L. paracasei, UALpc-04\u2122 L. gasseri, UALg-05\u2122 L. reuteri, UALre-16\u2122 B. bifidum, UABb-10\u2122 S. thermophilus, UASt-09\u2122","og_url":"https:\/\/www.biocult.ro\/en\/product\/powered-by-chr-hansen-portofoliu-de-tulpini-probiotice\/","og_site_name":"Biocult","article_modified_time":"2026-02-21T15:08:23+00:00","og_image":[{"width":499,"height":387,"url":"https:\/\/www.biocult.ro\/wp-content\/uploads\/2026\/02\/POWERED_by_Chr_Hansen__portofoliu_de_tulpini_probiotice.jpg","type":"image\/jpeg"}],"twitter_card":"summary_large_image","twitter_misc":{"Est. reading time":"1 minute"},"schema":{"@context":"https:\/\/schema.org","@graph":[{"@type":"WebPage","@id":"https:\/\/www.biocult.ro\/product\/powered-by-chr-hansen-portofoliu-de-tulpini-probiotice\/","url":"https:\/\/www.biocult.ro\/product\/powered-by-chr-hansen-portofoliu-de-tulpini-probiotice\/","name":"POWERED by Chr. Hansen\u00ae \u2013 portofoliu de tulpini probiotice - Biocult","isPartOf":{"@id":"https:\/\/www.biocult.ro\/#website"},"primaryImageOfPage":{"@id":"https:\/\/www.biocult.ro\/product\/powered-by-chr-hansen-portofoliu-de-tulpini-probiotice\/#primaryimage"},"image":{"@id":"https:\/\/www.biocult.ro\/product\/powered-by-chr-hansen-portofoliu-de-tulpini-probiotice\/#primaryimage"},"thumbnailUrl":"https:\/\/www.biocult.ro\/wp-content\/uploads\/2026\/02\/POWERED_by_Chr_Hansen__portofoliu_de_tulpini_probiotice.jpg","datePublished":"2026-01-28T18:37:10+00:00","dateModified":"2026-02-21T15:08:23+00:00","breadcrumb":{"@id":"https:\/\/www.biocult.ro\/product\/powered-by-chr-hansen-portofoliu-de-tulpini-probiotice\/#breadcrumb"},"inLanguage":"en-US","potentialAction":[{"@type":"ReadAction","target":["https:\/\/www.biocult.ro\/product\/powered-by-chr-hansen-portofoliu-de-tulpini-probiotice\/"]}]},{"@type":"ImageObject","inLanguage":"en-US","@id":"https:\/\/www.biocult.ro\/product\/powered-by-chr-hansen-portofoliu-de-tulpini-probiotice\/#primaryimage","url":"https:\/\/www.biocult.ro\/wp-content\/uploads\/2026\/02\/POWERED_by_Chr_Hansen__portofoliu_de_tulpini_probiotice.jpg","contentUrl":"https:\/\/www.biocult.ro\/wp-content\/uploads\/2026\/02\/POWERED_by_Chr_Hansen__portofoliu_de_tulpini_probiotice.jpg","width":499,"height":387},{"@type":"BreadcrumbList","@id":"https:\/\/www.biocult.ro\/product\/powered-by-chr-hansen-portofoliu-de-tulpini-probiotice\/#breadcrumb","itemListElement":[{"@type":"ListItem","position":1,"name":"Home","item":"https:\/\/www.biocult.ro\/"},{"@type":"ListItem","position":2,"name":"Produse","item":"https:\/\/www.biocult.ro\/produse\/"},{"@type":"ListItem","position":3,"name":"POWERED by Chr. Hansen\u00ae \u2013 portofoliu de tulpini probiotice"}]},{"@type":"WebSite","@id":"https:\/\/www.biocult.ro\/#website","url":"https:\/\/www.biocult.ro\/","name":"Biocult","description":"Biosolutions for food and health","publisher":{"@id":"https:\/\/www.biocult.ro\/#organization"},"potentialAction":[{"@type":"SearchAction","target":{"@type":"EntryPoint","urlTemplate":"https:\/\/www.biocult.ro\/?s={search_term_string}"},"query-input":{"@type":"PropertyValueSpecification","valueRequired":true,"valueName":"search_term_string"}}],"inLanguage":"en-US"},{"@type":"Organization","@id":"https:\/\/www.biocult.ro\/#organization","name":"Biocult","url":"https:\/\/www.biocult.ro\/","logo":{"@type":"ImageObject","inLanguage":"en-US","@id":"https:\/\/www.biocult.ro\/#\/schema\/logo\/image\/","url":"https:\/\/www.biocult.ro\/wp-content\/uploads\/2025\/10\/Logo-biocult-ro_Biocult-ro-1.svg","contentUrl":"https:\/\/www.biocult.ro\/wp-content\/uploads\/2025\/10\/Logo-biocult-ro_Biocult-ro-1.svg","width":850,"height":269,"caption":"Biocult"},"image":{"@id":"https:\/\/www.biocult.ro\/#\/schema\/logo\/image\/"},"sameAs":["https:\/\/www.linkedin.com\/company\/biocult-srl\/"]}]}},"_links":{"self":[{"href":"https:\/\/www.biocult.ro\/en\/wp-json\/wp\/v2\/product\/15933","targetHints":{"allow":["GET"]}}],"collection":[{"href":"https:\/\/www.biocult.ro\/en\/wp-json\/wp\/v2\/product"}],"about":[{"href":"https:\/\/www.biocult.ro\/en\/wp-json\/wp\/v2\/types\/product"}],"version-history":[{"count":2,"href":"https:\/\/www.biocult.ro\/en\/wp-json\/wp\/v2\/product\/15933\/revisions"}],"predecessor-version":[{"id":16091,"href":"https:\/\/www.biocult.ro\/en\/wp-json\/wp\/v2\/product\/15933\/revisions\/16091"}],"wp:featuredmedia":[{"embeddable":true,"href":"https:\/\/www.biocult.ro\/en\/wp-json\/wp\/v2\/media\/16158"}],"wp:attachment":[{"href":"https:\/\/www.biocult.ro\/en\/wp-json\/wp\/v2\/media?parent=15933"}],"wp:term":[{"taxonomy":"product_brand","embeddable":true,"href":"https:\/\/www.biocult.ro\/en\/wp-json\/wp\/v2\/product_brand?post=15933"},{"taxonomy":"product_cat","embeddable":true,"href":"https:\/\/www.biocult.ro\/en\/wp-json\/wp\/v2\/product_cat?post=15933"},{"taxonomy":"product_tag","embeddable":true,"href":"https:\/\/www.biocult.ro\/en\/wp-json\/wp\/v2\/product_tag?post=15933"}],"curies":[{"name":"wp","href":"https:\/\/api.w.org\/{rel}","templated":true}]}}