{"id":15988,"date":"2026-02-02T09:26:25","date_gmt":"2026-02-02T09:26:25","guid":{"rendered":"https:\/\/www.biocult.ro\/?post_type=product&#038;p=15988"},"modified":"2026-02-21T15:08:20","modified_gmt":"2026-02-21T15:08:20","slug":"saltlite","status":"publish","type":"product","link":"https:\/\/www.biocult.ro\/en\/product\/saltlite\/","title":{"rendered":"Saltite"},"content":{"rendered":"","protected":false},"excerpt":{"rendered":"<p>Concept <strong><a href=\"https:\/\/www.biocult.ro\/en\/innovation\/\">Saltite<\/a><\/strong> , dezvoltat ini\u021bial de Chr. Hansen, este o solu\u021bie inovatoare pentru reducerea con\u021binutului de sodiu din br\u00e2nzeturi cu p\u00e2n\u0103 la 50%, f\u0103r\u0103 a compromite gustul, textura sau stabilitatea produsului. Acesta combin\u0103 culturi starter DVS, culturi adjuvante \u0219i coagulante speciale, men\u021bin\u00e2nd profilul senzorial al br\u00e2nzei \u0219i \u00eembun\u0103t\u0103\u021bind textura, chiar \u0219i \u00een condi\u021bii de reducere a s\u0103rii.<\/p>\n<p><strong><a href=\"https:\/\/www.biocult.ro\/en\/innovation\/\">Saltite<\/a><\/strong> r\u0103spunde astfel cererii pentru produse lactate mai s\u0103n\u0103toase, cu un profil nutri\u021bional \u00eembun\u0103t\u0103\u021bit.<\/p>","protected":false},"featured_media":16131,"template":"","meta":[],"product_brand":[],"product_cat":[48],"product_tag":[254],"class_list":{"0":"post-15988","1":"product","2":"type-product","3":"status-publish","4":"has-post-thumbnail","6":"product_cat-industria-laptelui","7":"product_tag-saltlite","9":"first","10":"instock","11":"shipping-taxable","12":"product-type-external"},"yoast_head":"<!-- This site is optimized with the Yoast SEO plugin v27.4 - https:\/\/yoast.com\/product\/yoast-seo-wordpress\/ -->\n<title>Saltlite - Biocult<\/title>\n<meta name=\"robots\" content=\"index, follow, max-snippet:-1, max-image-preview:large, max-video-preview:-1\" \/>\n<link rel=\"canonical\" href=\"https:\/\/www.biocult.ro\/en\/product\/saltlite\/\" \/>\n<meta property=\"og:locale\" content=\"en_US\" \/>\n<meta property=\"og:type\" content=\"article\" \/>\n<meta property=\"og:title\" content=\"Saltlite - Biocult\" \/>\n<meta property=\"og:description\" content=\"Conceptul Saltlite , dezvoltat ini\u021bial de Chr. Hansen, este o solu\u021bie inovatoare pentru reducerea con\u021binutului de sodiu din br\u00e2nzeturi cu p\u00e2n\u0103 la 50%, f\u0103r\u0103 a compromite gustul, textura sau stabilitatea produsului. Acesta combin\u0103 culturi starter DVS, culturi adjuvante \u0219i coagulante speciale, men\u021bin\u00e2nd profilul senzorial al br\u00e2nzei \u0219i \u00eembun\u0103t\u0103\u021bind textura, chiar \u0219i \u00een condi\u021bii de reducere a s\u0103rii.  Saltlite r\u0103spunde astfel cererii pentru produse lactate mai s\u0103n\u0103toase, cu un profil nutri\u021bional \u00eembun\u0103t\u0103\u021bit.\" \/>\n<meta property=\"og:url\" content=\"https:\/\/www.biocult.ro\/en\/product\/saltlite\/\" \/>\n<meta property=\"og:site_name\" content=\"Biocult\" \/>\n<meta property=\"article:modified_time\" content=\"2026-02-21T15:08:20+00:00\" \/>\n<meta property=\"og:image\" content=\"https:\/\/www.biocult.ro\/wp-content\/uploads\/2026\/02\/Saltlite.jpg\" \/>\n\t<meta property=\"og:image:width\" content=\"499\" \/>\n\t<meta property=\"og:image:height\" content=\"387\" \/>\n\t<meta property=\"og:image:type\" content=\"image\/jpeg\" \/>\n<meta name=\"twitter:card\" content=\"summary_large_image\" \/>\n<meta name=\"twitter:label1\" content=\"Est. reading time\" \/>\n\t<meta name=\"twitter:data1\" content=\"1 minute\" \/>\n<script type=\"application\/ld+json\" class=\"yoast-schema-graph\">{\"@context\":\"https:\\\/\\\/schema.org\",\"@graph\":[{\"@type\":\"WebPage\",\"@id\":\"https:\\\/\\\/www.biocult.ro\\\/product\\\/saltlite\\\/\",\"url\":\"https:\\\/\\\/www.biocult.ro\\\/product\\\/saltlite\\\/\",\"name\":\"Saltlite - Biocult\",\"isPartOf\":{\"@id\":\"https:\\\/\\\/www.biocult.ro\\\/#website\"},\"primaryImageOfPage\":{\"@id\":\"https:\\\/\\\/www.biocult.ro\\\/product\\\/saltlite\\\/#primaryimage\"},\"image\":{\"@id\":\"https:\\\/\\\/www.biocult.ro\\\/product\\\/saltlite\\\/#primaryimage\"},\"thumbnailUrl\":\"https:\\\/\\\/www.biocult.ro\\\/wp-content\\\/uploads\\\/2026\\\/02\\\/Saltlite.jpg\",\"datePublished\":\"2026-02-02T09:26:25+00:00\",\"dateModified\":\"2026-02-21T15:08:20+00:00\",\"breadcrumb\":{\"@id\":\"https:\\\/\\\/www.biocult.ro\\\/product\\\/saltlite\\\/#breadcrumb\"},\"inLanguage\":\"en-US\",\"potentialAction\":[{\"@type\":\"ReadAction\",\"target\":[\"https:\\\/\\\/www.biocult.ro\\\/product\\\/saltlite\\\/\"]}]},{\"@type\":\"ImageObject\",\"inLanguage\":\"en-US\",\"@id\":\"https:\\\/\\\/www.biocult.ro\\\/product\\\/saltlite\\\/#primaryimage\",\"url\":\"https:\\\/\\\/www.biocult.ro\\\/wp-content\\\/uploads\\\/2026\\\/02\\\/Saltlite.jpg\",\"contentUrl\":\"https:\\\/\\\/www.biocult.ro\\\/wp-content\\\/uploads\\\/2026\\\/02\\\/Saltlite.jpg\",\"width\":499,\"height\":387},{\"@type\":\"BreadcrumbList\",\"@id\":\"https:\\\/\\\/www.biocult.ro\\\/product\\\/saltlite\\\/#breadcrumb\",\"itemListElement\":[{\"@type\":\"ListItem\",\"position\":1,\"name\":\"Home\",\"item\":\"https:\\\/\\\/www.biocult.ro\\\/\"},{\"@type\":\"ListItem\",\"position\":2,\"name\":\"Produse\",\"item\":\"https:\\\/\\\/www.biocult.ro\\\/produse\\\/\"},{\"@type\":\"ListItem\",\"position\":3,\"name\":\"Saltlite\"}]},{\"@type\":\"WebSite\",\"@id\":\"https:\\\/\\\/www.biocult.ro\\\/#website\",\"url\":\"https:\\\/\\\/www.biocult.ro\\\/\",\"name\":\"Biocult\",\"description\":\"Biosolutii pentru alimente si sanatate\",\"publisher\":{\"@id\":\"https:\\\/\\\/www.biocult.ro\\\/#organization\"},\"potentialAction\":[{\"@type\":\"SearchAction\",\"target\":{\"@type\":\"EntryPoint\",\"urlTemplate\":\"https:\\\/\\\/www.biocult.ro\\\/?s={search_term_string}\"},\"query-input\":{\"@type\":\"PropertyValueSpecification\",\"valueRequired\":true,\"valueName\":\"search_term_string\"}}],\"inLanguage\":\"en-US\"},{\"@type\":\"Organization\",\"@id\":\"https:\\\/\\\/www.biocult.ro\\\/#organization\",\"name\":\"Biocult\",\"url\":\"https:\\\/\\\/www.biocult.ro\\\/\",\"logo\":{\"@type\":\"ImageObject\",\"inLanguage\":\"en-US\",\"@id\":\"https:\\\/\\\/www.biocult.ro\\\/#\\\/schema\\\/logo\\\/image\\\/\",\"url\":\"https:\\\/\\\/www.biocult.ro\\\/wp-content\\\/uploads\\\/2025\\\/10\\\/Logo-biocult-ro_Biocult-ro-1.svg\",\"contentUrl\":\"https:\\\/\\\/www.biocult.ro\\\/wp-content\\\/uploads\\\/2025\\\/10\\\/Logo-biocult-ro_Biocult-ro-1.svg\",\"width\":850,\"height\":269,\"caption\":\"Biocult\"},\"image\":{\"@id\":\"https:\\\/\\\/www.biocult.ro\\\/#\\\/schema\\\/logo\\\/image\\\/\"},\"sameAs\":[\"https:\\\/\\\/www.linkedin.com\\\/company\\\/biocult-srl\\\/\"]}]}<\/script>\n<!-- \/ Yoast SEO plugin. -->","yoast_head_json":{"title":"Saltlite - Biocult","robots":{"index":"index","follow":"follow","max-snippet":"max-snippet:-1","max-image-preview":"max-image-preview:large","max-video-preview":"max-video-preview:-1"},"canonical":"https:\/\/www.biocult.ro\/en\/product\/saltlite\/","og_locale":"en_US","og_type":"article","og_title":"Saltlite - Biocult","og_description":"Conceptul Saltlite , dezvoltat ini\u021bial de Chr. Hansen, este o solu\u021bie inovatoare pentru reducerea con\u021binutului de sodiu din br\u00e2nzeturi cu p\u00e2n\u0103 la 50%, f\u0103r\u0103 a compromite gustul, textura sau stabilitatea produsului. Acesta combin\u0103 culturi starter DVS, culturi adjuvante \u0219i coagulante speciale, men\u021bin\u00e2nd profilul senzorial al br\u00e2nzei \u0219i \u00eembun\u0103t\u0103\u021bind textura, chiar \u0219i \u00een condi\u021bii de reducere a s\u0103rii.  Saltlite r\u0103spunde astfel cererii pentru produse lactate mai s\u0103n\u0103toase, cu un profil nutri\u021bional \u00eembun\u0103t\u0103\u021bit.","og_url":"https:\/\/www.biocult.ro\/en\/product\/saltlite\/","og_site_name":"Biocult","article_modified_time":"2026-02-21T15:08:20+00:00","og_image":[{"width":499,"height":387,"url":"https:\/\/www.biocult.ro\/wp-content\/uploads\/2026\/02\/Saltlite.jpg","type":"image\/jpeg"}],"twitter_card":"summary_large_image","twitter_misc":{"Est. reading time":"1 minute"},"schema":{"@context":"https:\/\/schema.org","@graph":[{"@type":"WebPage","@id":"https:\/\/www.biocult.ro\/product\/saltlite\/","url":"https:\/\/www.biocult.ro\/product\/saltlite\/","name":"Saltlite - Biocult","isPartOf":{"@id":"https:\/\/www.biocult.ro\/#website"},"primaryImageOfPage":{"@id":"https:\/\/www.biocult.ro\/product\/saltlite\/#primaryimage"},"image":{"@id":"https:\/\/www.biocult.ro\/product\/saltlite\/#primaryimage"},"thumbnailUrl":"https:\/\/www.biocult.ro\/wp-content\/uploads\/2026\/02\/Saltlite.jpg","datePublished":"2026-02-02T09:26:25+00:00","dateModified":"2026-02-21T15:08:20+00:00","breadcrumb":{"@id":"https:\/\/www.biocult.ro\/product\/saltlite\/#breadcrumb"},"inLanguage":"en-US","potentialAction":[{"@type":"ReadAction","target":["https:\/\/www.biocult.ro\/product\/saltlite\/"]}]},{"@type":"ImageObject","inLanguage":"en-US","@id":"https:\/\/www.biocult.ro\/product\/saltlite\/#primaryimage","url":"https:\/\/www.biocult.ro\/wp-content\/uploads\/2026\/02\/Saltlite.jpg","contentUrl":"https:\/\/www.biocult.ro\/wp-content\/uploads\/2026\/02\/Saltlite.jpg","width":499,"height":387},{"@type":"BreadcrumbList","@id":"https:\/\/www.biocult.ro\/product\/saltlite\/#breadcrumb","itemListElement":[{"@type":"ListItem","position":1,"name":"Home","item":"https:\/\/www.biocult.ro\/"},{"@type":"ListItem","position":2,"name":"Produse","item":"https:\/\/www.biocult.ro\/produse\/"},{"@type":"ListItem","position":3,"name":"Saltlite"}]},{"@type":"WebSite","@id":"https:\/\/www.biocult.ro\/#website","url":"https:\/\/www.biocult.ro\/","name":"Biocult","description":"Biosolutions for food and health","publisher":{"@id":"https:\/\/www.biocult.ro\/#organization"},"potentialAction":[{"@type":"SearchAction","target":{"@type":"EntryPoint","urlTemplate":"https:\/\/www.biocult.ro\/?s={search_term_string}"},"query-input":{"@type":"PropertyValueSpecification","valueRequired":true,"valueName":"search_term_string"}}],"inLanguage":"en-US"},{"@type":"Organization","@id":"https:\/\/www.biocult.ro\/#organization","name":"Biocult","url":"https:\/\/www.biocult.ro\/","logo":{"@type":"ImageObject","inLanguage":"en-US","@id":"https:\/\/www.biocult.ro\/#\/schema\/logo\/image\/","url":"https:\/\/www.biocult.ro\/wp-content\/uploads\/2025\/10\/Logo-biocult-ro_Biocult-ro-1.svg","contentUrl":"https:\/\/www.biocult.ro\/wp-content\/uploads\/2025\/10\/Logo-biocult-ro_Biocult-ro-1.svg","width":850,"height":269,"caption":"Biocult"},"image":{"@id":"https:\/\/www.biocult.ro\/#\/schema\/logo\/image\/"},"sameAs":["https:\/\/www.linkedin.com\/company\/biocult-srl\/"]}]}},"_links":{"self":[{"href":"https:\/\/www.biocult.ro\/en\/wp-json\/wp\/v2\/product\/15988","targetHints":{"allow":["GET"]}}],"collection":[{"href":"https:\/\/www.biocult.ro\/en\/wp-json\/wp\/v2\/product"}],"about":[{"href":"https:\/\/www.biocult.ro\/en\/wp-json\/wp\/v2\/types\/product"}],"version-history":[{"count":5,"href":"https:\/\/www.biocult.ro\/en\/wp-json\/wp\/v2\/product\/15988\/revisions"}],"predecessor-version":[{"id":16103,"href":"https:\/\/www.biocult.ro\/en\/wp-json\/wp\/v2\/product\/15988\/revisions\/16103"}],"wp:featuredmedia":[{"embeddable":true,"href":"https:\/\/www.biocult.ro\/en\/wp-json\/wp\/v2\/media\/16131"}],"wp:attachment":[{"href":"https:\/\/www.biocult.ro\/en\/wp-json\/wp\/v2\/media?parent=15988"}],"wp:term":[{"taxonomy":"product_brand","embeddable":true,"href":"https:\/\/www.biocult.ro\/en\/wp-json\/wp\/v2\/product_brand?post=15988"},{"taxonomy":"product_cat","embeddable":true,"href":"https:\/\/www.biocult.ro\/en\/wp-json\/wp\/v2\/product_cat?post=15988"},{"taxonomy":"product_tag","embeddable":true,"href":"https:\/\/www.biocult.ro\/en\/wp-json\/wp\/v2\/product_tag?post=15988"}],"curies":[{"name":"wp","href":"https:\/\/api.w.org\/{rel}","templated":true}]}}