{"id":16215,"date":"2026-02-24T14:11:22","date_gmt":"2026-02-24T14:11:22","guid":{"rendered":"https:\/\/www.biocult.ro\/?post_type=product&#038;p=16215"},"modified":"2026-02-24T14:19:42","modified_gmt":"2026-02-24T14:19:42","slug":"dairy-alternatives","status":"publish","type":"product","link":"https:\/\/www.biocult.ro\/en\/product\/dairy-alternatives\/","title":{"rendered":"Dairy Alternatives"},"content":{"rendered":"","protected":false},"excerpt":{"rendered":"<p>Categoria <b>Dairy Alternatives<\/b> reune\u0219te solu\u021biile de fermenta\u021bie dedicate produselor vegetale care \u00eenlocuiesc lactatele, precum alternativele de tip iaurt (\u201evegurt\u201d), cream cheese vegetal \u0219i alte produse fermentate plant-based. Portofoliul include solu\u021biile <b>Vertera\u00ae &#8211;<\/b> culturi starter pentru baze vegetale, <b>Vertera\u00ae FreshQ\u00ae &#8211;<\/b> culturi bioprotective pentru stabilitate microbiologic\u0103 \u0219i <b>Vertera\u00ae Nu-trish\u00ae<\/b> &#8211; culturi probiotice pentru s\u0103n\u0103tate digestiv\u0103 \u0219i sus\u021binerea imunit\u0103\u021bii dezvoltate.<\/p>\n<p>Aceste biosolu\u021bii permit produc\u0103torilor s\u0103 creeze produse vegetale fermentate cu gust echilibrat, textur\u0103 optimizat\u0103 \u0219i pozi\u021bionare clar\u0103 pe natural \u0219i s\u0103n\u0103tate.<\/p>","protected":false},"featured_media":16118,"template":"","meta":[],"product_brand":[],"product_cat":[66,126],"product_tag":[],"class_list":{"0":"post-16215","1":"product","2":"type-product","3":"status-publish","4":"has-post-thumbnail","6":"product_cat-culturi-starter-vegane","7":"product_cat-dairy-alternatives","9":"first","10":"instock","11":"shipping-taxable","12":"product-type-simple"},"yoast_head":"<!-- This site is optimized with the Yoast SEO plugin v27.4 - https:\/\/yoast.com\/product\/yoast-seo-wordpress\/ -->\n<title>Dairy Alternatives - Biocult<\/title>\n<meta name=\"robots\" content=\"index, follow, max-snippet:-1, max-image-preview:large, max-video-preview:-1\" \/>\n<link rel=\"canonical\" href=\"https:\/\/www.biocult.ro\/en\/product\/dairy-alternatives\/\" \/>\n<meta property=\"og:locale\" content=\"en_US\" \/>\n<meta property=\"og:type\" content=\"article\" \/>\n<meta property=\"og:title\" content=\"Dairy Alternatives - Biocult\" \/>\n<meta property=\"og:description\" content=\"Categoria Dairy Alternatives reune\u0219te solu\u021biile de fermenta\u021bie dedicate produselor vegetale care \u00eenlocuiesc lactatele, precum alternativele de tip iaurt (\u201evegurt\u201d), cream cheese vegetal \u0219i alte produse fermentate plant-based. Portofoliul include solu\u021biile Vertera\u00ae - culturi starter pentru baze vegetale, Vertera\u00ae FreshQ\u00ae - culturi bioprotective pentru stabilitate microbiologic\u0103 \u0219i Vertera\u00ae Nu-trish\u00ae - culturi probiotice pentru s\u0103n\u0103tate digestiv\u0103 \u0219i sus\u021binerea imunit\u0103\u021bii dezvoltate.  Aceste biosolu\u021bii permit produc\u0103torilor s\u0103 creeze produse vegetale fermentate cu gust echilibrat, textur\u0103 optimizat\u0103 \u0219i pozi\u021bionare clar\u0103 pe natural \u0219i s\u0103n\u0103tate.\" \/>\n<meta property=\"og:url\" content=\"https:\/\/www.biocult.ro\/en\/product\/dairy-alternatives\/\" \/>\n<meta property=\"og:site_name\" content=\"Biocult\" \/>\n<meta property=\"article:modified_time\" content=\"2026-02-24T14:19:42+00:00\" \/>\n<meta property=\"og:image\" content=\"https:\/\/www.biocult.ro\/wp-content\/uploads\/2026\/02\/Arome_naturale_de_branza.jpg\" \/>\n\t<meta property=\"og:image:width\" content=\"499\" \/>\n\t<meta property=\"og:image:height\" content=\"387\" \/>\n\t<meta property=\"og:image:type\" content=\"image\/jpeg\" \/>\n<meta name=\"twitter:card\" content=\"summary_large_image\" \/>\n<meta name=\"twitter:label1\" content=\"Est. reading time\" \/>\n\t<meta name=\"twitter:data1\" content=\"1 minute\" \/>\n<script type=\"application\/ld+json\" class=\"yoast-schema-graph\">{\"@context\":\"https:\\\/\\\/schema.org\",\"@graph\":[{\"@type\":\"WebPage\",\"@id\":\"https:\\\/\\\/www.biocult.ro\\\/product\\\/dairy-alternatives\\\/\",\"url\":\"https:\\\/\\\/www.biocult.ro\\\/product\\\/dairy-alternatives\\\/\",\"name\":\"Dairy Alternatives - Biocult\",\"isPartOf\":{\"@id\":\"https:\\\/\\\/www.biocult.ro\\\/#website\"},\"primaryImageOfPage\":{\"@id\":\"https:\\\/\\\/www.biocult.ro\\\/product\\\/dairy-alternatives\\\/#primaryimage\"},\"image\":{\"@id\":\"https:\\\/\\\/www.biocult.ro\\\/product\\\/dairy-alternatives\\\/#primaryimage\"},\"thumbnailUrl\":\"https:\\\/\\\/www.biocult.ro\\\/wp-content\\\/uploads\\\/2026\\\/02\\\/Arome_naturale_de_branza.jpg\",\"datePublished\":\"2026-02-24T14:11:22+00:00\",\"dateModified\":\"2026-02-24T14:19:42+00:00\",\"breadcrumb\":{\"@id\":\"https:\\\/\\\/www.biocult.ro\\\/product\\\/dairy-alternatives\\\/#breadcrumb\"},\"inLanguage\":\"en-US\",\"potentialAction\":[{\"@type\":\"ReadAction\",\"target\":[\"https:\\\/\\\/www.biocult.ro\\\/product\\\/dairy-alternatives\\\/\"]}]},{\"@type\":\"ImageObject\",\"inLanguage\":\"en-US\",\"@id\":\"https:\\\/\\\/www.biocult.ro\\\/product\\\/dairy-alternatives\\\/#primaryimage\",\"url\":\"https:\\\/\\\/www.biocult.ro\\\/wp-content\\\/uploads\\\/2026\\\/02\\\/Arome_naturale_de_branza.jpg\",\"contentUrl\":\"https:\\\/\\\/www.biocult.ro\\\/wp-content\\\/uploads\\\/2026\\\/02\\\/Arome_naturale_de_branza.jpg\",\"width\":499,\"height\":387},{\"@type\":\"BreadcrumbList\",\"@id\":\"https:\\\/\\\/www.biocult.ro\\\/product\\\/dairy-alternatives\\\/#breadcrumb\",\"itemListElement\":[{\"@type\":\"ListItem\",\"position\":1,\"name\":\"Home\",\"item\":\"https:\\\/\\\/www.biocult.ro\\\/\"},{\"@type\":\"ListItem\",\"position\":2,\"name\":\"Produse\",\"item\":\"https:\\\/\\\/www.biocult.ro\\\/produse\\\/\"},{\"@type\":\"ListItem\",\"position\":3,\"name\":\"Dairy Alternatives\"}]},{\"@type\":\"WebSite\",\"@id\":\"https:\\\/\\\/www.biocult.ro\\\/#website\",\"url\":\"https:\\\/\\\/www.biocult.ro\\\/\",\"name\":\"Biocult\",\"description\":\"Biosolutii pentru alimente si sanatate\",\"publisher\":{\"@id\":\"https:\\\/\\\/www.biocult.ro\\\/#organization\"},\"potentialAction\":[{\"@type\":\"SearchAction\",\"target\":{\"@type\":\"EntryPoint\",\"urlTemplate\":\"https:\\\/\\\/www.biocult.ro\\\/?s={search_term_string}\"},\"query-input\":{\"@type\":\"PropertyValueSpecification\",\"valueRequired\":true,\"valueName\":\"search_term_string\"}}],\"inLanguage\":\"en-US\"},{\"@type\":\"Organization\",\"@id\":\"https:\\\/\\\/www.biocult.ro\\\/#organization\",\"name\":\"Biocult\",\"url\":\"https:\\\/\\\/www.biocult.ro\\\/\",\"logo\":{\"@type\":\"ImageObject\",\"inLanguage\":\"en-US\",\"@id\":\"https:\\\/\\\/www.biocult.ro\\\/#\\\/schema\\\/logo\\\/image\\\/\",\"url\":\"https:\\\/\\\/www.biocult.ro\\\/wp-content\\\/uploads\\\/2025\\\/10\\\/Logo-biocult-ro_Biocult-ro-1.svg\",\"contentUrl\":\"https:\\\/\\\/www.biocult.ro\\\/wp-content\\\/uploads\\\/2025\\\/10\\\/Logo-biocult-ro_Biocult-ro-1.svg\",\"width\":850,\"height\":269,\"caption\":\"Biocult\"},\"image\":{\"@id\":\"https:\\\/\\\/www.biocult.ro\\\/#\\\/schema\\\/logo\\\/image\\\/\"},\"sameAs\":[\"https:\\\/\\\/www.linkedin.com\\\/company\\\/biocult-srl\\\/\"]}]}<\/script>\n<!-- \/ Yoast SEO plugin. -->","yoast_head_json":{"title":"Dairy Alternatives - Biocult","robots":{"index":"index","follow":"follow","max-snippet":"max-snippet:-1","max-image-preview":"max-image-preview:large","max-video-preview":"max-video-preview:-1"},"canonical":"https:\/\/www.biocult.ro\/en\/product\/dairy-alternatives\/","og_locale":"en_US","og_type":"article","og_title":"Dairy Alternatives - Biocult","og_description":"Categoria Dairy Alternatives reune\u0219te solu\u021biile de fermenta\u021bie dedicate produselor vegetale care \u00eenlocuiesc lactatele, precum alternativele de tip iaurt (\u201evegurt\u201d), cream cheese vegetal \u0219i alte produse fermentate plant-based. Portofoliul include solu\u021biile Vertera\u00ae - culturi starter pentru baze vegetale, Vertera\u00ae FreshQ\u00ae - culturi bioprotective pentru stabilitate microbiologic\u0103 \u0219i Vertera\u00ae Nu-trish\u00ae - culturi probiotice pentru s\u0103n\u0103tate digestiv\u0103 \u0219i sus\u021binerea imunit\u0103\u021bii dezvoltate.  Aceste biosolu\u021bii permit produc\u0103torilor s\u0103 creeze produse vegetale fermentate cu gust echilibrat, textur\u0103 optimizat\u0103 \u0219i pozi\u021bionare clar\u0103 pe natural \u0219i s\u0103n\u0103tate.","og_url":"https:\/\/www.biocult.ro\/en\/product\/dairy-alternatives\/","og_site_name":"Biocult","article_modified_time":"2026-02-24T14:19:42+00:00","og_image":[{"width":499,"height":387,"url":"https:\/\/www.biocult.ro\/wp-content\/uploads\/2026\/02\/Arome_naturale_de_branza.jpg","type":"image\/jpeg"}],"twitter_card":"summary_large_image","twitter_misc":{"Est. reading time":"1 minute"},"schema":{"@context":"https:\/\/schema.org","@graph":[{"@type":"WebPage","@id":"https:\/\/www.biocult.ro\/product\/dairy-alternatives\/","url":"https:\/\/www.biocult.ro\/product\/dairy-alternatives\/","name":"Dairy Alternatives - Biocult","isPartOf":{"@id":"https:\/\/www.biocult.ro\/#website"},"primaryImageOfPage":{"@id":"https:\/\/www.biocult.ro\/product\/dairy-alternatives\/#primaryimage"},"image":{"@id":"https:\/\/www.biocult.ro\/product\/dairy-alternatives\/#primaryimage"},"thumbnailUrl":"https:\/\/www.biocult.ro\/wp-content\/uploads\/2026\/02\/Arome_naturale_de_branza.jpg","datePublished":"2026-02-24T14:11:22+00:00","dateModified":"2026-02-24T14:19:42+00:00","breadcrumb":{"@id":"https:\/\/www.biocult.ro\/product\/dairy-alternatives\/#breadcrumb"},"inLanguage":"en-US","potentialAction":[{"@type":"ReadAction","target":["https:\/\/www.biocult.ro\/product\/dairy-alternatives\/"]}]},{"@type":"ImageObject","inLanguage":"en-US","@id":"https:\/\/www.biocult.ro\/product\/dairy-alternatives\/#primaryimage","url":"https:\/\/www.biocult.ro\/wp-content\/uploads\/2026\/02\/Arome_naturale_de_branza.jpg","contentUrl":"https:\/\/www.biocult.ro\/wp-content\/uploads\/2026\/02\/Arome_naturale_de_branza.jpg","width":499,"height":387},{"@type":"BreadcrumbList","@id":"https:\/\/www.biocult.ro\/product\/dairy-alternatives\/#breadcrumb","itemListElement":[{"@type":"ListItem","position":1,"name":"Home","item":"https:\/\/www.biocult.ro\/"},{"@type":"ListItem","position":2,"name":"Produse","item":"https:\/\/www.biocult.ro\/produse\/"},{"@type":"ListItem","position":3,"name":"Dairy Alternatives"}]},{"@type":"WebSite","@id":"https:\/\/www.biocult.ro\/#website","url":"https:\/\/www.biocult.ro\/","name":"Biocult","description":"Biosolutions for food and health","publisher":{"@id":"https:\/\/www.biocult.ro\/#organization"},"potentialAction":[{"@type":"SearchAction","target":{"@type":"EntryPoint","urlTemplate":"https:\/\/www.biocult.ro\/?s={search_term_string}"},"query-input":{"@type":"PropertyValueSpecification","valueRequired":true,"valueName":"search_term_string"}}],"inLanguage":"en-US"},{"@type":"Organization","@id":"https:\/\/www.biocult.ro\/#organization","name":"Biocult","url":"https:\/\/www.biocult.ro\/","logo":{"@type":"ImageObject","inLanguage":"en-US","@id":"https:\/\/www.biocult.ro\/#\/schema\/logo\/image\/","url":"https:\/\/www.biocult.ro\/wp-content\/uploads\/2025\/10\/Logo-biocult-ro_Biocult-ro-1.svg","contentUrl":"https:\/\/www.biocult.ro\/wp-content\/uploads\/2025\/10\/Logo-biocult-ro_Biocult-ro-1.svg","width":850,"height":269,"caption":"Biocult"},"image":{"@id":"https:\/\/www.biocult.ro\/#\/schema\/logo\/image\/"},"sameAs":["https:\/\/www.linkedin.com\/company\/biocult-srl\/"]}]}},"_links":{"self":[{"href":"https:\/\/www.biocult.ro\/en\/wp-json\/wp\/v2\/product\/16215","targetHints":{"allow":["GET"]}}],"collection":[{"href":"https:\/\/www.biocult.ro\/en\/wp-json\/wp\/v2\/product"}],"about":[{"href":"https:\/\/www.biocult.ro\/en\/wp-json\/wp\/v2\/types\/product"}],"version-history":[{"count":2,"href":"https:\/\/www.biocult.ro\/en\/wp-json\/wp\/v2\/product\/16215\/revisions"}],"predecessor-version":[{"id":16217,"href":"https:\/\/www.biocult.ro\/en\/wp-json\/wp\/v2\/product\/16215\/revisions\/16217"}],"wp:featuredmedia":[{"embeddable":true,"href":"https:\/\/www.biocult.ro\/en\/wp-json\/wp\/v2\/media\/16118"}],"wp:attachment":[{"href":"https:\/\/www.biocult.ro\/en\/wp-json\/wp\/v2\/media?parent=16215"}],"wp:term":[{"taxonomy":"product_brand","embeddable":true,"href":"https:\/\/www.biocult.ro\/en\/wp-json\/wp\/v2\/product_brand?post=16215"},{"taxonomy":"product_cat","embeddable":true,"href":"https:\/\/www.biocult.ro\/en\/wp-json\/wp\/v2\/product_cat?post=16215"},{"taxonomy":"product_tag","embeddable":true,"href":"https:\/\/www.biocult.ro\/en\/wp-json\/wp\/v2\/product_tag?post=16215"}],"curies":[{"name":"wp","href":"https:\/\/api.w.org\/{rel}","templated":true}]}}