{"id":16218,"date":"2026-02-24T14:20:24","date_gmt":"2026-02-24T14:20:24","guid":{"rendered":"https:\/\/www.biocult.ro\/?post_type=product&#038;p=16218"},"modified":"2026-02-24T14:24:15","modified_gmt":"2026-02-24T14:24:15","slug":"meat-alternatives-culturi-pentru-alternative-vegetale-fermentate-tip-carne","status":"publish","type":"product","link":"https:\/\/www.biocult.ro\/en\/product\/meat-alternatives-culturi-pentru-alternative-vegetale-fermentate-tip-carne\/","title":{"rendered":"Meat Alternatives &#8211; culturi pentru alternative vegetale fermentate tip carne"},"content":{"rendered":"","protected":false},"excerpt":{"rendered":"<p>Categoria <b>Meat Substitutes<\/b> include solu\u021bii de fermenta\u021bie dedicate produselor vegetale care \u00eenlocuiesc carnea fermentat\u0103 tradi\u021bional\u0103. Portofoliul este reprezentat de <b>Vertera\u00ae Bactoferm\u00ae<\/b>, cultur\u0103 dezvoltat\u0103 special pentru c\u00e2rna\u021bi vegetali usca\u021bi \u0219i alte aplica\u021bii plant-based care necesit\u0103 acidifiere controlat\u0103 \u0219i dezvoltarea unui profil aromatic autentic.<\/p>\n<p>Aceast\u0103 solu\u021bie permite produc\u0103torilor s\u0103 reproduc\u0103 caracterul specific produselor fermentate din carne, utiliz\u00e2nd un proces natural de fermenta\u021bie adaptat alternativelor vegetale.<\/p>","protected":false},"featured_media":16134,"template":"","meta":[],"product_brand":[],"product_cat":[66,85],"product_tag":[],"class_list":{"0":"post-16218","1":"product","2":"type-product","3":"status-publish","4":"has-post-thumbnail","6":"product_cat-culturi-starter-vegane","7":"product_cat-meat-alternatives","9":"first","10":"instock","11":"shipping-taxable","12":"product-type-simple"},"yoast_head":"<!-- This site is optimized with the Yoast SEO plugin v27.4 - https:\/\/yoast.com\/product\/yoast-seo-wordpress\/ -->\n<title>Meat Alternatives - culturi pentru alternative vegetale fermentate tip carne - Biocult<\/title>\n<meta name=\"robots\" content=\"index, follow, max-snippet:-1, max-image-preview:large, max-video-preview:-1\" \/>\n<link rel=\"canonical\" href=\"https:\/\/www.biocult.ro\/en\/product\/meat-alternatives-culturi-pentru-alternative-vegetale-fermentate-tip-carne\/\" \/>\n<meta property=\"og:locale\" content=\"en_US\" \/>\n<meta property=\"og:type\" content=\"article\" \/>\n<meta property=\"og:title\" content=\"Meat Alternatives - culturi pentru alternative vegetale fermentate tip carne - Biocult\" \/>\n<meta property=\"og:description\" content=\"Categoria Meat Alternatives include solu\u021bii de fermenta\u021bie dedicate produselor vegetale care \u00eenlocuiesc carnea fermentat\u0103 tradi\u021bional\u0103. Portofoliul este reprezentat de Vertera\u00ae Bactoferm\u00ae, cultur\u0103 dezvoltat\u0103 special pentru c\u00e2rna\u021bi vegetali usca\u021bi \u0219i alte aplica\u021bii plant-based care necesit\u0103 acidifiere controlat\u0103 \u0219i dezvoltarea unui profil aromatic autentic.  Aceast\u0103 solu\u021bie permite produc\u0103torilor s\u0103 reproduc\u0103 caracterul specific produselor fermentate din carne, utiliz\u00e2nd un proces natural de fermenta\u021bie adaptat alternativelor vegetale.\" \/>\n<meta property=\"og:url\" content=\"https:\/\/www.biocult.ro\/en\/product\/meat-alternatives-culturi-pentru-alternative-vegetale-fermentate-tip-carne\/\" \/>\n<meta property=\"og:site_name\" content=\"Biocult\" \/>\n<meta property=\"article:modified_time\" content=\"2026-02-24T14:24:15+00:00\" \/>\n<meta property=\"og:image\" content=\"https:\/\/www.biocult.ro\/wp-content\/uploads\/2026\/02\/Vertera_Bactoferm.jpg\" \/>\n\t<meta property=\"og:image:width\" content=\"499\" \/>\n\t<meta property=\"og:image:height\" content=\"387\" \/>\n\t<meta property=\"og:image:type\" content=\"image\/jpeg\" \/>\n<meta name=\"twitter:card\" content=\"summary_large_image\" \/>\n<meta name=\"twitter:label1\" content=\"Est. reading time\" \/>\n\t<meta name=\"twitter:data1\" content=\"1 minute\" \/>\n<script type=\"application\/ld+json\" class=\"yoast-schema-graph\">{\"@context\":\"https:\\\/\\\/schema.org\",\"@graph\":[{\"@type\":\"WebPage\",\"@id\":\"https:\\\/\\\/www.biocult.ro\\\/product\\\/meat-alternatives-culturi-pentru-alternative-vegetale-fermentate-tip-carne\\\/\",\"url\":\"https:\\\/\\\/www.biocult.ro\\\/product\\\/meat-alternatives-culturi-pentru-alternative-vegetale-fermentate-tip-carne\\\/\",\"name\":\"Meat Alternatives - culturi pentru alternative vegetale fermentate tip carne - Biocult\",\"isPartOf\":{\"@id\":\"https:\\\/\\\/www.biocult.ro\\\/#website\"},\"primaryImageOfPage\":{\"@id\":\"https:\\\/\\\/www.biocult.ro\\\/product\\\/meat-alternatives-culturi-pentru-alternative-vegetale-fermentate-tip-carne\\\/#primaryimage\"},\"image\":{\"@id\":\"https:\\\/\\\/www.biocult.ro\\\/product\\\/meat-alternatives-culturi-pentru-alternative-vegetale-fermentate-tip-carne\\\/#primaryimage\"},\"thumbnailUrl\":\"https:\\\/\\\/www.biocult.ro\\\/wp-content\\\/uploads\\\/2026\\\/02\\\/Vertera_Bactoferm.jpg\",\"datePublished\":\"2026-02-24T14:20:24+00:00\",\"dateModified\":\"2026-02-24T14:24:15+00:00\",\"breadcrumb\":{\"@id\":\"https:\\\/\\\/www.biocult.ro\\\/product\\\/meat-alternatives-culturi-pentru-alternative-vegetale-fermentate-tip-carne\\\/#breadcrumb\"},\"inLanguage\":\"en-US\",\"potentialAction\":[{\"@type\":\"ReadAction\",\"target\":[\"https:\\\/\\\/www.biocult.ro\\\/product\\\/meat-alternatives-culturi-pentru-alternative-vegetale-fermentate-tip-carne\\\/\"]}]},{\"@type\":\"ImageObject\",\"inLanguage\":\"en-US\",\"@id\":\"https:\\\/\\\/www.biocult.ro\\\/product\\\/meat-alternatives-culturi-pentru-alternative-vegetale-fermentate-tip-carne\\\/#primaryimage\",\"url\":\"https:\\\/\\\/www.biocult.ro\\\/wp-content\\\/uploads\\\/2026\\\/02\\\/Vertera_Bactoferm.jpg\",\"contentUrl\":\"https:\\\/\\\/www.biocult.ro\\\/wp-content\\\/uploads\\\/2026\\\/02\\\/Vertera_Bactoferm.jpg\",\"width\":499,\"height\":387},{\"@type\":\"BreadcrumbList\",\"@id\":\"https:\\\/\\\/www.biocult.ro\\\/product\\\/meat-alternatives-culturi-pentru-alternative-vegetale-fermentate-tip-carne\\\/#breadcrumb\",\"itemListElement\":[{\"@type\":\"ListItem\",\"position\":1,\"name\":\"Home\",\"item\":\"https:\\\/\\\/www.biocult.ro\\\/\"},{\"@type\":\"ListItem\",\"position\":2,\"name\":\"Produse\",\"item\":\"https:\\\/\\\/www.biocult.ro\\\/produse\\\/\"},{\"@type\":\"ListItem\",\"position\":3,\"name\":\"Meat Alternatives &#8211; culturi pentru alternative vegetale fermentate tip carne\"}]},{\"@type\":\"WebSite\",\"@id\":\"https:\\\/\\\/www.biocult.ro\\\/#website\",\"url\":\"https:\\\/\\\/www.biocult.ro\\\/\",\"name\":\"Biocult\",\"description\":\"Biosolutii pentru alimente si sanatate\",\"publisher\":{\"@id\":\"https:\\\/\\\/www.biocult.ro\\\/#organization\"},\"potentialAction\":[{\"@type\":\"SearchAction\",\"target\":{\"@type\":\"EntryPoint\",\"urlTemplate\":\"https:\\\/\\\/www.biocult.ro\\\/?s={search_term_string}\"},\"query-input\":{\"@type\":\"PropertyValueSpecification\",\"valueRequired\":true,\"valueName\":\"search_term_string\"}}],\"inLanguage\":\"en-US\"},{\"@type\":\"Organization\",\"@id\":\"https:\\\/\\\/www.biocult.ro\\\/#organization\",\"name\":\"Biocult\",\"url\":\"https:\\\/\\\/www.biocult.ro\\\/\",\"logo\":{\"@type\":\"ImageObject\",\"inLanguage\":\"en-US\",\"@id\":\"https:\\\/\\\/www.biocult.ro\\\/#\\\/schema\\\/logo\\\/image\\\/\",\"url\":\"https:\\\/\\\/www.biocult.ro\\\/wp-content\\\/uploads\\\/2025\\\/10\\\/Logo-biocult-ro_Biocult-ro-1.svg\",\"contentUrl\":\"https:\\\/\\\/www.biocult.ro\\\/wp-content\\\/uploads\\\/2025\\\/10\\\/Logo-biocult-ro_Biocult-ro-1.svg\",\"width\":850,\"height\":269,\"caption\":\"Biocult\"},\"image\":{\"@id\":\"https:\\\/\\\/www.biocult.ro\\\/#\\\/schema\\\/logo\\\/image\\\/\"},\"sameAs\":[\"https:\\\/\\\/www.linkedin.com\\\/company\\\/biocult-srl\\\/\"]}]}<\/script>\n<!-- \/ Yoast SEO plugin. -->","yoast_head_json":{"title":"Meat Alternatives - culturi pentru alternative vegetale fermentate tip carne - Biocult","robots":{"index":"index","follow":"follow","max-snippet":"max-snippet:-1","max-image-preview":"max-image-preview:large","max-video-preview":"max-video-preview:-1"},"canonical":"https:\/\/www.biocult.ro\/en\/product\/meat-alternatives-culturi-pentru-alternative-vegetale-fermentate-tip-carne\/","og_locale":"en_US","og_type":"article","og_title":"Meat Alternatives - culturi pentru alternative vegetale fermentate tip carne - Biocult","og_description":"Categoria Meat Alternatives include solu\u021bii de fermenta\u021bie dedicate produselor vegetale care \u00eenlocuiesc carnea fermentat\u0103 tradi\u021bional\u0103. Portofoliul este reprezentat de Vertera\u00ae Bactoferm\u00ae, cultur\u0103 dezvoltat\u0103 special pentru c\u00e2rna\u021bi vegetali usca\u021bi \u0219i alte aplica\u021bii plant-based care necesit\u0103 acidifiere controlat\u0103 \u0219i dezvoltarea unui profil aromatic autentic.  Aceast\u0103 solu\u021bie permite produc\u0103torilor s\u0103 reproduc\u0103 caracterul specific produselor fermentate din carne, utiliz\u00e2nd un proces natural de fermenta\u021bie adaptat alternativelor vegetale.","og_url":"https:\/\/www.biocult.ro\/en\/product\/meat-alternatives-culturi-pentru-alternative-vegetale-fermentate-tip-carne\/","og_site_name":"Biocult","article_modified_time":"2026-02-24T14:24:15+00:00","og_image":[{"width":499,"height":387,"url":"https:\/\/www.biocult.ro\/wp-content\/uploads\/2026\/02\/Vertera_Bactoferm.jpg","type":"image\/jpeg"}],"twitter_card":"summary_large_image","twitter_misc":{"Est. reading time":"1 minute"},"schema":{"@context":"https:\/\/schema.org","@graph":[{"@type":"WebPage","@id":"https:\/\/www.biocult.ro\/product\/meat-alternatives-culturi-pentru-alternative-vegetale-fermentate-tip-carne\/","url":"https:\/\/www.biocult.ro\/product\/meat-alternatives-culturi-pentru-alternative-vegetale-fermentate-tip-carne\/","name":"Meat Alternatives - culturi pentru alternative vegetale fermentate tip carne - Biocult","isPartOf":{"@id":"https:\/\/www.biocult.ro\/#website"},"primaryImageOfPage":{"@id":"https:\/\/www.biocult.ro\/product\/meat-alternatives-culturi-pentru-alternative-vegetale-fermentate-tip-carne\/#primaryimage"},"image":{"@id":"https:\/\/www.biocult.ro\/product\/meat-alternatives-culturi-pentru-alternative-vegetale-fermentate-tip-carne\/#primaryimage"},"thumbnailUrl":"https:\/\/www.biocult.ro\/wp-content\/uploads\/2026\/02\/Vertera_Bactoferm.jpg","datePublished":"2026-02-24T14:20:24+00:00","dateModified":"2026-02-24T14:24:15+00:00","breadcrumb":{"@id":"https:\/\/www.biocult.ro\/product\/meat-alternatives-culturi-pentru-alternative-vegetale-fermentate-tip-carne\/#breadcrumb"},"inLanguage":"en-US","potentialAction":[{"@type":"ReadAction","target":["https:\/\/www.biocult.ro\/product\/meat-alternatives-culturi-pentru-alternative-vegetale-fermentate-tip-carne\/"]}]},{"@type":"ImageObject","inLanguage":"en-US","@id":"https:\/\/www.biocult.ro\/product\/meat-alternatives-culturi-pentru-alternative-vegetale-fermentate-tip-carne\/#primaryimage","url":"https:\/\/www.biocult.ro\/wp-content\/uploads\/2026\/02\/Vertera_Bactoferm.jpg","contentUrl":"https:\/\/www.biocult.ro\/wp-content\/uploads\/2026\/02\/Vertera_Bactoferm.jpg","width":499,"height":387},{"@type":"BreadcrumbList","@id":"https:\/\/www.biocult.ro\/product\/meat-alternatives-culturi-pentru-alternative-vegetale-fermentate-tip-carne\/#breadcrumb","itemListElement":[{"@type":"ListItem","position":1,"name":"Home","item":"https:\/\/www.biocult.ro\/"},{"@type":"ListItem","position":2,"name":"Produse","item":"https:\/\/www.biocult.ro\/produse\/"},{"@type":"ListItem","position":3,"name":"Meat Alternatives &#8211; culturi pentru alternative vegetale fermentate tip carne"}]},{"@type":"WebSite","@id":"https:\/\/www.biocult.ro\/#website","url":"https:\/\/www.biocult.ro\/","name":"Biocult","description":"Biosolutions for food and health","publisher":{"@id":"https:\/\/www.biocult.ro\/#organization"},"potentialAction":[{"@type":"SearchAction","target":{"@type":"EntryPoint","urlTemplate":"https:\/\/www.biocult.ro\/?s={search_term_string}"},"query-input":{"@type":"PropertyValueSpecification","valueRequired":true,"valueName":"search_term_string"}}],"inLanguage":"en-US"},{"@type":"Organization","@id":"https:\/\/www.biocult.ro\/#organization","name":"Biocult","url":"https:\/\/www.biocult.ro\/","logo":{"@type":"ImageObject","inLanguage":"en-US","@id":"https:\/\/www.biocult.ro\/#\/schema\/logo\/image\/","url":"https:\/\/www.biocult.ro\/wp-content\/uploads\/2025\/10\/Logo-biocult-ro_Biocult-ro-1.svg","contentUrl":"https:\/\/www.biocult.ro\/wp-content\/uploads\/2025\/10\/Logo-biocult-ro_Biocult-ro-1.svg","width":850,"height":269,"caption":"Biocult"},"image":{"@id":"https:\/\/www.biocult.ro\/#\/schema\/logo\/image\/"},"sameAs":["https:\/\/www.linkedin.com\/company\/biocult-srl\/"]}]}},"_links":{"self":[{"href":"https:\/\/www.biocult.ro\/en\/wp-json\/wp\/v2\/product\/16218","targetHints":{"allow":["GET"]}}],"collection":[{"href":"https:\/\/www.biocult.ro\/en\/wp-json\/wp\/v2\/product"}],"about":[{"href":"https:\/\/www.biocult.ro\/en\/wp-json\/wp\/v2\/types\/product"}],"version-history":[{"count":3,"href":"https:\/\/www.biocult.ro\/en\/wp-json\/wp\/v2\/product\/16218\/revisions"}],"predecessor-version":[{"id":16221,"href":"https:\/\/www.biocult.ro\/en\/wp-json\/wp\/v2\/product\/16218\/revisions\/16221"}],"wp:featuredmedia":[{"embeddable":true,"href":"https:\/\/www.biocult.ro\/en\/wp-json\/wp\/v2\/media\/16134"}],"wp:attachment":[{"href":"https:\/\/www.biocult.ro\/en\/wp-json\/wp\/v2\/media?parent=16218"}],"wp:term":[{"taxonomy":"product_brand","embeddable":true,"href":"https:\/\/www.biocult.ro\/en\/wp-json\/wp\/v2\/product_brand?post=16218"},{"taxonomy":"product_cat","embeddable":true,"href":"https:\/\/www.biocult.ro\/en\/wp-json\/wp\/v2\/product_cat?post=16218"},{"taxonomy":"product_tag","embeddable":true,"href":"https:\/\/www.biocult.ro\/en\/wp-json\/wp\/v2\/product_tag?post=16218"}],"curies":[{"name":"wp","href":"https:\/\/api.w.org\/{rel}","templated":true}]}}