{"id":900,"date":"2013-06-07T11:33:05","date_gmt":"2013-06-07T11:33:05","guid":{"rendered":"http:\/\/demo2.woothemes.com\/woocommerce\/?post_type=product&#038;p=83"},"modified":"2026-02-21T14:54:12","modified_gmt":"2026-02-21T14:54:12","slug":"selected-cultures-for-kefir","status":"publish","type":"product","link":"https:\/\/www.biocult.ro\/en\/product\/culturi-selectionate-pentru-chefir\/","title":{"rendered":"Cultures selected for Kefir"},"content":{"rendered":"","protected":false},"excerpt":{"rendered":"<p><span style=\"font-weight: 400;\"><strong>Culturile lactice pentru chefir<\/strong> sunt solu\u021bii starter moderne, dezvoltate <\/span><b>pentru ob\u021binerea controlat\u0103 a chefirului<\/b><span style=\"font-weight: 400;\">, p\u0103str\u00e2nd caracteristicile tradi\u021bionale ale acestui produs fermentat: gust acri\u0219or pl\u0103cut, textur\u0103 cremoas\u0103, u\u0219or efervescent\u0103 \u0219i beneficii func\u021bionale naturale.<\/span><span style=\"font-weight: 400;\"><br \/>\n<\/span> <span style=\"font-weight: 400;\">Gama permite producerea chefirului prin <\/span><b>fermenta\u021bie controlat\u0103<\/b><span style=\"font-weight: 400;\">, f\u0103r\u0103 utilizarea granulelor tradi\u021bionale, asigur\u00e2nd stabilitate, siguran\u021b\u0103 microbiologic\u0103 \u0219i consisten\u021b\u0103 de la un lot la altul.<\/span><\/p>","protected":false},"featured_media":16148,"template":"","meta":[],"product_brand":[],"product_cat":[59,48],"product_tag":[],"class_list":{"0":"post-900","1":"product","2":"type-product","3":"status-publish","4":"has-post-thumbnail","6":"product_cat-culturi-lactice","7":"product_cat-industria-laptelui","8":"pa_aplicatie-lapte-lactate","9":"pa_forma-branzeturi","10":"pa_functionalitate-probiotic","12":"first","13":"instock","14":"downloadable","15":"shipping-taxable","16":"product-type-simple"},"yoast_head":"<!-- This site is optimized with the Yoast SEO plugin v27.5 - https:\/\/yoast.com\/product\/yoast-seo-wordpress\/ -->\n<title>Culturi selec\u021bionate pentru Chefir - Biocult<\/title>\n<meta name=\"robots\" content=\"index, follow, max-snippet:-1, max-image-preview:large, max-video-preview:-1\" \/>\n<link rel=\"canonical\" href=\"https:\/\/www.biocult.ro\/en\/product\/selected-cultures-for-kefir\/\" \/>\n<meta property=\"og:locale\" content=\"en_US\" \/>\n<meta property=\"og:type\" content=\"article\" \/>\n<meta property=\"og:title\" content=\"Culturi selec\u021bionate pentru Chefir - Biocult\" \/>\n<meta property=\"og:description\" content=\"Culturile lactice pentru chefir sunt solu\u021bii starter moderne, dezvoltate pentru ob\u021binerea controlat\u0103 a chefirului, p\u0103str\u00e2nd caracteristicile tradi\u021bionale ale acestui produs fermentat: gust acri\u0219or pl\u0103cut, textur\u0103 cremoas\u0103, u\u0219or efervescent\u0103 \u0219i beneficii func\u021bionale naturale.  Gama permite producerea chefirului prin fermenta\u021bie controlat\u0103, f\u0103r\u0103 utilizarea granulelor tradi\u021bionale, asigur\u00e2nd stabilitate, siguran\u021b\u0103 microbiologic\u0103 \u0219i consisten\u021b\u0103 de la un lot la altul.\" \/>\n<meta property=\"og:url\" content=\"https:\/\/www.biocult.ro\/en\/product\/selected-cultures-for-kefir\/\" \/>\n<meta property=\"og:site_name\" content=\"Biocult\" \/>\n<meta property=\"article:modified_time\" content=\"2026-02-21T14:54:12+00:00\" \/>\n<meta property=\"og:image\" content=\"https:\/\/www.biocult.ro\/wp-content\/uploads\/2026\/02\/Culturi_selecionate_pentru_Chefir.jpg\" \/>\n\t<meta property=\"og:image:width\" content=\"499\" \/>\n\t<meta property=\"og:image:height\" content=\"387\" \/>\n\t<meta property=\"og:image:type\" content=\"image\/jpeg\" \/>\n<meta name=\"twitter:card\" content=\"summary_large_image\" \/>\n<meta name=\"twitter:label1\" content=\"Est. reading time\" \/>\n\t<meta name=\"twitter:data1\" content=\"1 minute\" \/>\n<script type=\"application\/ld+json\" class=\"yoast-schema-graph\">{\"@context\":\"https:\\\/\\\/schema.org\",\"@graph\":[{\"@type\":\"WebPage\",\"@id\":\"https:\\\/\\\/www.biocult.ro\\\/product\\\/culturi-selectionate-pentru-chefir\\\/\",\"url\":\"https:\\\/\\\/www.biocult.ro\\\/product\\\/culturi-selectionate-pentru-chefir\\\/\",\"name\":\"Culturi selec\u021bionate pentru Chefir - Biocult\",\"isPartOf\":{\"@id\":\"https:\\\/\\\/www.biocult.ro\\\/#website\"},\"primaryImageOfPage\":{\"@id\":\"https:\\\/\\\/www.biocult.ro\\\/product\\\/culturi-selectionate-pentru-chefir\\\/#primaryimage\"},\"image\":{\"@id\":\"https:\\\/\\\/www.biocult.ro\\\/product\\\/culturi-selectionate-pentru-chefir\\\/#primaryimage\"},\"thumbnailUrl\":\"https:\\\/\\\/www.biocult.ro\\\/wp-content\\\/uploads\\\/2026\\\/02\\\/Culturi_selecionate_pentru_Chefir.jpg\",\"datePublished\":\"2013-06-07T11:33:05+00:00\",\"dateModified\":\"2026-02-21T14:54:12+00:00\",\"breadcrumb\":{\"@id\":\"https:\\\/\\\/www.biocult.ro\\\/product\\\/culturi-selectionate-pentru-chefir\\\/#breadcrumb\"},\"inLanguage\":\"en-US\",\"potentialAction\":[{\"@type\":\"ReadAction\",\"target\":[\"https:\\\/\\\/www.biocult.ro\\\/product\\\/culturi-selectionate-pentru-chefir\\\/\"]}]},{\"@type\":\"ImageObject\",\"inLanguage\":\"en-US\",\"@id\":\"https:\\\/\\\/www.biocult.ro\\\/product\\\/culturi-selectionate-pentru-chefir\\\/#primaryimage\",\"url\":\"https:\\\/\\\/www.biocult.ro\\\/wp-content\\\/uploads\\\/2026\\\/02\\\/Culturi_selecionate_pentru_Chefir.jpg\",\"contentUrl\":\"https:\\\/\\\/www.biocult.ro\\\/wp-content\\\/uploads\\\/2026\\\/02\\\/Culturi_selecionate_pentru_Chefir.jpg\",\"width\":499,\"height\":387},{\"@type\":\"BreadcrumbList\",\"@id\":\"https:\\\/\\\/www.biocult.ro\\\/product\\\/culturi-selectionate-pentru-chefir\\\/#breadcrumb\",\"itemListElement\":[{\"@type\":\"ListItem\",\"position\":1,\"name\":\"Home\",\"item\":\"https:\\\/\\\/www.biocult.ro\\\/\"},{\"@type\":\"ListItem\",\"position\":2,\"name\":\"Produse\",\"item\":\"https:\\\/\\\/www.biocult.ro\\\/produse\\\/\"},{\"@type\":\"ListItem\",\"position\":3,\"name\":\"Culturi selec\u021bionate pentru Chefir\"}]},{\"@type\":\"WebSite\",\"@id\":\"https:\\\/\\\/www.biocult.ro\\\/#website\",\"url\":\"https:\\\/\\\/www.biocult.ro\\\/\",\"name\":\"Biocult\",\"description\":\"Biosolutii pentru alimente si sanatate\",\"publisher\":{\"@id\":\"https:\\\/\\\/www.biocult.ro\\\/#organization\"},\"potentialAction\":[{\"@type\":\"SearchAction\",\"target\":{\"@type\":\"EntryPoint\",\"urlTemplate\":\"https:\\\/\\\/www.biocult.ro\\\/?s={search_term_string}\"},\"query-input\":{\"@type\":\"PropertyValueSpecification\",\"valueRequired\":true,\"valueName\":\"search_term_string\"}}],\"inLanguage\":\"en-US\"},{\"@type\":\"Organization\",\"@id\":\"https:\\\/\\\/www.biocult.ro\\\/#organization\",\"name\":\"Biocult\",\"url\":\"https:\\\/\\\/www.biocult.ro\\\/\",\"logo\":{\"@type\":\"ImageObject\",\"inLanguage\":\"en-US\",\"@id\":\"https:\\\/\\\/www.biocult.ro\\\/#\\\/schema\\\/logo\\\/image\\\/\",\"url\":\"https:\\\/\\\/www.biocult.ro\\\/wp-content\\\/uploads\\\/2025\\\/10\\\/Logo-biocult-ro_Biocult-ro-1.svg\",\"contentUrl\":\"https:\\\/\\\/www.biocult.ro\\\/wp-content\\\/uploads\\\/2025\\\/10\\\/Logo-biocult-ro_Biocult-ro-1.svg\",\"width\":850,\"height\":269,\"caption\":\"Biocult\"},\"image\":{\"@id\":\"https:\\\/\\\/www.biocult.ro\\\/#\\\/schema\\\/logo\\\/image\\\/\"},\"sameAs\":[\"https:\\\/\\\/www.linkedin.com\\\/company\\\/biocult-srl\\\/\"]}]}<\/script>\n<!-- \/ Yoast SEO plugin. -->","yoast_head_json":{"title":"Selected Cultures for Kefir - Biocult","robots":{"index":"index","follow":"follow","max-snippet":"max-snippet:-1","max-image-preview":"max-image-preview:large","max-video-preview":"max-video-preview:-1"},"canonical":"https:\/\/www.biocult.ro\/en\/product\/selected-cultures-for-kefir\/","og_locale":"en_US","og_type":"article","og_title":"Culturi selec\u021bionate pentru Chefir - Biocult","og_description":"Culturile lactice pentru chefir sunt solu\u021bii starter moderne, dezvoltate pentru ob\u021binerea controlat\u0103 a chefirului, p\u0103str\u00e2nd caracteristicile tradi\u021bionale ale acestui produs fermentat: gust acri\u0219or pl\u0103cut, textur\u0103 cremoas\u0103, u\u0219or efervescent\u0103 \u0219i beneficii func\u021bionale naturale.  Gama permite producerea chefirului prin fermenta\u021bie controlat\u0103, f\u0103r\u0103 utilizarea granulelor tradi\u021bionale, asigur\u00e2nd stabilitate, siguran\u021b\u0103 microbiologic\u0103 \u0219i consisten\u021b\u0103 de la un lot la altul.","og_url":"https:\/\/www.biocult.ro\/en\/product\/selected-cultures-for-kefir\/","og_site_name":"Biocult","article_modified_time":"2026-02-21T14:54:12+00:00","og_image":[{"width":499,"height":387,"url":"https:\/\/www.biocult.ro\/wp-content\/uploads\/2026\/02\/Culturi_selecionate_pentru_Chefir.jpg","type":"image\/jpeg"}],"twitter_card":"summary_large_image","twitter_misc":{"Est. reading time":"1 minute"},"schema":{"@context":"https:\/\/schema.org","@graph":[{"@type":"WebPage","@id":"https:\/\/www.biocult.ro\/product\/culturi-selectionate-pentru-chefir\/","url":"https:\/\/www.biocult.ro\/product\/culturi-selectionate-pentru-chefir\/","name":"Selected Cultures for Kefir - Biocult","isPartOf":{"@id":"https:\/\/www.biocult.ro\/#website"},"primaryImageOfPage":{"@id":"https:\/\/www.biocult.ro\/product\/culturi-selectionate-pentru-chefir\/#primaryimage"},"image":{"@id":"https:\/\/www.biocult.ro\/product\/culturi-selectionate-pentru-chefir\/#primaryimage"},"thumbnailUrl":"https:\/\/www.biocult.ro\/wp-content\/uploads\/2026\/02\/Culturi_selecionate_pentru_Chefir.jpg","datePublished":"2013-06-07T11:33:05+00:00","dateModified":"2026-02-21T14:54:12+00:00","breadcrumb":{"@id":"https:\/\/www.biocult.ro\/product\/culturi-selectionate-pentru-chefir\/#breadcrumb"},"inLanguage":"en-US","potentialAction":[{"@type":"ReadAction","target":["https:\/\/www.biocult.ro\/product\/culturi-selectionate-pentru-chefir\/"]}]},{"@type":"ImageObject","inLanguage":"en-US","@id":"https:\/\/www.biocult.ro\/product\/culturi-selectionate-pentru-chefir\/#primaryimage","url":"https:\/\/www.biocult.ro\/wp-content\/uploads\/2026\/02\/Culturi_selecionate_pentru_Chefir.jpg","contentUrl":"https:\/\/www.biocult.ro\/wp-content\/uploads\/2026\/02\/Culturi_selecionate_pentru_Chefir.jpg","width":499,"height":387},{"@type":"BreadcrumbList","@id":"https:\/\/www.biocult.ro\/product\/culturi-selectionate-pentru-chefir\/#breadcrumb","itemListElement":[{"@type":"ListItem","position":1,"name":"Home","item":"https:\/\/www.biocult.ro\/"},{"@type":"ListItem","position":2,"name":"Produse","item":"https:\/\/www.biocult.ro\/produse\/"},{"@type":"ListItem","position":3,"name":"Culturi selec\u021bionate pentru Chefir"}]},{"@type":"WebSite","@id":"https:\/\/www.biocult.ro\/#website","url":"https:\/\/www.biocult.ro\/","name":"Biocult","description":"Biosolutions for food and health","publisher":{"@id":"https:\/\/www.biocult.ro\/#organization"},"potentialAction":[{"@type":"SearchAction","target":{"@type":"EntryPoint","urlTemplate":"https:\/\/www.biocult.ro\/?s={search_term_string}"},"query-input":{"@type":"PropertyValueSpecification","valueRequired":true,"valueName":"search_term_string"}}],"inLanguage":"en-US"},{"@type":"Organization","@id":"https:\/\/www.biocult.ro\/#organization","name":"Biocult","url":"https:\/\/www.biocult.ro\/","logo":{"@type":"ImageObject","inLanguage":"en-US","@id":"https:\/\/www.biocult.ro\/#\/schema\/logo\/image\/","url":"https:\/\/www.biocult.ro\/wp-content\/uploads\/2025\/10\/Logo-biocult-ro_Biocult-ro-1.svg","contentUrl":"https:\/\/www.biocult.ro\/wp-content\/uploads\/2025\/10\/Logo-biocult-ro_Biocult-ro-1.svg","width":850,"height":269,"caption":"Biocult"},"image":{"@id":"https:\/\/www.biocult.ro\/#\/schema\/logo\/image\/"},"sameAs":["https:\/\/www.linkedin.com\/company\/biocult-srl\/"]}]}},"_links":{"self":[{"href":"https:\/\/www.biocult.ro\/en\/wp-json\/wp\/v2\/product\/900","targetHints":{"allow":["GET"]}}],"collection":[{"href":"https:\/\/www.biocult.ro\/en\/wp-json\/wp\/v2\/product"}],"about":[{"href":"https:\/\/www.biocult.ro\/en\/wp-json\/wp\/v2\/types\/product"}],"version-history":[{"count":0,"href":"https:\/\/www.biocult.ro\/en\/wp-json\/wp\/v2\/product\/900\/revisions"}],"wp:featuredmedia":[{"embeddable":true,"href":"https:\/\/www.biocult.ro\/en\/wp-json\/wp\/v2\/media\/16148"}],"wp:attachment":[{"href":"https:\/\/www.biocult.ro\/en\/wp-json\/wp\/v2\/media?parent=900"}],"wp:term":[{"taxonomy":"product_brand","embeddable":true,"href":"https:\/\/www.biocult.ro\/en\/wp-json\/wp\/v2\/product_brand?post=900"},{"taxonomy":"product_cat","embeddable":true,"href":"https:\/\/www.biocult.ro\/en\/wp-json\/wp\/v2\/product_cat?post=900"},{"taxonomy":"product_tag","embeddable":true,"href":"https:\/\/www.biocult.ro\/en\/wp-json\/wp\/v2\/product_tag?post=900"}],"curies":[{"name":"wp","href":"https:\/\/api.w.org\/{rel}","templated":true}]}}