{"id":903,"date":"2013-06-07T11:36:34","date_gmt":"2013-06-07T11:36:34","guid":{"rendered":"http:\/\/demo2.woothemes.com\/woocommerce\/?post_type=product&#038;p=93"},"modified":"2026-02-21T14:45:00","modified_gmt":"2026-02-21T14:45:00","slug":"culturi-pentru-lactate-fermentate-exact","status":"publish","type":"product","link":"https:\/\/www.biocult.ro\/en\/product\/culturi-pentru-lactate-fermentate-exact\/","title":{"rendered":"Culturi pentru lactate fermentate eXact\u00ae"},"content":{"rendered":"","protected":false},"excerpt":{"rendered":"<p><span style=\"font-weight: 400;\">Gama <strong>eXact\u00ae<\/strong> cuprinde culturi lactice concentrate, dezvoltate special pentru aplica\u021bii lactate mezofile, precum sm\u00e2nt\u00e2n\u0103 fermentat\u0103, chefir, lapte b\u0103tut \u0219i br\u00e2nzeturi proaspete. Solu\u021biile <strong>eXact\u00ae<\/strong> ofer\u0103 produc\u0103torilor control precis asupra gustului, texturii \u0219i stabilit\u0103\u021bii produselor, r\u0103spunz\u00e2nd \u00een acela\u0219i timp cerin\u021belor moderne de reducere a zah\u0103rului, gr\u0103similor \u0219i aditivilor. Prin flexibilitate tehnologic\u0103 \u0219i performan\u021b\u0103 constant\u0103, gama eXact\u00ae sprijin\u0103 optimizarea proceselor \u0219i adaptarea la tendin\u021bele de consum.\u00a0<\/span><\/p>","protected":false},"featured_media":16144,"template":"","meta":[],"product_brand":[],"product_cat":[59,48],"product_tag":[],"class_list":{"0":"post-903","1":"product","2":"type-product","3":"status-publish","4":"has-post-thumbnail","6":"product_cat-culturi-lactice","7":"product_cat-industria-laptelui","8":"pa_aplicatie-vegetale","9":"pa_forma-muraturi","10":"pa_functionalitate-bioprotectie","12":"first","13":"instock","14":"downloadable","15":"shipping-taxable","16":"product-type-simple"},"yoast_head":"<!-- This site is optimized with the Yoast SEO plugin v27.3 - https:\/\/yoast.com\/product\/yoast-seo-wordpress\/ -->\n<title>Culturi pentru lactate fermentate eXact\u00ae - Biocult<\/title>\n<meta name=\"robots\" content=\"index, follow, max-snippet:-1, max-image-preview:large, max-video-preview:-1\" \/>\n<link rel=\"canonical\" href=\"https:\/\/www.biocult.ro\/en\/product\/culturi-pentru-lactate-fermentate-exact\/\" \/>\n<meta property=\"og:locale\" content=\"en_US\" \/>\n<meta property=\"og:type\" content=\"article\" \/>\n<meta property=\"og:title\" content=\"Culturi pentru lactate fermentate eXact\u00ae - Biocult\" \/>\n<meta property=\"og:description\" content=\"Gama eXact\u00ae cuprinde culturi lactice concentrate, dezvoltate special pentru aplica\u021bii lactate mezofile, precum sm\u00e2nt\u00e2n\u0103 fermentat\u0103, chefir, lapte b\u0103tut \u0219i br\u00e2nzeturi proaspete. Solu\u021biile eXact\u00ae ofer\u0103 produc\u0103torilor control precis asupra gustului, texturii \u0219i stabilit\u0103\u021bii produselor, r\u0103spunz\u00e2nd \u00een acela\u0219i timp cerin\u021belor moderne de reducere a zah\u0103rului, gr\u0103similor \u0219i aditivilor. Prin flexibilitate tehnologic\u0103 \u0219i performan\u021b\u0103 constant\u0103, gama eXact\u00ae sprijin\u0103 optimizarea proceselor \u0219i adaptarea la tendin\u021bele de consum.\u00a0\" \/>\n<meta property=\"og:url\" content=\"https:\/\/www.biocult.ro\/en\/product\/culturi-pentru-lactate-fermentate-exact\/\" \/>\n<meta property=\"og:site_name\" content=\"Biocult\" \/>\n<meta property=\"article:modified_time\" content=\"2026-02-21T14:45:00+00:00\" \/>\n<meta property=\"og:image\" content=\"https:\/\/www.biocult.ro\/wp-content\/uploads\/2026\/02\/Culturi_pentru_lactate_fermentate_eXact.jpg\" \/>\n\t<meta property=\"og:image:width\" content=\"499\" \/>\n\t<meta property=\"og:image:height\" content=\"387\" \/>\n\t<meta property=\"og:image:type\" content=\"image\/jpeg\" \/>\n<meta name=\"twitter:card\" content=\"summary_large_image\" \/>\n<meta name=\"twitter:label1\" content=\"Est. reading time\" \/>\n\t<meta name=\"twitter:data1\" content=\"1 minute\" \/>\n<script type=\"application\/ld+json\" class=\"yoast-schema-graph\">{\"@context\":\"https:\\\/\\\/schema.org\",\"@graph\":[{\"@type\":\"WebPage\",\"@id\":\"https:\\\/\\\/www.biocult.ro\\\/product\\\/culturi-pentru-lactate-fermentate-exact\\\/\",\"url\":\"https:\\\/\\\/www.biocult.ro\\\/product\\\/culturi-pentru-lactate-fermentate-exact\\\/\",\"name\":\"Culturi pentru lactate fermentate eXact\u00ae - Biocult\",\"isPartOf\":{\"@id\":\"https:\\\/\\\/www.biocult.ro\\\/#website\"},\"primaryImageOfPage\":{\"@id\":\"https:\\\/\\\/www.biocult.ro\\\/product\\\/culturi-pentru-lactate-fermentate-exact\\\/#primaryimage\"},\"image\":{\"@id\":\"https:\\\/\\\/www.biocult.ro\\\/product\\\/culturi-pentru-lactate-fermentate-exact\\\/#primaryimage\"},\"thumbnailUrl\":\"https:\\\/\\\/www.biocult.ro\\\/wp-content\\\/uploads\\\/2026\\\/02\\\/Culturi_pentru_lactate_fermentate_eXact.jpg\",\"datePublished\":\"2013-06-07T11:36:34+00:00\",\"dateModified\":\"2026-02-21T14:45:00+00:00\",\"breadcrumb\":{\"@id\":\"https:\\\/\\\/www.biocult.ro\\\/product\\\/culturi-pentru-lactate-fermentate-exact\\\/#breadcrumb\"},\"inLanguage\":\"en-US\",\"potentialAction\":[{\"@type\":\"ReadAction\",\"target\":[\"https:\\\/\\\/www.biocult.ro\\\/product\\\/culturi-pentru-lactate-fermentate-exact\\\/\"]}]},{\"@type\":\"ImageObject\",\"inLanguage\":\"en-US\",\"@id\":\"https:\\\/\\\/www.biocult.ro\\\/product\\\/culturi-pentru-lactate-fermentate-exact\\\/#primaryimage\",\"url\":\"https:\\\/\\\/www.biocult.ro\\\/wp-content\\\/uploads\\\/2026\\\/02\\\/Culturi_pentru_lactate_fermentate_eXact.jpg\",\"contentUrl\":\"https:\\\/\\\/www.biocult.ro\\\/wp-content\\\/uploads\\\/2026\\\/02\\\/Culturi_pentru_lactate_fermentate_eXact.jpg\",\"width\":499,\"height\":387},{\"@type\":\"BreadcrumbList\",\"@id\":\"https:\\\/\\\/www.biocult.ro\\\/product\\\/culturi-pentru-lactate-fermentate-exact\\\/#breadcrumb\",\"itemListElement\":[{\"@type\":\"ListItem\",\"position\":1,\"name\":\"Home\",\"item\":\"https:\\\/\\\/www.biocult.ro\\\/\"},{\"@type\":\"ListItem\",\"position\":2,\"name\":\"Produse\",\"item\":\"https:\\\/\\\/www.biocult.ro\\\/produse\\\/\"},{\"@type\":\"ListItem\",\"position\":3,\"name\":\"Culturi pentru lactate fermentate eXact\u00ae\"}]},{\"@type\":\"WebSite\",\"@id\":\"https:\\\/\\\/www.biocult.ro\\\/#website\",\"url\":\"https:\\\/\\\/www.biocult.ro\\\/\",\"name\":\"Biocult\",\"description\":\"Biosolutii pentru alimente si sanatate\",\"publisher\":{\"@id\":\"https:\\\/\\\/www.biocult.ro\\\/#organization\"},\"potentialAction\":[{\"@type\":\"SearchAction\",\"target\":{\"@type\":\"EntryPoint\",\"urlTemplate\":\"https:\\\/\\\/www.biocult.ro\\\/?s={search_term_string}\"},\"query-input\":{\"@type\":\"PropertyValueSpecification\",\"valueRequired\":true,\"valueName\":\"search_term_string\"}}],\"inLanguage\":\"en-US\"},{\"@type\":\"Organization\",\"@id\":\"https:\\\/\\\/www.biocult.ro\\\/#organization\",\"name\":\"Biocult\",\"url\":\"https:\\\/\\\/www.biocult.ro\\\/\",\"logo\":{\"@type\":\"ImageObject\",\"inLanguage\":\"en-US\",\"@id\":\"https:\\\/\\\/www.biocult.ro\\\/#\\\/schema\\\/logo\\\/image\\\/\",\"url\":\"https:\\\/\\\/www.biocult.ro\\\/wp-content\\\/uploads\\\/2025\\\/10\\\/Logo-biocult-ro_Biocult-ro-1.svg\",\"contentUrl\":\"https:\\\/\\\/www.biocult.ro\\\/wp-content\\\/uploads\\\/2025\\\/10\\\/Logo-biocult-ro_Biocult-ro-1.svg\",\"width\":850,\"height\":269,\"caption\":\"Biocult\"},\"image\":{\"@id\":\"https:\\\/\\\/www.biocult.ro\\\/#\\\/schema\\\/logo\\\/image\\\/\"},\"sameAs\":[\"https:\\\/\\\/www.linkedin.com\\\/company\\\/biocult-srl\\\/\"]}]}<\/script>\n<!-- \/ Yoast SEO plugin. -->","yoast_head_json":{"title":"Culturi pentru lactate fermentate eXact\u00ae - Biocult","robots":{"index":"index","follow":"follow","max-snippet":"max-snippet:-1","max-image-preview":"max-image-preview:large","max-video-preview":"max-video-preview:-1"},"canonical":"https:\/\/www.biocult.ro\/en\/product\/culturi-pentru-lactate-fermentate-exact\/","og_locale":"en_US","og_type":"article","og_title":"Culturi pentru lactate fermentate eXact\u00ae - Biocult","og_description":"Gama eXact\u00ae cuprinde culturi lactice concentrate, dezvoltate special pentru aplica\u021bii lactate mezofile, precum sm\u00e2nt\u00e2n\u0103 fermentat\u0103, chefir, lapte b\u0103tut \u0219i br\u00e2nzeturi proaspete. Solu\u021biile eXact\u00ae ofer\u0103 produc\u0103torilor control precis asupra gustului, texturii \u0219i stabilit\u0103\u021bii produselor, r\u0103spunz\u00e2nd \u00een acela\u0219i timp cerin\u021belor moderne de reducere a zah\u0103rului, gr\u0103similor \u0219i aditivilor. Prin flexibilitate tehnologic\u0103 \u0219i performan\u021b\u0103 constant\u0103, gama eXact\u00ae sprijin\u0103 optimizarea proceselor \u0219i adaptarea la tendin\u021bele de consum.\u00a0","og_url":"https:\/\/www.biocult.ro\/en\/product\/culturi-pentru-lactate-fermentate-exact\/","og_site_name":"Biocult","article_modified_time":"2026-02-21T14:45:00+00:00","og_image":[{"width":499,"height":387,"url":"https:\/\/www.biocult.ro\/wp-content\/uploads\/2026\/02\/Culturi_pentru_lactate_fermentate_eXact.jpg","type":"image\/jpeg"}],"twitter_card":"summary_large_image","twitter_misc":{"Est. reading time":"1 minute"},"schema":{"@context":"https:\/\/schema.org","@graph":[{"@type":"WebPage","@id":"https:\/\/www.biocult.ro\/product\/culturi-pentru-lactate-fermentate-exact\/","url":"https:\/\/www.biocult.ro\/product\/culturi-pentru-lactate-fermentate-exact\/","name":"Culturi pentru lactate fermentate eXact\u00ae - Biocult","isPartOf":{"@id":"https:\/\/www.biocult.ro\/#website"},"primaryImageOfPage":{"@id":"https:\/\/www.biocult.ro\/product\/culturi-pentru-lactate-fermentate-exact\/#primaryimage"},"image":{"@id":"https:\/\/www.biocult.ro\/product\/culturi-pentru-lactate-fermentate-exact\/#primaryimage"},"thumbnailUrl":"https:\/\/www.biocult.ro\/wp-content\/uploads\/2026\/02\/Culturi_pentru_lactate_fermentate_eXact.jpg","datePublished":"2013-06-07T11:36:34+00:00","dateModified":"2026-02-21T14:45:00+00:00","breadcrumb":{"@id":"https:\/\/www.biocult.ro\/product\/culturi-pentru-lactate-fermentate-exact\/#breadcrumb"},"inLanguage":"en-US","potentialAction":[{"@type":"ReadAction","target":["https:\/\/www.biocult.ro\/product\/culturi-pentru-lactate-fermentate-exact\/"]}]},{"@type":"ImageObject","inLanguage":"en-US","@id":"https:\/\/www.biocult.ro\/product\/culturi-pentru-lactate-fermentate-exact\/#primaryimage","url":"https:\/\/www.biocult.ro\/wp-content\/uploads\/2026\/02\/Culturi_pentru_lactate_fermentate_eXact.jpg","contentUrl":"https:\/\/www.biocult.ro\/wp-content\/uploads\/2026\/02\/Culturi_pentru_lactate_fermentate_eXact.jpg","width":499,"height":387},{"@type":"BreadcrumbList","@id":"https:\/\/www.biocult.ro\/product\/culturi-pentru-lactate-fermentate-exact\/#breadcrumb","itemListElement":[{"@type":"ListItem","position":1,"name":"Home","item":"https:\/\/www.biocult.ro\/"},{"@type":"ListItem","position":2,"name":"Produse","item":"https:\/\/www.biocult.ro\/produse\/"},{"@type":"ListItem","position":3,"name":"Culturi pentru lactate fermentate eXact\u00ae"}]},{"@type":"WebSite","@id":"https:\/\/www.biocult.ro\/#website","url":"https:\/\/www.biocult.ro\/","name":"Biocult","description":"Biosolutii pentru alimente si sanatate","publisher":{"@id":"https:\/\/www.biocult.ro\/#organization"},"potentialAction":[{"@type":"SearchAction","target":{"@type":"EntryPoint","urlTemplate":"https:\/\/www.biocult.ro\/?s={search_term_string}"},"query-input":{"@type":"PropertyValueSpecification","valueRequired":true,"valueName":"search_term_string"}}],"inLanguage":"en-US"},{"@type":"Organization","@id":"https:\/\/www.biocult.ro\/#organization","name":"Biocult","url":"https:\/\/www.biocult.ro\/","logo":{"@type":"ImageObject","inLanguage":"en-US","@id":"https:\/\/www.biocult.ro\/#\/schema\/logo\/image\/","url":"https:\/\/www.biocult.ro\/wp-content\/uploads\/2025\/10\/Logo-biocult-ro_Biocult-ro-1.svg","contentUrl":"https:\/\/www.biocult.ro\/wp-content\/uploads\/2025\/10\/Logo-biocult-ro_Biocult-ro-1.svg","width":850,"height":269,"caption":"Biocult"},"image":{"@id":"https:\/\/www.biocult.ro\/#\/schema\/logo\/image\/"},"sameAs":["https:\/\/www.linkedin.com\/company\/biocult-srl\/"]}]}},"_links":{"self":[{"href":"https:\/\/www.biocult.ro\/en\/wp-json\/wp\/v2\/product\/903","targetHints":{"allow":["GET"]}}],"collection":[{"href":"https:\/\/www.biocult.ro\/en\/wp-json\/wp\/v2\/product"}],"about":[{"href":"https:\/\/www.biocult.ro\/en\/wp-json\/wp\/v2\/types\/product"}],"version-history":[{"count":4,"href":"https:\/\/www.biocult.ro\/en\/wp-json\/wp\/v2\/product\/903\/revisions"}],"predecessor-version":[{"id":15082,"href":"https:\/\/www.biocult.ro\/en\/wp-json\/wp\/v2\/product\/903\/revisions\/15082"}],"wp:featuredmedia":[{"embeddable":true,"href":"https:\/\/www.biocult.ro\/en\/wp-json\/wp\/v2\/media\/16144"}],"wp:attachment":[{"href":"https:\/\/www.biocult.ro\/en\/wp-json\/wp\/v2\/media?parent=903"}],"wp:term":[{"taxonomy":"product_brand","embeddable":true,"href":"https:\/\/www.biocult.ro\/en\/wp-json\/wp\/v2\/product_brand?post=903"},{"taxonomy":"product_cat","embeddable":true,"href":"https:\/\/www.biocult.ro\/en\/wp-json\/wp\/v2\/product_cat?post=903"},{"taxonomy":"product_tag","embeddable":true,"href":"https:\/\/www.biocult.ro\/en\/wp-json\/wp\/v2\/product_tag?post=903"}],"curies":[{"name":"wp","href":"https:\/\/api.w.org\/{rel}","templated":true}]}}